{"id":7171,"date":"2025-08-09T00:11:47","date_gmt":"2025-08-09T00:11:47","guid":{"rendered":"https:\/\/lightgray-crow-170497.hostingersite.com\/?post_type=product&#038;p=7171"},"modified":"2025-09-30T21:17:20","modified_gmt":"2025-09-30T21:17:20","slug":"moulinex-hf809-1550-w-45-l-negro-hf809820","status":"publish","type":"product","link":"https:\/\/routinesfashione.com\/en\/produit\/moulinex-hf809-1550-w-45-l-negro-hf809820\/","title":{"rendered":"Moulinex Hf809 1550 W 4,5 L Negro hf809820"},"content":{"rendered":"<div class=\"mc-accordion__header\"><\/div>\n<div id=\"featuresAccordion__content\" class=\"mc-accordion__content js-accordion__content\" aria-hidden=\"false\" aria-labelledby=\"featuresAccordion\">\n<div class=\"o-product-detail-informations__accordion-content\">\n<div class=\"o-product-detail-informations__description\">\n<p>Moulinex HF809. Capacidad del taz\u00f3n: 4,5 L, Temperatura de cocci\u00f3n (m\u00e1x.): 150 \u00b0C, Velocidad de rotaci\u00f3n (m\u00e1x.): 16000 RPM. Color del producto: Negro, Tipo de control: Botones, Tocar, Material del taz\u00f3n: Acero inoxidable. Potencia m\u00e1xima: 1550 W. Ancho: 310 mm, Profundidad: 350 mm, Altura: 320 mm. Ancho del paquete: 399 mm, Profundidad del paquete: 356 mm, Altura del paquete: 410 mm<\/p>\n<\/div>\n<table class=\"o-product-features\" role=\"presentation\" data-cerberus=\"TABLE_AttributesProduct\">\n<caption class=\"kl-hidden-accessibility\">\u00a0<\/caption>\n<tbody>\n<tr class=\"m-product-attr-row\">\n<th class=\"m-product-attr-row__name\" scope=\"row\">Tipo de producto<\/th>\n<td class=\"m-product-attr-row__value\">Procesador de alimentos multifuncional<\/td>\n<\/tr>\n<tr class=\"m-product-attr-row\">\n<th class=\"m-product-attr-row__name\" scope=\"row\">Marca del producto<\/th>\n<td class=\"m-product-attr-row__value\">MOULINEX<\/td>\n<\/tr>\n<\/tbody>\n<\/table>\n<\/div>\n<\/div>","protected":false},"excerpt":{"rendered":"<p>Moulinex HF809. Capacidad del taz\u00f3n: 4,5 L, Temperatura de cocci\u00f3n (m\u00e1x.): 150 \u00b0C, Velocidad de rotaci\u00f3n (m\u00e1x.): 16000 RPM. Color<\/p>","protected":false},"featured_media":18574,"template":"","meta":[],"product_brand":[],"product_cat":[74],"product_tag":[75],"product_country":[1505],"class_list":{"0":"post-7171","1":"product","2":"type-product","3":"status-publish","4":"has-post-thumbnail","6":"product_cat-kitchen-appliances","7":"product_tag-kitchen-appliances","8":"product_country-spain","10":"first","11":"instock","12":"sale","13":"taxable","14":"shipping-taxable","15":"purchasable","16":"product-type-simple"},"_links":{"self":[{"href":"https:\/\/routinesfashione.com\/en\/wp-json\/wp\/v2\/product\/7171","targetHints":{"allow":["GET"]}}],"collection":[{"href":"https:\/\/routinesfashione.com\/en\/wp-json\/wp\/v2\/product"}],"about":[{"href":"https:\/\/routinesfashione.com\/en\/wp-json\/wp\/v2\/types\/product"}],"wp:featuredmedia":[{"embeddable":true,"href":"https:\/\/routinesfashione.com\/en\/wp-json\/wp\/v2\/media\/18574"}],"wp:attachment":[{"href":"https:\/\/routinesfashione.com\/en\/wp-json\/wp\/v2\/media?parent=7171"}],"wp:term":[{"taxonomy":"product_brand","embeddable":true,"href":"https:\/\/routinesfashione.com\/en\/wp-json\/wp\/v2\/product_brand?post=7171"},{"taxonomy":"product_cat","embeddable":true,"href":"https:\/\/routinesfashione.com\/en\/wp-json\/wp\/v2\/product_cat?post=7171"},{"taxonomy":"product_tag","embeddable":true,"href":"https:\/\/routinesfashione.com\/en\/wp-json\/wp\/v2\/product_tag?post=7171"},{"taxonomy":"product_country","embeddable":true,"href":"https:\/\/routinesfashione.com\/en\/wp-json\/wp\/v2\/product_country?post=7171"}],"curies":[{"name":"wp","href":"https:\/\/api.w.org\/{rel}","templated":true}]}}