{"id":7199,"date":"2025-08-09T00:43:20","date_gmt":"2025-08-09T00:43:20","guid":{"rendered":"https:\/\/lightgray-crow-170497.hostingersite.com\/?post_type=product&#038;p=7199"},"modified":"2025-09-30T21:17:22","modified_gmt":"2025-09-30T21:17:22","slug":"robot-de-cocina-inteligente-tkg-ha-1020-blanco-kalorik","status":"publish","type":"product","link":"https:\/\/routinesfashione.com\/en\/produit\/robot-de-cocina-inteligente-tkg-ha-1020-blanco-kalorik\/","title":{"rendered":"Robot de cocina inteligente TKG HA 1020 Blanco Kalorik"},"content":{"rendered":"<h2 class=\"default\">Descripci\u00f3n del producto<\/h2>\n<div id=\"productDescription\" class=\"a-section a-spacing-small\">\n<p>Un asistente \u00fanico para ahorrar tiempo y espacio El robot de cocina TKG HA 1020 es tu asistente personal: f\u00e1cil de usar, vers\u00e1til y simplemente imprescindible en tu cocina. Con su dise\u00f1o elegante y sus numerosos accesorios, es la mano que siempre te ha perdido en tu cocina. Solo un dispositivo reemplazar\u00e1 a muchos otros y te ayudar\u00e1 a crear delicias culinarias dignas de un chef \u2013 un regalo para ti y para tu familia. El robot de cocina es extremadamente f\u00e1cil de usar, sin necesidad de estudiar instrucciones complicadas o hacer largas instalaciones Wi-Fi. Puede ajustar la duraci\u00f3n, la temperatura y la velocidad con el dial y con un solo clic de un bot\u00f3n. Esto significa que puede dedicar menos tiempo detr\u00e1s de los hornos y m\u00e1s a las cosas que ama. Adem\u00e1s, todas las piezas no el\u00e9ctricas son aptas para lavavajillas para ahorrar tiempo adicional. El Kalorik HA 1020 es una soluci\u00f3n que ahorra tiempo y espacio para una cocina m\u00e1s saludable y para la f\u00e1cil preparaci\u00f3n de comidas simples pero tambi\u00e9n sofisticadas. \u00bfSuena demasiado bueno para ser verdad? \u00a1Ve a una aventura culinaria, es muy simple, \u00e9xito garantizado! Potente y bien dise\u00f1ado Independientemente de la destreza culinaria que desee lograr, el TKG HA 1020 tiene el accesorio adecuado. Un potente motor de 1500 W le permitir\u00e1 trabajar de manera eficiente y en poco tiempo. La b\u00e1scula de cocina le permite pesar sus ingredientes con gran precisi\u00f3n, ideal para sus recetas. Prepare deliciosos batidos, batidos, sopas o hummus con la cuchilla de mezcla, cocine al vapor pescado, alb\u00f3ndigas y verduras con la cesta de vapor, bata las cremas y los huevos o prepare mayonesa casera con la batidora de mariposa o amase la masa de pizza y pan casera con el gancho amasador. Desde la entrada al postre, su procesador de cocina lo acompa\u00f1ar\u00e1 en cada paso de su viaje culinario. Cualquiera que sea el desaf\u00edo que lanzar\u00e1 a su robot de cocina Kalorik, se ver\u00e1 deslumbrado por el resultado.<\/p>\n<h2>Informaci\u00f3n de producto<\/h2>\n<div class=\"a-row\">\n<div class=\"a-column a-span12 a-span-last\">\n<div class=\"a-row a-spacing-top-base\">\n<div class=\"a-column a-span6\">\n<div class=\"a-row a-spacing-base\">\n<div class=\"a-row a-expander-container a-expander-extend-container\">\n<div class=\"a-row\">\n<div class=\"a-column a-span6\">\n<h1 class=\"a-size-medium a-spacing-small\">Detalles t\u00e9cnicos<\/h1>\n<\/div>\n<\/div>\n<div class=\"a-expander-content a-expander-extend-content\" data-expanded=\"true\">\n<div class=\"a-row a-expander-container a-expander-inline-container\">\n<div class=\"a-expander-content a-expander-section-content a-section-expander-inner\" data-expanded=\"true\">\n<table id=\"productDetails_techSpec_section_1\" class=\"a-keyvalue prodDetTable\">\n<tbody>\n<tr>\n<th class=\"a-color-secondary a-size-base prodDetSectionEntry\">Marca<\/th>\n<td class=\"a-size-base prodDetAttrValue\">\u200eKalorik<\/td>\n<\/tr>\n<tr>\n<th class=\"a-color-secondary a-size-base prodDetSectionEntry\">N\u00famero de modelo<\/th>\n<td class=\"a-size-base prodDetAttrValue\">\u200eTKG HA 1020<\/td>\n<\/tr>\n<tr>\n<th class=\"a-color-secondary a-size-base prodDetSectionEntry\">Color<\/th>\n<td class=\"a-size-base prodDetAttrValue\">\u200eBlanco<\/td>\n<\/tr>\n<tr>\n<th class=\"a-color-secondary a-size-base prodDetSectionEntry\">Dimensiones del producto<\/th>\n<td class=\"a-size-base prodDetAttrValue\">\u200e40 x 22 x 31 cm; 9 kg<\/td>\n<\/tr>\n<tr>\n<th class=\"a-color-secondary a-size-base prodDetSectionEntry\">Capacidad<\/th>\n<td class=\"a-size-base prodDetAttrValue\">\u200e2 Kilogramos<\/td>\n<\/tr>\n<tr>\n<th class=\"a-color-secondary a-size-base prodDetSectionEntry\">Apagado autom\u00e1tico<\/th>\n<td class=\"a-size-base prodDetAttrValue\">\u200eS\u00ed<\/td>\n<\/tr>\n<tr>\n<th class=\"a-color-secondary a-size-base prodDetSectionEntry\">N\u00famero de velocidades<\/th>\n<td class=\"a-size-base prodDetAttrValue\">\u200e10<\/td>\n<\/tr>\n<tr>\n<th class=\"a-color-secondary a-size-base prodDetSectionEntry\">Caracter\u00edsticas especiales<\/th>\n<td class=\"a-size-base prodDetAttrValue\">\u200eCierre de seguridad<\/td>\n<\/tr>\n<tr>\n<th class=\"a-color-secondary a-size-base prodDetSectionEntry\">Peso del producto<\/th>\n<td class=\"a-size-base prodDetAttrValue\">\u200e9 kg<\/td>\n<\/tr>\n<\/tbody>\n<\/table>\n<\/div>\n<\/div>\n<\/div>\n<\/div>\n<\/div>\n<\/div>\n<\/div>\n<\/div>\n<\/div>\n<\/div>","protected":false},"excerpt":{"rendered":"<p>Descripci\u00f3n del producto Un asistente \u00fanico para ahorrar tiempo y espacio El robot de cocina TKG HA 1020 es tu<\/p>","protected":false},"featured_media":18596,"template":"","meta":[],"product_brand":[],"product_cat":[74],"product_tag":[75],"product_country":[1505],"class_list":{"0":"post-7199","1":"product","2":"type-product","3":"status-publish","4":"has-post-thumbnail","6":"product_cat-kitchen-appliances","7":"product_tag-kitchen-appliances","8":"product_country-spain","10":"first","11":"instock","12":"sale","13":"taxable","14":"shipping-taxable","15":"purchasable","16":"product-type-simple"},"_links":{"self":[{"href":"https:\/\/routinesfashione.com\/en\/wp-json\/wp\/v2\/product\/7199","targetHints":{"allow":["GET"]}}],"collection":[{"href":"https:\/\/routinesfashione.com\/en\/wp-json\/wp\/v2\/product"}],"about":[{"href":"https:\/\/routinesfashione.com\/en\/wp-json\/wp\/v2\/types\/product"}],"wp:featuredmedia":[{"embeddable":true,"href":"https:\/\/routinesfashione.com\/en\/wp-json\/wp\/v2\/media\/18596"}],"wp:attachment":[{"href":"https:\/\/routinesfashione.com\/en\/wp-json\/wp\/v2\/media?parent=7199"}],"wp:term":[{"taxonomy":"product_brand","embeddable":true,"href":"https:\/\/routinesfashione.com\/en\/wp-json\/wp\/v2\/product_brand?post=7199"},{"taxonomy":"product_cat","embeddable":true,"href":"https:\/\/routinesfashione.com\/en\/wp-json\/wp\/v2\/product_cat?post=7199"},{"taxonomy":"product_tag","embeddable":true,"href":"https:\/\/routinesfashione.com\/en\/wp-json\/wp\/v2\/product_tag?post=7199"},{"taxonomy":"product_country","embeddable":true,"href":"https:\/\/routinesfashione.com\/en\/wp-json\/wp\/v2\/product_country?post=7199"}],"curies":[{"name":"wp","href":"https:\/\/api.w.org\/{rel}","templated":true}]}}