{"id":7215,"date":"2025-08-09T00:51:05","date_gmt":"2025-08-09T00:51:05","guid":{"rendered":"https:\/\/lightgray-crow-170497.hostingersite.com\/?post_type=product&#038;p=7215"},"modified":"2025-09-30T21:17:22","modified_gmt":"2025-09-30T21:17:22","slug":"horno-vapor-balay-3ha5829n3","status":"publish","type":"product","link":"https:\/\/routinesfashione.com\/en\/produit\/horno-vapor-balay-3ha5829n3\/","title":{"rendered":"Horno de vapor Balay 3HA5829N3"},"content":{"rendered":"<p>Descubre lo \u00faltimo en tecnolog\u00eda con el\u00a0<strong>horno Balay 3HA5829N3<\/strong>\u00a0de color cristal negro. Este electrodom\u00e9stico de 60 cm de tama\u00f1o presenta funciones avanzadas que nacen de la combinaci\u00f3n perfecta entre est\u00e9tica y funcionalidad. El modelo Balay 3HA5829N3 es una elecci\u00f3n segura y eficiente para cualquiera que necesite un herramienta pr\u00e1ctica y poderosa en su cocina.<\/p>\n<div class=\"ecode_container_content\">\n<h2 class=\"ecode_product_custom_title\">Caracter\u00edsticas t\u00e9cnicas<\/h2>\n<div class=\"ecode_container_content\">\n<table border=\"1\">\n<colgroup>\n<col \/>\n<col \/><\/colgroup>\n<tbody>\n<tr>\n<td>Color<\/td>\n<td>Negro<\/td>\n<\/tr>\n<tr>\n<td>Display<\/td>\n<td>LED Blanco, Control T\u00e1ctil<\/td>\n<\/tr>\n<tr>\n<td>N\u00famero de modos de calentamiento<\/td>\n<td>8<\/td>\n<\/tr>\n<tr>\n<td>M\u00e9todo de cocci\u00f3n<\/td>\n<td>\n<ul>\n<li>Aire Caliente Suave<\/li>\n<li>Grill Total<\/li>\n<li>Aire Caliente<\/li>\n<li>Horno de Le\u00f1a<\/li>\n<li>Turbo Grill<\/li>\n<li>Fritura por Aire<\/li>\n<li>Hornear<\/li>\n<\/ul>\n<\/td>\n<\/tr>\n<tr>\n<td>Tecnolog\u00eda de vapor<\/td>\n<td>Adici\u00f3n de Vapor<\/td>\n<\/tr>\n<tr>\n<td>Sistema de limpieza<\/td>\n<td>Pirol\u00edtico + Hidrol\u00edtico<\/td>\n<\/tr>\n<tr>\n<td>Sistema para colocar las bandejas<\/td>\n<td>Ra\u00edles Flex<\/td>\n<\/tr>\n<tr>\n<td>Apertura de la puerta<\/td>\n<td>Puerta Abatible<\/td>\n<\/tr>\n<tr>\n<td>Volumen \u00fatil<\/td>\n<td>71 Litros<\/td>\n<\/tr>\n<tr>\n<td>Home Connect<\/td>\n<td>NO<\/td>\n<\/tr>\n<tr>\n<td>Clase de eficiencia energ\u00e9tica<\/td>\n<td>Clase A+<\/td>\n<\/tr>\n<tr>\n<td>Dispositivo de seguridad<\/td>\n<td>\n<ul>\n<li>Desconexi\u00f3n Seguridad Horno<\/li>\n<li>Tecla de Inicio<\/li>\n<li>Seguro Para Ni\u00f1os<\/li>\n<li>Cierre de Puerta Electr\u00f3nico<\/li>\n<\/ul>\n<\/td>\n<\/tr>\n<tr>\n<td>Accesorios incluidos<\/td>\n<td>\n<ul>\n<li>1 x Parrilla Profesional<\/li>\n<li>1 x Bandeja Universal<\/li>\n<li>1 x Bandeja de Cocci\u00f3n Air Fry<\/li>\n<\/ul>\n<\/td>\n<\/tr>\n<\/tbody>\n<\/table>\n<\/div>\n<\/div>","protected":false},"excerpt":{"rendered":"<p>Descubre lo \u00faltimo en tecnolog\u00eda con el\u00a0horno Balay 3HA5829N3\u00a0de color cristal negro. Este electrodom\u00e9stico de 60 cm de tama\u00f1o presenta<\/p>","protected":false},"featured_media":18610,"template":"","meta":[],"product_brand":[],"product_cat":[74],"product_tag":[75],"product_country":[1505],"class_list":{"0":"post-7215","1":"product","2":"type-product","3":"status-publish","4":"has-post-thumbnail","6":"product_cat-kitchen-appliances","7":"product_tag-kitchen-appliances","8":"product_country-spain","10":"first","11":"instock","12":"sale","13":"taxable","14":"shipping-taxable","15":"purchasable","16":"product-type-simple"},"_links":{"self":[{"href":"https:\/\/routinesfashione.com\/en\/wp-json\/wp\/v2\/product\/7215","targetHints":{"allow":["GET"]}}],"collection":[{"href":"https:\/\/routinesfashione.com\/en\/wp-json\/wp\/v2\/product"}],"about":[{"href":"https:\/\/routinesfashione.com\/en\/wp-json\/wp\/v2\/types\/product"}],"wp:featuredmedia":[{"embeddable":true,"href":"https:\/\/routinesfashione.com\/en\/wp-json\/wp\/v2\/media\/18610"}],"wp:attachment":[{"href":"https:\/\/routinesfashione.com\/en\/wp-json\/wp\/v2\/media?parent=7215"}],"wp:term":[{"taxonomy":"product_brand","embeddable":true,"href":"https:\/\/routinesfashione.com\/en\/wp-json\/wp\/v2\/product_brand?post=7215"},{"taxonomy":"product_cat","embeddable":true,"href":"https:\/\/routinesfashione.com\/en\/wp-json\/wp\/v2\/product_cat?post=7215"},{"taxonomy":"product_tag","embeddable":true,"href":"https:\/\/routinesfashione.com\/en\/wp-json\/wp\/v2\/product_tag?post=7215"},{"taxonomy":"product_country","embeddable":true,"href":"https:\/\/routinesfashione.com\/en\/wp-json\/wp\/v2\/product_country?post=7215"}],"curies":[{"name":"wp","href":"https:\/\/api.w.org\/{rel}","templated":true}]}}