{"id":7259,"date":"2025-08-09T08:42:21","date_gmt":"2025-08-09T08:42:21","guid":{"rendered":"https:\/\/lightgray-crow-170497.hostingersite.com\/?post_type=product&#038;p=7259"},"modified":"2025-09-30T21:17:26","modified_gmt":"2025-09-30T21:17:26","slug":"robot-de-cocina-inteligente-xiaomi","status":"publish","type":"product","link":"https:\/\/routinesfashione.com\/en\/produit\/robot-de-cocina-inteligente-xiaomi\/","title":{"rendered":"Robot de cocina inteligente Xiaomi"},"content":{"rendered":"<h2>El MasterChef de Xiaomi<\/h2>\n<p>Por fin, llegan a nuestros almacenes el Xiaomi Smart Cooking Robot, el primer robot de cocina de la marca. Es un robot vers\u00e1til y potente, que se adapta perfectamente a tus necesidades.<\/p>\n<p>Con las ocho funciones culinarias especializadas, es capaz de preparar cualquier plato. Adem\u00e1s, con tanta variedad de habilidad culinaria, aportar\u00e1 un sin fin de posibilidades a tu cocina.<\/p>\n<h2>35 en 1 m\u00e1quina<\/h2>\n<p>Dale un uso eficiente y aprovecha al m\u00e1ximo el espacio de tu cocina con el nuevo Xiaomi Smart Cooking Robot. Dado que el nuevo maestro de cocina re\u00fane varias funciones en una, ya no necesitaras mantener el espacio ocupado con otros electrodom\u00e9sticos, que usaras de vez en cuando o casi nunca. Ahora tu dinero y cuida del medio ambiente utilizando una sola herramienta para todas las tareas.<\/p>\n<h2>Xiaomi Smart Cooking Robor tiene motor conmutado<\/h2>\n<p>El nuevo robot de cocina de Xiaomi tiene un motor de reluctancia autoconmutado, capaz de cambiar de saltear a moler en un instante.<\/p>\n<p>Con el motor de alta potencia, la puede transformar directamente, a una velocidad de rotaci\u00f3n que oscila entre 40 rpm y las 12.000 rpm. Con las bajas velocidades se puede saltear y con las altas se muele extrafino. Adem\u00e1s, las cuchillas cambian el sentido de rotaci\u00f3n en funci\u00f3n de tus necesidades, girando en el sentido del reloj para picar y se remueve girando al rev\u00e9s. Girando las cuchillas en direcciones contrarias simult\u00e1neamente, es ideal para amasar.<\/p>\n<h2>M\u00e1s de 200 recetas de chefs integradas<\/h2>\n<p>Puedes cocinar muy f\u00e1cil alimentos deliciosos de todo el planeta, asombrando a tu familia y a tus invitados con una gran variedad de platos impresionantes.<\/p>\n<p>Con la pantalla t\u00e1ctil de 8 pulgadas, tienes una visi\u00f3n clara de lo que se est\u00e1 cocinando. La experiencia de cocina es completamente nueva. Ahora puedes ver claramente la receta que est\u00e1s haciendo, adem\u00e1s la gu\u00eda paso a paso es f\u00e1cil de seguir y con especificaciones claras.<\/p>\n<p><strong>Xiaomi Smart Cooking Robot cocina 3 platos a la vez<\/strong><\/p>\n<p>Gracias a la combinaci\u00f3n de la olla principal con la vaporera y el cestillo puedes cocinar tres platos a la vez, acabando los platos de tu cena favorita al mismo tiempo, ideal para sentarte a comer con tu familia.<\/p>\n<p>Y para que todo salga perfecto, los ingredientes se pesan con una precisi\u00f3n que da lugar a un m\u00e1ximo un gramo de error. Se acab\u00f3 lo de medir al ojo.<\/p>\n<p><strong>Limpio de un solo toque<\/strong><\/p>\n<p>El dise\u00f1o del Xiaomi Smart Cooking Robot te permite lavar las frutas y las verduras de un solo toque, manteniendo tus manos libres para completar otras tareas.<\/p>\n<p>Adem\u00e1s, como cualquier MasterChef, la limpieza es importante, as\u00ed que despu\u00e9s de cocinar tambi\u00e9n te puede ayudar a limpiar la olla.<\/p>","protected":false},"excerpt":{"rendered":"<p>El MasterChef de Xiaomi Por fin, llegan a nuestros almacenes el Xiaomi Smart Cooking Robot, el primer robot de cocina<\/p>","protected":false},"featured_media":18650,"template":"","meta":[],"product_brand":[],"product_cat":[74],"product_tag":[75],"product_country":[1505],"class_list":{"0":"post-7259","1":"product","2":"type-product","3":"status-publish","4":"has-post-thumbnail","6":"product_cat-kitchen-appliances","7":"product_tag-kitchen-appliances","8":"product_country-spain","10":"first","11":"instock","12":"sale","13":"taxable","14":"shipping-taxable","15":"purchasable","16":"product-type-simple"},"_links":{"self":[{"href":"https:\/\/routinesfashione.com\/en\/wp-json\/wp\/v2\/product\/7259","targetHints":{"allow":["GET"]}}],"collection":[{"href":"https:\/\/routinesfashione.com\/en\/wp-json\/wp\/v2\/product"}],"about":[{"href":"https:\/\/routinesfashione.com\/en\/wp-json\/wp\/v2\/types\/product"}],"wp:featuredmedia":[{"embeddable":true,"href":"https:\/\/routinesfashione.com\/en\/wp-json\/wp\/v2\/media\/18650"}],"wp:attachment":[{"href":"https:\/\/routinesfashione.com\/en\/wp-json\/wp\/v2\/media?parent=7259"}],"wp:term":[{"taxonomy":"product_brand","embeddable":true,"href":"https:\/\/routinesfashione.com\/en\/wp-json\/wp\/v2\/product_brand?post=7259"},{"taxonomy":"product_cat","embeddable":true,"href":"https:\/\/routinesfashione.com\/en\/wp-json\/wp\/v2\/product_cat?post=7259"},{"taxonomy":"product_tag","embeddable":true,"href":"https:\/\/routinesfashione.com\/en\/wp-json\/wp\/v2\/product_tag?post=7259"},{"taxonomy":"product_country","embeddable":true,"href":"https:\/\/routinesfashione.com\/en\/wp-json\/wp\/v2\/product_country?post=7259"}],"curies":[{"name":"wp","href":"https:\/\/api.w.org\/{rel}","templated":true}]}}