{"id":7307,"date":"2025-08-09T10:29:36","date_gmt":"2025-08-09T10:29:36","guid":{"rendered":"https:\/\/lightgray-crow-170497.hostingersite.com\/?post_type=product&#038;p=7307"},"modified":"2025-09-30T21:17:30","modified_gmt":"2025-09-30T21:17:30","slug":"olla-electrica-14-en-1-ninja-smartlid-75-l-con-freidora-de-aire-incluye-sensor-digital-ol750eu","status":"publish","type":"product","link":"https:\/\/routinesfashione.com\/en\/produit\/olla-electrica-14-en-1-ninja-smartlid-75-l-con-freidora-de-aire-incluye-sensor-digital-ol750eu\/","title":{"rendered":"Olla El\u00e9ctrica 14 en 1 Ninja SmartLid (7,5 L) con Freidora de aire (Incluye Sensor Digital) OL750EU"},"content":{"rendered":"<p>Presentamos la Olla El\u00e9ctrica Multifunci\u00f3n SmartLid 14 en 1 Ninja Foodi MAX con sistema de cocci\u00f3n inteligente (Sonda digital de cocci\u00f3n integrada).<\/p>\n<p>A diferencia de sus predecesores (los modelos OP), los nuevos modelos SmartLid (OL) integran en una sola tapa todas las funciones y modos de cocinado.<\/p>\n<p>Lleva las comidas al siguiente nivel con este modelo de gran capacidad (7.5\u00a0litros), perfecto para cocinar hasta 8\u00a0raciones.<\/p>\n<p><strong>Smart Cook System (sistema de cocci\u00f3n inteligente): Sensor de Cocci\u00f3n<\/strong><\/p>\n<p>Este modelo incluye un Sistema de cocci\u00f3n inteligente: un Sensor Digital de cocci\u00f3n integrado. Cocinar al punto perfecto de forma m\u00e1s f\u00e1cil es imposible. De poco a muy hecho, disfruta de carnes y pescados perfectamente cocinados exactamente como a ti te gustan<\/p>\n<p>Desde tus entrecots favoritos hasta un pollo entero, simplemente inserta el sensor digital y elige el punto al que deseas que se haga. El sensor controla con precisi\u00f3n la temperatura y el punto de la comida durante la cocci\u00f3n, para que no tengas que hacerlo t\u00fa a ciegas.<\/p>\n<p>Cocina un pollo asado perfecto en menos de 1\u00a0hora.<\/p>\n<h3><strong>14\u00a0Funciones de cocci\u00f3n repartidas en 3 Modos de cocci\u00f3n<\/strong><\/h3>\n<p>Simplemente alterna entre los 3 Modos Pressure (Cocci\u00f3n a Presi\u00f3n), Air Fry (Cocci\u00f3n por Convecci\u00f3n) y Combi-Steam (Vapor Combinado) usando el bot\u00f3n deslizable SmartLid Slider. La tapa reconoce de forma inteligente qu\u00e9 funci\u00f3n est\u00e1s utilizando.<\/p>\n<p><strong>Las 14 Funciones predeterminadas de esta Olla Multifunci\u00f3n con Tapa Inteligente<\/strong><\/p>\n<ol>\n<li>Pressure (Olla a Presi\u00f3n)<\/li>\n<li>Air Fry (Freidora de aire sin aceite)<\/li>\n<li>Bake (Hornea\/Asa)<\/li>\n<li>Sear\/Saltear (Sella\/Colch\u00f3n)<\/li>\n<li>Steam (Cocina al Vapor)<\/li>\n<li>Slow Cook (Olla de Cocci\u00f3n lenta)<\/li>\n<li>Grill (Parrilla)<\/li>\n<li>Dehydrate (Deshidrata)<\/li>\n<li>Yogurt (Yogurtera)<br \/>\n+ 5 funciones del Modo Combi-Steam (Vapor combinado), que combina la cocci\u00f3n al vapor con cocci\u00f3n por convecci\u00f3n:<\/li>\n<li>Steam Air Fry (Fre\u00edr con aire al vapor: Cocina al vapor + Fr\u00ede con aire)<\/li>\n<li>Steam Bake (Hornear al vapor: Cocina al Vapor + Hornea)<\/li>\n<li>Steam Meals (Comidas completas al vapor)<\/li>\n<li>Pan al Vapor<\/li>\n<li>Prove (Fermenta\/Panificadora)<\/li>\n<\/ol>\n<p><strong>Los 3 Modos de Cocci\u00f3n de esta Olla Multifunci\u00f3n con Tapa Inteligente<\/strong><\/p>\n<p><strong>1: Modo combinado de vapor<\/strong><\/p>\n<p>Descubre una nueva forma de cocinar, combinando la cocci\u00f3n al vapor con la cocci\u00f3n por convecci\u00f3n para obtener resultados m\u00e1s jugosos y m\u00e1s crujientes. Agregando agua, caldo, vino u otro l\u00edquido en la base de la olla junto con tus ingredientes (que estar\u00e1n m\u00e1s elevados), el vapor generar\u00e1 humedad y cocinar\u00e1 al vapor y a continuaci\u00f3n los dorar\u00e1 por fuera con la convecci\u00f3n. \u00bfEl resultado? Alimentos perfectamente cocinados, m\u00e1s tiernos y jugosos por dentro, y m\u00e1s crujientes por fuera.<\/p>\n<ul>\n<li><strong>Funci\u00f3n Steam Meals (Comidas completas al Vapor)<\/strong>: Cocina comidas para toda la familia en menos de 30\u00a0minutos. Colocando los alimentos para el plato principal y las guarniciones en capas separadas con la rejilla de 2\u00a0niveles cocina comidas completas y deliciosas en la misma olla. Prueba unos filetes con br\u00f3coli y cusc\u00fas esponjoso, o cordon bleu de pollo perfectamente cocido con jam\u00f3n ahumado y queso o jud\u00edas verdes y un pur\u00e9 de patatas. Podr\u00e1s cocinar f\u00e1cilmente un asado de 3\u00a0kg con un resultado tierno y crujiente.<\/li>\n<li><strong>Funci\u00f3n Steam Air Fry (Fre\u00edr con aire al vapor: Cocina al vapor + Fr\u00ede con aire)<\/strong>: verduras crujientes y alimentos frescos o congelados como filetes de salm\u00f3n con aire infundido al vapor sin secarlos; disfruta de alimentos fritos sin remordimientos, jugosos por dentro y crujientes por fuera. Tambi\u00e9n es perfecta para cocinar r\u00e1pidamente una lasa\u00f1a en una olla con una cobertura de queso fundido.<\/li>\n<li><strong>Funci\u00f3n Steam Bake (Hornear al vapor: Cocina al Vapor + Hornea)<\/strong>: hornea r\u00e1pidamente pasteles esponjosos y deliciosos, brioches y mucho m\u00e1s.<\/li>\n<li><strong>Funci\u00f3n Steam Bread (Pan al Vapor)<\/strong>\u00a0y\u00a0<strong>Prove (Fermentar)<\/strong>: podr\u00e1s hacer pan baos deliciosos y fermentar y hornear pan con una corteza dorada, todo en la misma olla.<\/li>\n<\/ul>\n<p><strong>2: Modo Pressure Cook (Cocci\u00f3n a Presi\u00f3n)<\/strong><\/p>\n<p>La cocci\u00f3n a presi\u00f3n es hasta un 70\u00a0% m\u00e1s r\u00e1pida que los m\u00e9todos tradicionales de cocci\u00f3n*.<\/p>\n<ul>\n<li>La\u00a0<strong>cocci\u00f3n a presi\u00f3n<\/strong>\u00a0utiliza vapor a temperatura muy alta para cocinar r\u00e1pidamente comidas tiernas. Tambi\u00e9n es ideal para ablandar grandes piezas de carne, disfrutar de una pechuga de ternera o cerdo desmenuzado jugosos en muy poco tiempo.<\/li>\n<li>Cuando tu comida haya terminado de cocinarse,\u00a0<strong>Auto-Steam Release<\/strong>\u00a0liberar\u00e1 el vapor autom\u00e1ticamente para completar el proceso de cocci\u00f3n. Elige entre R\u00e1pida, Normal o Lenta para la liberaci\u00f3n de vapor autom\u00e1tica.<\/li>\n<\/ul>\n<p><strong>3: Modo Air Fry (Cocci\u00f3n por Convecci\u00f3n)<\/strong><\/p>\n<p>Fre\u00edr con aire alimentos crujientes con poco o nada de aceite: hasta un 75\u00a0% menos de grasa que los m\u00e9todos para fre\u00edr tradicionales**. Cocina de todo, desde chips dorados, patatas fritas y mezcla de verduras hasta palitos de pescado, alitas de pollo y filetes de salm\u00f3n.<\/p>\n<p>En el modo Air Fry (Freidora de aire), tambi\u00e9n puedes elegir entre una variedad de otras funciones o estilos de cocci\u00f3n:<\/p>\n<ul>\n<li><strong>Asa<\/strong>\u00a0hamburguesas, brochetas y pechugas de pollo marinadas.<\/li>\n<li><strong>Hornea<\/strong>\u00a0bizcochos, galletas, tartas y pasteles esponjosos y dale un acabado fundido a los gratinados de pasta con queso.<\/li>\n<li><strong>Crea masas<\/strong>\u00a0para disfrutar de un pan horneado perfectamente en casa.<\/li>\n<li><strong>Dora<\/strong>\u00a0los filetes antes de cocinarlos. Saltea ingredientes para preparar salsas y carameliza cebollas para potenciar el sabor de tus platos.<\/li>\n<li><strong>Cocina al vapor<\/strong>\u00a0verduras saludables y arroz cocido.<\/li>\n<li><strong>Cocina a fuego lento\u00a0<\/strong>las comidas hasta 12\u00a0horas para asegurarte de que tu risotto, guiso o cerdo tierno desmenuzado favorito est\u00e9 listo cuando llegues a casa.<\/li>\n<li><strong>Deshidrata<\/strong>\u00a0ingredientes para hacer verduras crujientes, frutas deshidratadas sanas, carne curada y hierbas deshidratadas caseras.<\/li>\n<li><strong>Haz yogur casero<\/strong>\u00a0exactamente como a ti te gusta.<\/li>\n<\/ul>\n<p><strong>F\u00e1cil de usar y limpiar<\/strong><\/p>\n<p>Esta Olla multifunci\u00f3n incluye un Recipiente de cocci\u00f3n extra\u00edble con revestimiento de cer\u00e1mica antiadherente de 7,5\u00a0litros (con capacidad para un asado de hasta 3\u00a0kg), un Cestillo para fre\u00edr con aire con revestimiento de cer\u00e1mica antiadherente de 4,7\u00a0litros (para cocinar, por ejemplo, hasta 1,8\u00a0kg de patatas fritas), y una Rejilla reversible de 2 niveles: perfecta para colocar ingredientes en capas y cocinar comidas completas en 3\u00a0niveles, o elevar alimentos para cocinar al vapor, hornear o asar .<\/p>","protected":false},"excerpt":{"rendered":"<p>Presentamos la Olla El\u00e9ctrica Multifunci\u00f3n SmartLid 14 en 1 Ninja Foodi MAX con sistema de cocci\u00f3n inteligente (Sonda digital de<\/p>","protected":false},"featured_media":27221,"template":"","meta":[],"product_brand":[],"product_cat":[74],"product_tag":[75],"product_country":[1505],"class_list":{"0":"post-7307","1":"product","2":"type-product","3":"status-publish","4":"has-post-thumbnail","6":"product_cat-kitchen-appliances","7":"product_tag-kitchen-appliances","8":"product_country-spain","10":"first","11":"instock","12":"sale","13":"taxable","14":"shipping-taxable","15":"purchasable","16":"product-type-simple"},"_links":{"self":[{"href":"https:\/\/routinesfashione.com\/en\/wp-json\/wp\/v2\/product\/7307","targetHints":{"allow":["GET"]}}],"collection":[{"href":"https:\/\/routinesfashione.com\/en\/wp-json\/wp\/v2\/product"}],"about":[{"href":"https:\/\/routinesfashione.com\/en\/wp-json\/wp\/v2\/types\/product"}],"wp:featuredmedia":[{"embeddable":true,"href":"https:\/\/routinesfashione.com\/en\/wp-json\/wp\/v2\/media\/27221"}],"wp:attachment":[{"href":"https:\/\/routinesfashione.com\/en\/wp-json\/wp\/v2\/media?parent=7307"}],"wp:term":[{"taxonomy":"product_brand","embeddable":true,"href":"https:\/\/routinesfashione.com\/en\/wp-json\/wp\/v2\/product_brand?post=7307"},{"taxonomy":"product_cat","embeddable":true,"href":"https:\/\/routinesfashione.com\/en\/wp-json\/wp\/v2\/product_cat?post=7307"},{"taxonomy":"product_tag","embeddable":true,"href":"https:\/\/routinesfashione.com\/en\/wp-json\/wp\/v2\/product_tag?post=7307"},{"taxonomy":"product_country","embeddable":true,"href":"https:\/\/routinesfashione.com\/en\/wp-json\/wp\/v2\/product_country?post=7307"}],"curies":[{"name":"wp","href":"https:\/\/api.w.org\/{rel}","templated":true}]}}