{"id":7309,"date":"2025-08-09T10:38:42","date_gmt":"2025-08-09T10:38:42","guid":{"rendered":"https:\/\/lightgray-crow-170497.hostingersite.com\/?post_type=product&#038;p=7309"},"modified":"2025-09-30T21:17:30","modified_gmt":"2025-09-30T21:17:30","slug":"robot-de-cocina-kenwood-go-kzm35-000gy","status":"publish","type":"product","link":"https:\/\/routinesfashione.com\/en\/produit\/robot-de-cocina-kenwood-go-kzm35-000gy\/","title":{"rendered":"ROBOT DE COCINA KENWOOD GO KZM35.000GY"},"content":{"rendered":"<p>Compacto, potente y f\u00e1cil de usar, est\u00e1 dise\u00f1ado para quienes disfrutan de la reposter\u00eda sin renunciar al espacio.<\/p>\n<p>Potencia: 800W.<\/p>\n<p>6 velocidades.<\/p>\n<p>Capacidad del bol: 4 litros.<\/p>\n<p>Material del bol: Acero inoxidable.<\/p>\n<p>Capacidad: 1,8kg.<\/p>\n<p>Control electr\u00f3nico de la velocidad.<\/p>\n<p>Funci\u00f3n Pulse.<\/p>\n<p>Acci\u00f3n de mezclado total.<\/p>\n<p>Capacidad: tarta: 1,8kg.<\/p>\n<p>Capacidad: masa: 1,5kg.<\/p>\n<p>Capacidad: harina para pasteler\u00eda: 0,5kg.<\/p>\n<p>Capacidad: claras de huevo: 8.<\/p>\n<p>Almacenamiento de cable.<\/p>\n<p>Bloqueo de seguridad.<\/p>\n<p>Protector contra salpicaduras.<\/p>\n<p>Medidas: 33,8 x 18 x 30cm.<\/p>\n<p>Peso: 6,3kg.<\/p>","protected":false},"excerpt":{"rendered":"<p>Compacto, potente y f\u00e1cil de usar, est\u00e1 dise\u00f1ado para quienes disfrutan de la reposter\u00eda sin renunciar al espacio. Potencia: 800W.<\/p>","protected":false},"featured_media":18684,"template":"","meta":[],"product_brand":[],"product_cat":[74],"product_tag":[75],"product_country":[1505],"class_list":{"0":"post-7309","1":"product","2":"type-product","3":"status-publish","4":"has-post-thumbnail","6":"product_cat-kitchen-appliances","7":"product_tag-kitchen-appliances","8":"product_country-spain","10":"first","11":"instock","12":"sale","13":"taxable","14":"shipping-taxable","15":"purchasable","16":"product-type-simple"},"_links":{"self":[{"href":"https:\/\/routinesfashione.com\/en\/wp-json\/wp\/v2\/product\/7309","targetHints":{"allow":["GET"]}}],"collection":[{"href":"https:\/\/routinesfashione.com\/en\/wp-json\/wp\/v2\/product"}],"about":[{"href":"https:\/\/routinesfashione.com\/en\/wp-json\/wp\/v2\/types\/product"}],"wp:featuredmedia":[{"embeddable":true,"href":"https:\/\/routinesfashione.com\/en\/wp-json\/wp\/v2\/media\/18684"}],"wp:attachment":[{"href":"https:\/\/routinesfashione.com\/en\/wp-json\/wp\/v2\/media?parent=7309"}],"wp:term":[{"taxonomy":"product_brand","embeddable":true,"href":"https:\/\/routinesfashione.com\/en\/wp-json\/wp\/v2\/product_brand?post=7309"},{"taxonomy":"product_cat","embeddable":true,"href":"https:\/\/routinesfashione.com\/en\/wp-json\/wp\/v2\/product_cat?post=7309"},{"taxonomy":"product_tag","embeddable":true,"href":"https:\/\/routinesfashione.com\/en\/wp-json\/wp\/v2\/product_tag?post=7309"},{"taxonomy":"product_country","embeddable":true,"href":"https:\/\/routinesfashione.com\/en\/wp-json\/wp\/v2\/product_country?post=7309"}],"curies":[{"name":"wp","href":"https:\/\/api.w.org\/{rel}","templated":true}]}}