{"id":7313,"date":"2025-08-09T10:44:54","date_gmt":"2025-08-09T10:44:54","guid":{"rendered":"https:\/\/lightgray-crow-170497.hostingersite.com\/?post_type=product&#038;p=7313"},"modified":"2025-09-30T21:17:31","modified_gmt":"2025-09-30T21:17:31","slug":"thermomix-tm7-2","status":"publish","type":"product","link":"https:\/\/routinesfashione.com\/en\/produit\/thermomix-tm7-2\/","title":{"rendered":"Thermomix\u00ae TM7"},"content":{"rendered":"<p><strong>Thermomix como nunca antes.<\/strong>\u00a0TM7 es el robot de cocina todo en uno que eleva la cocina a otro nivel con su tecnolog\u00eda de vanguardia y su elegante dise\u00f1o. Cuenta con\u00a0<strong>m\u00e1s de 20 Modos de cocina disponibles<\/strong>, cont\u00ednuas<strong>\u00a0actualizaciones de software<\/strong>\u00a0con mejoras y nuevas caracter\u00edsticas.<\/p>\n<p>Insp\u00edrate con\u00a0<strong>Cookidoo\u00ae<\/strong>\u00a0y&#8230;\u00a1descubre\u00a0<strong>m\u00e1s de 100.000 recetas<\/strong>\u00a0en m\u00e1s de 20 idiomas, en Cocina Guiada y con total garant\u00eda de \u00e9xito!<\/p>\n<p>Para que te sea a\u00fan m\u00e1s f\u00e1cil lograr los resultados que deseas, puedes cocinar de dos maneras:\u00a0<strong>Cocina Guiada y Cocina Manual<\/strong>:<\/p>\n<ul>\n<li>Cocina Guiada:\u00a0Deja que Thermomix\u00ae TM7 te inspire y sigue las recetas paso a paso con facilidad a trav\u00e9s de su pantalla multit\u00e1ctil de 10&#8220;.<\/li>\n<li>Cocina Manual:\u00a0puedes ajustar el tiempo, la temperatura y la velocidad,<br \/>\ny elegir entre los Modos que prefieras.<\/li>\n<\/ul>\n<p>Cuenta con un nuevo\u00a0<strong>motor, potente pero silencioso<\/strong>. Tan silencioso que incluso te preguntar\u00e1s si est\u00e1 encendido.<\/p>\n<p>M\u00e1s informaci\u00f3n sobre TM7<\/p>\n<p>*Las entregas se realizar\u00e1n a partir de abril por orden de entrada del pedido. Consulta\u00a0\u00a0m\u00e1s informaci\u00f3n sobre los plazos de entrega de Thermomix\u00ae TM7.<\/p>\n<p><strong>AVISO IMPORTANTE:\u00a0<\/strong>Vorwerk Espa\u00f1a Management, S.L. S.COM. es la \u00fanica distribuidora en Espa\u00f1a de robots de cocina &#8222;Thermomix\u00ae&#8220;<\/p>","protected":false},"excerpt":{"rendered":"<p>Thermomix como nunca antes.\u00a0TM7 es el robot de cocina todo en uno que eleva la cocina a otro nivel con<\/p>","protected":false},"featured_media":18687,"template":"","meta":[],"product_brand":[],"product_cat":[74],"product_tag":[75],"product_country":[1505],"class_list":{"0":"post-7313","1":"product","2":"type-product","3":"status-publish","4":"has-post-thumbnail","6":"product_cat-kitchen-appliances","7":"product_tag-kitchen-appliances","8":"product_country-spain","10":"first","11":"instock","12":"sale","13":"taxable","14":"shipping-taxable","15":"purchasable","16":"product-type-simple"},"_links":{"self":[{"href":"https:\/\/routinesfashione.com\/en\/wp-json\/wp\/v2\/product\/7313","targetHints":{"allow":["GET"]}}],"collection":[{"href":"https:\/\/routinesfashione.com\/en\/wp-json\/wp\/v2\/product"}],"about":[{"href":"https:\/\/routinesfashione.com\/en\/wp-json\/wp\/v2\/types\/product"}],"wp:featuredmedia":[{"embeddable":true,"href":"https:\/\/routinesfashione.com\/en\/wp-json\/wp\/v2\/media\/18687"}],"wp:attachment":[{"href":"https:\/\/routinesfashione.com\/en\/wp-json\/wp\/v2\/media?parent=7313"}],"wp:term":[{"taxonomy":"product_brand","embeddable":true,"href":"https:\/\/routinesfashione.com\/en\/wp-json\/wp\/v2\/product_brand?post=7313"},{"taxonomy":"product_cat","embeddable":true,"href":"https:\/\/routinesfashione.com\/en\/wp-json\/wp\/v2\/product_cat?post=7313"},{"taxonomy":"product_tag","embeddable":true,"href":"https:\/\/routinesfashione.com\/en\/wp-json\/wp\/v2\/product_tag?post=7313"},{"taxonomy":"product_country","embeddable":true,"href":"https:\/\/routinesfashione.com\/en\/wp-json\/wp\/v2\/product_country?post=7313"}],"curies":[{"name":"wp","href":"https:\/\/api.w.org\/{rel}","templated":true}]}}