{"id":74,"date":"2025-09-30T20:55:57","date_gmt":"2025-09-30T20:55:57","guid":{"rendered":"https:\/\/lightgray-crow-170497.hostingersite.com\/?post_type=product&#038;p=74"},"modified":"2025-09-30T20:55:57","modified_gmt":"2025-09-30T20:55:57","slug":"tondeuse-autoportee-husqvarna-ts348xd","status":"publish","type":"product","link":"https:\/\/routinesfashione.com\/en\/produit\/tondeuse-autoportee-husqvarna-ts348xd\/","title":{"rendered":"Tondeuse autoport\u00e9e HUSQVARNA TS348XD"},"content":{"rendered":"<p>La\u00a0tondeuse\u00a0autoport\u00e9e \u00e0 \u00e9jection lat\u00e9rale\u00a0TS 348 XD est un mini tracteur de jardin sp\u00e9cialis\u00e9 avec une grande capacit\u00e9 pour les propri\u00e9taires de terrains<\/p>\n<p>Le puissant moteur Husqvarna Endurance bicylindre d\u00e9marre sur pression d\u2019un bouton. Forte acc\u00e9l\u00e9ration pour vitesse de transport \u00e9lev\u00e9e.<\/p>\n<p>Le TS 348XD est \u00e9quip\u00e9 du nouveau carter soud\u00e9 haute r\u00e9sistance ClearCut et de la connectivit\u00e9 Husqvarna.<\/p>\n<ul>\n<li>Garantie 2 ans<\/li>\n<li>Frais de livraison offert<\/li>\n<li>Nous livrons dans les DOM-TOM en HT<\/li>\n<li>\n<h2>CARACT\u00c9RISTIQUES DE LA<strong>\u00a0TONDEUSE AUTOPORT\u00c9E\u00a0HUSQVARNA TS 348 XD<br \/>\n<\/strong><\/h2>\n<ul>\n<li><span dir=\"auto\" style=\"vertical-align: inherit;\">Moteur <\/span><strong><span dir=\"auto\" style=\"vertical-align: inherit;\">\u00a0Husqvarna 8270 V-Twin Endurance<\/span><\/strong><\/li>\n<li>Cylindr\u00e9e : 721 cm3<\/li>\n<li>Largeur de coupe 122 cm<\/li>\n<li>Ejection lat\u00e9rale.<\/li>\n<li>Bac de ramassage en option<\/li>\n<li><span dir=\"auto\" style=\"vertical-align: inherit;\">kit de paillage<\/span><\/li>\n<li>Transmission\u00a0<strong>Hydrostatique au pied avec blocage de diff\u00e9rentiel<br \/>\n<\/strong><\/li>\n<li>Embrayage de lame : Electromagn\u00e9tique.<\/li>\n<li>SmartSwitch : d\u00e9marrage sans clef<\/li>\n<li>Phares \u00e0 LED<\/li>\n<li>Nouveau plateau de coupe\u00a0<strong>ClearCut<\/strong><\/li>\n<li>Pare-chocs<\/li>\n<li>Si\u00e8ge premium avec accoudoirs<\/li>\n<li><span dir=\"auto\" style=\"vertical-align: inherit;\">Coupe en U du terrain de Braquage<\/span><\/li>\n<\/ul>\n<\/li>\n<\/ul>","protected":false},"excerpt":{"rendered":"<p>La\u00a0tondeuse\u00a0autoport\u00e9e \u00e0 \u00e9jection lat\u00e9rale\u00a0TS 348 XD est un mini tracteur de jardin sp\u00e9cialis\u00e9 avec une grande capacit\u00e9 pour les propri\u00e9taires<\/p>","protected":false},"featured_media":12878,"template":"","meta":[],"product_brand":[],"product_cat":[61],"product_tag":[],"product_country":[1503],"class_list":{"0":"post-74","1":"product","2":"type-product","3":"status-publish","4":"has-post-thumbnail","6":"product_cat-sale-france","7":"product_country-france","9":"first","10":"instock","11":"sale","12":"taxable","13":"shipping-taxable","14":"purchasable","15":"product-type-simple"},"_links":{"self":[{"href":"https:\/\/routinesfashione.com\/en\/wp-json\/wp\/v2\/product\/74","targetHints":{"allow":["GET"]}}],"collection":[{"href":"https:\/\/routinesfashione.com\/en\/wp-json\/wp\/v2\/product"}],"about":[{"href":"https:\/\/routinesfashione.com\/en\/wp-json\/wp\/v2\/types\/product"}],"wp:featuredmedia":[{"embeddable":true,"href":"https:\/\/routinesfashione.com\/en\/wp-json\/wp\/v2\/media\/12878"}],"wp:attachment":[{"href":"https:\/\/routinesfashione.com\/en\/wp-json\/wp\/v2\/media?parent=74"}],"wp:term":[{"taxonomy":"product_brand","embeddable":true,"href":"https:\/\/routinesfashione.com\/en\/wp-json\/wp\/v2\/product_brand?post=74"},{"taxonomy":"product_cat","embeddable":true,"href":"https:\/\/routinesfashione.com\/en\/wp-json\/wp\/v2\/product_cat?post=74"},{"taxonomy":"product_tag","embeddable":true,"href":"https:\/\/routinesfashione.com\/en\/wp-json\/wp\/v2\/product_tag?post=74"},{"taxonomy":"product_country","embeddable":true,"href":"https:\/\/routinesfashione.com\/en\/wp-json\/wp\/v2\/product_country?post=74"}],"curies":[{"name":"wp","href":"https:\/\/api.w.org\/{rel}","templated":true}]}}