{"id":7424,"date":"2025-08-09T16:12:53","date_gmt":"2025-08-09T16:12:53","guid":{"rendered":"https:\/\/lightgray-crow-170497.hostingersite.com\/?post_type=product&#038;p=7424"},"modified":"2025-09-30T21:06:32","modified_gmt":"2025-09-30T21:06:32","slug":"vidaxl-cobertizo-de-jardin-acero-galvanizado","status":"publish","type":"product","link":"https:\/\/routinesfashione.com\/en\/produit\/vidaxl-cobertizo-de-jardin-acero-galvanizado\/","title":{"rendered":"Vidaxl Cobertizo de jard\u00edn Acero galvanizado"},"content":{"rendered":"<div class=\"description\">\n<div class=\"value content text-base\">\n<p>Ampl\u00eda tus posibilidades de almacenamiento al aire libre y protege tus herramientas con esta caseta de jard\u00edn multifuncional.<\/p>\n<ul>\n<li>Material robusto: La caseta para herramientas de jard\u00edn est\u00e1 hecha de acero galvanizado, que previene la oxidaci\u00f3n y ofrece una larga vida \u00fatil. El acero es un material excepcionalmente duro y resistente que ofrece robustez y estabilidad. La galvanizaci\u00f3n proporciona una mejor protecci\u00f3n contra la corrosi\u00f3n y es \u00fatil para productos que se utilizar\u00e1n en exteriores, as\u00ed como en entornos hostiles.<\/li>\n<li>Amplio espacio de almacenamiento: Este cobertizo de metal ofrece amplio espacio para guardar le\u00f1a, herramientas de jard\u00edn, muebles, equipos y m\u00e1s.<\/li>\n<li>Pr\u00e1cticas manijas: El cobertizo de almacenamiento cuenta con manijas en la puerta para facilitar el acceso.<\/li>\n<li>Buena ventilaci\u00f3n: El cobertizo exterior est\u00e1 equipado con 4 rejillas de ventilaci\u00f3n, lo que proporciona ventilaci\u00f3n para reducir la acumulaci\u00f3n de humedad y olores en la casa.<\/li>\n<li>Dise\u00f1o inclinado: El techo inclinado garantiza un drenaje sin obst\u00e1culos.<\/li>\n<\/ul>\n<p>Es bueno saberlo:<\/p>\n<ul>\n<li>Para evitar da\u00f1os por la acumulaci\u00f3n de nieve, recomendamos limpiar el techo regularmente durante el invierno.<\/li>\n<\/ul>\n<\/div>\n<\/div>\n<div class=\"product-specifications details\">\n<h2 class=\"title text-md font-weight-bold\">Especificaciones<\/h2>\n<div class=\"value content text-base\">\n<ul>\n<li>Color: Gris antracita<\/li>\n<li>Material: Acero galvanizado<\/li>\n<li>Dimensiones totales: 191 x 385 x 198 cm (ancho x profundo x alto)<\/li>\n<li>Dimensiones de la puerta: 80 x 170 cm (ancho x alto)<\/li>\n<li>Incluye protector de esquinas.<\/li>\n<li>Requiere montaje: S\u00ed<\/li>\n<li>EAN:8720845894573<\/li>\n<li>SKU:3188256<\/li>\n<li>Brand:vidaXL<\/li>\n<\/ul>\n<\/div>\n<\/div>","protected":false},"excerpt":{"rendered":"<p>Ampl\u00eda tus posibilidades de almacenamiento al aire libre y protege tus herramientas con esta caseta de jard\u00edn multifuncional. Material robusto:<\/p>","protected":false},"featured_media":18778,"template":"","meta":[],"product_brand":[],"product_cat":[76],"product_tag":[77],"product_country":[1505],"class_list":{"0":"post-7424","1":"product","2":"type-product","3":"status-publish","4":"has-post-thumbnail","6":"product_cat-shed","7":"product_tag-shed","8":"product_country-spain","10":"first","11":"instock","12":"sale","13":"taxable","14":"shipping-taxable","15":"purchasable","16":"product-type-simple"},"_links":{"self":[{"href":"https:\/\/routinesfashione.com\/en\/wp-json\/wp\/v2\/product\/7424","targetHints":{"allow":["GET"]}}],"collection":[{"href":"https:\/\/routinesfashione.com\/en\/wp-json\/wp\/v2\/product"}],"about":[{"href":"https:\/\/routinesfashione.com\/en\/wp-json\/wp\/v2\/types\/product"}],"wp:featuredmedia":[{"embeddable":true,"href":"https:\/\/routinesfashione.com\/en\/wp-json\/wp\/v2\/media\/18778"}],"wp:attachment":[{"href":"https:\/\/routinesfashione.com\/en\/wp-json\/wp\/v2\/media?parent=7424"}],"wp:term":[{"taxonomy":"product_brand","embeddable":true,"href":"https:\/\/routinesfashione.com\/en\/wp-json\/wp\/v2\/product_brand?post=7424"},{"taxonomy":"product_cat","embeddable":true,"href":"https:\/\/routinesfashione.com\/en\/wp-json\/wp\/v2\/product_cat?post=7424"},{"taxonomy":"product_tag","embeddable":true,"href":"https:\/\/routinesfashione.com\/en\/wp-json\/wp\/v2\/product_tag?post=7424"},{"taxonomy":"product_country","embeddable":true,"href":"https:\/\/routinesfashione.com\/en\/wp-json\/wp\/v2\/product_country?post=7424"}],"curies":[{"name":"wp","href":"https:\/\/api.w.org\/{rel}","templated":true}]}}