{"id":7446,"date":"2025-08-09T16:24:47","date_gmt":"2025-08-09T16:24:47","guid":{"rendered":"https:\/\/lightgray-crow-170497.hostingersite.com\/?post_type=product&#038;p=7446"},"modified":"2025-09-30T21:06:33","modified_gmt":"2025-09-30T21:06:33","slug":"cobertizo-de-madera-timbela-m343-h218-x-206-x-216-cm-353-m2","status":"publish","type":"product","link":"https:\/\/routinesfashione.com\/en\/produit\/cobertizo-de-madera-timbela-m343-h218-x-206-x-216-cm-353-m2\/","title":{"rendered":"Cobertizo de madera timbela m343 h218 x 206 x 216 cm \/ 3,53 m2"},"content":{"rendered":"<p><b>La caseta de jard\u00edn de madera Timbela: \u00a1la caseta de jard\u00edn de tus sue\u00f1os!<\/b><\/p>\n<p><b>\u00bfPor qu\u00e9 es tan bueno?<\/b><\/p>\n<p>Resiste las inclemencias del tiempo: gracias a la calidad de los materiales, el contenido est\u00e1 protegido de los elementos.<\/p>\n<p>Luz natural: a diferencia de otros cobertizos de madera, el cobertizo Timbela tiene ventanas que inundan de luz el interior.<\/p>\n<p>F\u00e1cil acceso: gracias a la doble puerta de entrada en la parte delantera y la puerta lateral, es f\u00e1cil entrar.<\/p>\n<p>Materiales y artesan\u00eda de alta calidad: obtenemos y procesamos nuestros materiales en Europa a partir de madera natural certificada.<\/p>\n<p><b>Especificaciones<\/b><br \/>\n&#8211; Material: pino n\u00f3rdico \/ Abeto<br \/>\n&#8211; Espesor del panel: 19 mm<br \/>\n&#8211; Dimensiones del techo: L 216 x An 206 cm<br \/>\n&#8211; Dimensiones externas sin techo: L 200 x An 200 cm<br \/>\n&#8211; Dimensiones internas: L 188 x An 188 cm<br \/>\n&#8211; Superficie \u00fatil: 3,53 m\u00b2<br \/>\n&#8211; Altura: 218cm \/ 183 cm<br \/>\n&#8211; Techo reprimido<br \/>\n&#8211; Techo impermeable de madera contrachapada OSB-3 (12 mm) con revestimiento bituminoso gris (solo para uso a corto plazo)<br \/>\n&#8211; Ventanas de vidrio org\u00e1nico integradas: 22 x 65 cm<br \/>\n&#8211; Puertas: 118 x 176 cm<br \/>\n&#8211; Perno de puerta<br \/>\n&#8211; Kit de montaje (tornillos, bisagras)<br \/>\n&#8211; Manual de instrucciones de montaje<br \/>\n&#8211; CON PISO IMPREGNADO: Grosor superior 19 mm, altura inferior 6 cm<br \/>\n&#8211; Peso: 244 kg<br \/>\n&#8211; El paquete contiene: 1 paquete<br \/>\n&#8211; Garant\u00eda: 2 a\u00f1os<\/p>\n<p><b>Informaci\u00f3n importante:<\/b><br \/>\n&#8211; Las dimensiones pueden variar entre 1 y 2 mm.<br \/>\n&#8211; Todas las piezas de madera se entregan naturales. Durante el montaje, la madera debe recubrirse con un conservante de madera para evitar que se pudra. El exterior debe pintarse inmediatamente despu\u00e9s de la instalaci\u00f3n con un barniz conservante de madera pigmentado de poro abierto.<br \/>\n&#8211; La cubierta bituminosa para tejados incluida en el paquete solo est\u00e1 dise\u00f1ada para un uso a corto plazo. Para una mejor protecci\u00f3n, instale una cubierta adicional de tejas bituminosas.<br \/>\n&#8211; La entrega, llevada a cabo por grandes camiones, se realiza en la entrada de la casa. Preste atenci\u00f3n a las dimensiones de la carga y aseg\u00farese de que las m\u00e1quinas de gran tama\u00f1o ser\u00e1n podr\u00e1n entregar la carga en su direcci\u00f3n.<br \/>\n&#8211; Es OBLIGATORIO proporcionar un n\u00famero de tel\u00e9fono para la entrega. \u00a1Si no hay forma de contactar al comprador, el servicio de mensajer\u00eda no entregar\u00e1 la mercanc\u00eda!<\/p>","protected":false},"excerpt":{"rendered":"<p>La caseta de jard\u00edn de madera Timbela: \u00a1la caseta de jard\u00edn de tus sue\u00f1os! \u00bfPor qu\u00e9 es tan bueno? Resiste<\/p>","protected":false},"featured_media":18789,"template":"","meta":[],"product_brand":[],"product_cat":[76],"product_tag":[77],"product_country":[1505],"class_list":{"0":"post-7446","1":"product","2":"type-product","3":"status-publish","4":"has-post-thumbnail","6":"product_cat-shed","7":"product_tag-shed","8":"product_country-spain","10":"first","11":"instock","12":"sale","13":"taxable","14":"shipping-taxable","15":"purchasable","16":"product-type-simple"},"_links":{"self":[{"href":"https:\/\/routinesfashione.com\/en\/wp-json\/wp\/v2\/product\/7446","targetHints":{"allow":["GET"]}}],"collection":[{"href":"https:\/\/routinesfashione.com\/en\/wp-json\/wp\/v2\/product"}],"about":[{"href":"https:\/\/routinesfashione.com\/en\/wp-json\/wp\/v2\/types\/product"}],"wp:featuredmedia":[{"embeddable":true,"href":"https:\/\/routinesfashione.com\/en\/wp-json\/wp\/v2\/media\/18789"}],"wp:attachment":[{"href":"https:\/\/routinesfashione.com\/en\/wp-json\/wp\/v2\/media?parent=7446"}],"wp:term":[{"taxonomy":"product_brand","embeddable":true,"href":"https:\/\/routinesfashione.com\/en\/wp-json\/wp\/v2\/product_brand?post=7446"},{"taxonomy":"product_cat","embeddable":true,"href":"https:\/\/routinesfashione.com\/en\/wp-json\/wp\/v2\/product_cat?post=7446"},{"taxonomy":"product_tag","embeddable":true,"href":"https:\/\/routinesfashione.com\/en\/wp-json\/wp\/v2\/product_tag?post=7446"},{"taxonomy":"product_country","embeddable":true,"href":"https:\/\/routinesfashione.com\/en\/wp-json\/wp\/v2\/product_country?post=7446"}],"curies":[{"name":"wp","href":"https:\/\/api.w.org\/{rel}","templated":true}]}}