{"id":7489,"date":"2025-09-30T20:11:35","date_gmt":"2025-09-30T20:11:35","guid":{"rendered":"https:\/\/lightgray-crow-170497.hostingersite.com\/?post_type=product&#038;p=7489"},"modified":"2025-09-30T21:06:38","modified_gmt":"2025-09-30T21:06:38","slug":"1-srm-birke-getrocknet","status":"publish","type":"product","link":"https:\/\/routinesfashione.com\/en\/produit\/1-srm-birke-getrocknet\/","title":{"rendered":"1 SRM Birke getrocknet"},"content":{"rendered":"<div class=\"std\">\n<p><span class=\"keyphrase-name\">1 SRM Birke getrocknet.<br \/> <\/span>1 Sch\u00fcttraummeter Kaminholz Birke in bester Qualit\u00e4t, kammergetrocknet und ofenfertig.<\/p>\n<p>Erh\u00e4ltliche Holzscheitl\u00e4ngen: ca. 30-33 cm, 25 cm<\/p>\n<p>Liefereinheit: SRM = Sch\u00fcttraummeter lose gesch\u00fcttet.<\/p>\n<p class=\"p1\">Warum wird Birke\u00a0\u2018das\u2019 klassische Kaminholz genannt?<\/p>\n<p class=\"p1\">\u00a0\u2013 Birke wird gerne f\u00fcr offene Kamine verwendet. Birkenholz ist \u2018das\u2019 klassische Kaminholz, da es keine Funkenflug-verursachenden Harzblasen bildet und neben seinem sch\u00f6nen Flammenbild (recht hell, bl\u00e4ulich) wegen der (anstelle von harzigen Stoffen) \u00fcberwiegend enthaltenen \u00e4therischen \u00d6le auch sehr angenehm riecht. Birkenholz brennt zwar etwas schneller ab, aber deutlich langsamer als Nadelh\u00f6lzer. <span class=\"s1\">(Quelle: Wikipedia,\u00a0<a title=\"Brennholz WiKi\" href=\"https:\/\/de.wikipedia.org\/wiki\/Brennholz#Holzarten\" target=\"_blank\" rel=\"noopener\"><span class=\"s2\">https:\/\/de.wikipedia.org\/wiki\/Brennholz#Holzarten<\/span><\/a>).<\/span><\/p>\n<p>Das Kaminholz ist<strong>\u00a0Kammergetrocknet<\/strong>: Das hei\u00dft, das Holz wird durch technische, aber umweltschonende Trocknung auf eine Restfeuchtigkeit unter 20% getrocknet.<\/p>\n<\/p>\n<\/div>","protected":false},"excerpt":{"rendered":"<table>\n<tbody>\n<tr>\n<td><img loading=\"lazy\" decoding=\"async\" class=\"alignnone wp-image-1183\" src=\"https:\/\/anreut.de\/wp-content\/uploads\/fire.svg\" alt=\"\" width=\"20\" height=\"20\" \/><\/td>\n<td>Das Kaminholz ist kammergetrocknet und ofenfertig<\/td>\n<\/tr>\n<tr>\n<td><img loading=\"lazy\" decoding=\"async\" class=\"alignnone wp-image-1203\" src=\"https:\/\/anreut.de\/wp-content\/uploads\/gewicht.svg\" alt=\"\" width=\"20\" height=\"20\" \/><\/td>\n<td>Nettogewicht: ca. 280 kg<\/td>\n<\/tr>\n<tr>\n<td><img loading=\"lazy\" decoding=\"async\" class=\"alignnone wp-image-1202\" src=\"https:\/\/anreut.de\/wp-content\/uploads\/ruler.svg\" alt=\"\" width=\"20\" height=\"20\" \/><\/td>\n<td>Erh\u00e4ltliche Holzscheitl\u00e4ngen: ca. 30-33 cm, ca. 25 cm<\/td>\n<\/tr>\n<tr>\n<td><img loading=\"lazy\" decoding=\"async\" class=\"alignnone wp-image-1220\" src=\"https:\/\/anreut.de\/wp-content\/uploads\/cube-with-layers_1609.svg\" alt=\"\" width=\"20\" height=\"20\" \/><\/td>\n<td>Wird als lose gesch\u00fcttet geliefert<\/td>\n<\/tr>\n<\/tbody>\n<\/table>","protected":false},"featured_media":7490,"template":"","meta":[],"product_brand":[],"product_cat":[32],"product_tag":[],"product_country":[1501],"class_list":{"0":"post-7489","1":"product","2":"type-product","3":"status-publish","4":"has-post-thumbnail","6":"product_cat-electronic","7":"product_country-germany","9":"first","10":"instock","11":"sale","12":"taxable","13":"shipping-taxable","14":"purchasable","15":"product-type-simple"},"_links":{"self":[{"href":"https:\/\/routinesfashione.com\/en\/wp-json\/wp\/v2\/product\/7489","targetHints":{"allow":["GET"]}}],"collection":[{"href":"https:\/\/routinesfashione.com\/en\/wp-json\/wp\/v2\/product"}],"about":[{"href":"https:\/\/routinesfashione.com\/en\/wp-json\/wp\/v2\/types\/product"}],"wp:featuredmedia":[{"embeddable":true,"href":"https:\/\/routinesfashione.com\/en\/wp-json\/wp\/v2\/media\/7490"}],"wp:attachment":[{"href":"https:\/\/routinesfashione.com\/en\/wp-json\/wp\/v2\/media?parent=7489"}],"wp:term":[{"taxonomy":"product_brand","embeddable":true,"href":"https:\/\/routinesfashione.com\/en\/wp-json\/wp\/v2\/product_brand?post=7489"},{"taxonomy":"product_cat","embeddable":true,"href":"https:\/\/routinesfashione.com\/en\/wp-json\/wp\/v2\/product_cat?post=7489"},{"taxonomy":"product_tag","embeddable":true,"href":"https:\/\/routinesfashione.com\/en\/wp-json\/wp\/v2\/product_tag?post=7489"},{"taxonomy":"product_country","embeddable":true,"href":"https:\/\/routinesfashione.com\/en\/wp-json\/wp\/v2\/product_country?post=7489"}],"curies":[{"name":"wp","href":"https:\/\/api.w.org\/{rel}","templated":true}]}}