{"id":75,"date":"2025-09-30T20:55:57","date_gmt":"2025-09-30T20:55:57","guid":{"rendered":"https:\/\/lightgray-crow-170497.hostingersite.com\/?post_type=product&#038;p=75"},"modified":"2025-09-30T20:55:57","modified_gmt":"2025-09-30T20:55:57","slug":"scheppach-grasmaaier-ms150-46e","status":"publish","type":"product","link":"https:\/\/routinesfashione.com\/en\/produit\/scheppach-grasmaaier-ms150-46e\/","title":{"rendered":"Tondeuse \u00e0 gazon Scheppach MS150-46E"},"content":{"rendered":"<h3 data-start=\"67\" data-end=\"102\"><strong data-start=\"74\" data-end=\"100\">Description du produit<\/strong><\/h3>\n<p data-start=\"103\" data-end=\"592\">La <strong data-start=\"106\" data-end=\"129\">Scheppach MS150-46E<\/strong> est une tondeuse \u00e0 gazon thermique autopropuls\u00e9e avec d\u00e9marrage \u00e9lectrique, parfaite pour les pelouses de taille moyenne. \u00c9quip\u00e9e d\u2019un moteur 4 temps de 150 cm\u00b3, elle offre une coupe efficace gr\u00e2ce \u00e0 sa largeur de 46 cm et ses multiples positions de r\u00e9glage de hauteur. Son bac de ramassage de 55 L, son ch\u00e2ssis en acier robuste et son syst\u00e8me de nettoyage int\u00e9gr\u00e9 en font une machine pratique et durable. Le guidon repliable facilite le rangement apr\u00e8s usage.<\/p>\n<hr data-start=\"594\" data-end=\"597\" \/>\n<h3 data-start=\"599\" data-end=\"639\"><strong data-start=\"606\" data-end=\"637\">Caract\u00e9ristiques techniques<\/strong><\/h3>\n<div class=\"_tableContainer_1rjym_1\">\n<div class=\"group _tableWrapper_1rjym_13 flex w-fit flex-col-reverse\" tabindex=\"-1\">\n<table class=\"w-fit min-w-(--thread-content-width)\" data-start=\"641\" data-end=\"1414\">\n<thead data-start=\"641\" data-end=\"677\">\n<tr data-start=\"641\" data-end=\"677\">\n<th data-start=\"641\" data-end=\"663\" data-col-size=\"sm\"><strong data-start=\"643\" data-end=\"662\">Caract\u00e9ristique<\/strong><\/th>\n<th data-start=\"663\" data-end=\"677\" data-col-size=\"md\"><strong data-start=\"665\" data-end=\"675\">D\u00e9tail<\/strong><\/th>\n<\/tr>\n<\/thead>\n<tbody data-start=\"715\" data-end=\"1414\">\n<tr data-start=\"715\" data-end=\"762\">\n<td data-start=\"715\" data-end=\"726\" data-col-size=\"sm\"><strong data-start=\"717\" data-end=\"725\">Type<\/strong><\/td>\n<td data-start=\"726\" data-end=\"762\" data-col-size=\"md\">Tondeuse thermique autopropuls\u00e9e<\/td>\n<\/tr>\n<tr data-start=\"763\" data-end=\"799\">\n<td data-start=\"763\" data-end=\"776\" data-col-size=\"sm\"><strong data-start=\"765\" data-end=\"775\">Mod\u00e8le<\/strong><\/td>\n<td data-start=\"776\" data-end=\"799\" data-col-size=\"md\">Scheppach MS150-46E<\/td>\n<\/tr>\n<tr data-start=\"800\" data-end=\"837\">\n<td data-start=\"800\" data-end=\"813\" data-col-size=\"sm\"><strong data-start=\"802\" data-end=\"812\">Moteur<\/strong><\/td>\n<td data-start=\"813\" data-end=\"837\" data-col-size=\"md\">4 temps monocylindre<\/td>\n<\/tr>\n<tr data-start=\"838\" data-end=\"865\">\n<td data-start=\"838\" data-end=\"854\" data-col-size=\"sm\"><strong data-start=\"840\" data-end=\"853\">Cylindr\u00e9e<\/strong><\/td>\n<td data-start=\"854\" data-end=\"865\" data-col-size=\"md\">150 cm\u00b3<\/td>\n<\/tr>\n<tr data-start=\"866\" data-end=\"910\">\n<td data-start=\"866\" data-end=\"882\" data-col-size=\"sm\"><strong data-start=\"868\" data-end=\"881\">Puissance<\/strong><\/td>\n<td data-start=\"882\" data-end=\"910\" data-col-size=\"md\">Environ 3,5 ch (~2,6 kW)<\/td>\n<\/tr>\n<tr data-start=\"911\" data-end=\"943\">\n<td data-start=\"911\" data-end=\"934\" data-col-size=\"sm\"><strong data-start=\"913\" data-end=\"933\">Largeur de coupe<\/strong><\/td>\n<td data-start=\"934\" data-end=\"943\" data-col-size=\"md\">46 cm<\/td>\n<\/tr>\n<tr data-start=\"944\" data-end=\"994\">\n<td data-start=\"944\" data-end=\"967\" data-col-size=\"sm\"><strong data-start=\"946\" data-end=\"966\">Hauteur de coupe<\/strong><\/td>\n<td data-start=\"967\" data-end=\"994\" data-col-size=\"md\">25 \u00e0 75 mm, 7 positions<\/td>\n<\/tr>\n<tr data-start=\"995\" data-end=\"1046\">\n<td data-start=\"995\" data-end=\"1030\" data-col-size=\"sm\"><strong data-start=\"997\" data-end=\"1029\">Capacit\u00e9 du bac de ramassage<\/strong><\/td>\n<td data-start=\"1030\" data-end=\"1046\" data-col-size=\"md\">55 L environ<\/td>\n<\/tr>\n<tr data-start=\"1047\" data-end=\"1110\">\n<td data-start=\"1047\" data-end=\"1076\" data-col-size=\"sm\"><strong data-start=\"1049\" data-end=\"1075\">D\u00e9placement \/ Traction<\/strong><\/td>\n<td data-start=\"1076\" data-end=\"1110\" data-col-size=\"md\">Autopropuls\u00e9e (roues motrices)<\/td>\n<\/tr>\n<tr data-start=\"1111\" data-end=\"1168\">\n<td data-start=\"1111\" data-end=\"1127\" data-col-size=\"sm\"><strong data-start=\"1113\" data-end=\"1126\">D\u00e9marrage<\/strong><\/td>\n<td data-start=\"1127\" data-end=\"1168\" data-col-size=\"md\">\u00c9lectrique (E-Start) + lanceur manuel<\/td>\n<\/tr>\n<tr data-start=\"1169\" data-end=\"1256\">\n<td data-start=\"1169\" data-end=\"1194\" data-col-size=\"sm\"><strong data-start=\"1171\" data-end=\"1193\">Fonction nettoyage<\/strong><\/td>\n<td data-start=\"1194\" data-end=\"1256\" data-col-size=\"md\">Raccord d\u2019eau int\u00e9gr\u00e9 pour nettoyage du carter apr\u00e8s usage<\/td>\n<\/tr>\n<tr data-start=\"1257\" data-end=\"1297\">\n<td data-start=\"1257\" data-end=\"1280\" data-col-size=\"sm\"><strong data-start=\"1259\" data-end=\"1279\">Ch\u00e2ssis \/ Carter<\/strong><\/td>\n<td data-start=\"1280\" data-end=\"1297\" data-col-size=\"md\">Acier robuste<\/td>\n<\/tr>\n<tr data-start=\"1298\" data-end=\"1333\">\n<td data-start=\"1298\" data-end=\"1314\" data-col-size=\"sm\"><strong data-start=\"1300\" data-end=\"1313\">Poids net<\/strong><\/td>\n<td data-start=\"1314\" data-end=\"1333\" data-col-size=\"md\">Environ 34,5 kg<\/td>\n<\/tr>\n<tr data-start=\"1334\" data-end=\"1414\">\n<td data-start=\"1334\" data-end=\"1357\" data-col-size=\"sm\"><strong data-start=\"1336\" data-end=\"1356\">Usage recommand\u00e9<\/strong><\/td>\n<td data-start=\"1357\" data-end=\"1414\" data-col-size=\"md\">Pelouses de taille moyenne (jusqu\u2019\u00e0 environ 1 000 m\u00b2)<\/td>\n<\/tr>\n<\/tbody>\n<\/table>\n<\/div>\n<\/div>","protected":false},"excerpt":{"rendered":"<p>Description du produit La Scheppach MS150-46E est une tondeuse \u00e0 gazon thermique autopropuls\u00e9e avec d\u00e9marrage \u00e9lectrique, parfaite pour les pelouses<\/p>","protected":false},"featured_media":19383,"template":"","meta":[],"product_brand":[],"product_cat":[64],"product_tag":[65],"product_country":[1503],"class_list":{"0":"post-75","1":"product","2":"type-product","3":"status-publish","4":"has-post-thumbnail","6":"product_cat-movers","7":"product_tag-movers","8":"product_country-france","10":"first","11":"instock","12":"sale","13":"taxable","14":"shipping-taxable","15":"purchasable","16":"product-type-simple"},"_links":{"self":[{"href":"https:\/\/routinesfashione.com\/en\/wp-json\/wp\/v2\/product\/75","targetHints":{"allow":["GET"]}}],"collection":[{"href":"https:\/\/routinesfashione.com\/en\/wp-json\/wp\/v2\/product"}],"about":[{"href":"https:\/\/routinesfashione.com\/en\/wp-json\/wp\/v2\/types\/product"}],"wp:featuredmedia":[{"embeddable":true,"href":"https:\/\/routinesfashione.com\/en\/wp-json\/wp\/v2\/media\/19383"}],"wp:attachment":[{"href":"https:\/\/routinesfashione.com\/en\/wp-json\/wp\/v2\/media?parent=75"}],"wp:term":[{"taxonomy":"product_brand","embeddable":true,"href":"https:\/\/routinesfashione.com\/en\/wp-json\/wp\/v2\/product_brand?post=75"},{"taxonomy":"product_cat","embeddable":true,"href":"https:\/\/routinesfashione.com\/en\/wp-json\/wp\/v2\/product_cat?post=75"},{"taxonomy":"product_tag","embeddable":true,"href":"https:\/\/routinesfashione.com\/en\/wp-json\/wp\/v2\/product_tag?post=75"},{"taxonomy":"product_country","embeddable":true,"href":"https:\/\/routinesfashione.com\/en\/wp-json\/wp\/v2\/product_country?post=75"}],"curies":[{"name":"wp","href":"https:\/\/api.w.org\/{rel}","templated":true}]}}