{"id":7527,"date":"2025-08-09T17:12:40","date_gmt":"2025-08-09T17:12:40","guid":{"rendered":"https:\/\/lightgray-crow-170497.hostingersite.com\/?post_type=product&#038;p=7527"},"modified":"2025-09-30T21:06:41","modified_gmt":"2025-09-30T21:06:41","slug":"cobertizo-de-jardin-de-metal-nebraska","status":"publish","type":"product","link":"https:\/\/routinesfashione.com\/en\/produit\/cobertizo-de-jardin-de-metal-nebraska\/","title":{"rendered":"Cobertizo De Jard\u00edn De Metal Nebraska"},"content":{"rendered":"<h3>Descripci\u00f3n del producto<\/h3>\n<p>Cobertizo met\u00e1lico de jard\u00edn &#8222;Nebraska<\/p>\n<p>La caseta de jard\u00edn met\u00e1lica &#8222;Nebraska&#8220; es una soluci\u00f3n excelente para quienes desean ampliar su espacio o crear una zona independiente para guardar herramientas de jard\u00edn u otros objetos. Este dise\u00f1o tiene 2 puertas correderas con tiradores. Gracias a sus \u00f3ptimas dimensiones, el interior es sumamente pr\u00e1ctico.<\/p>\n<p>La caseta de jard\u00edn met\u00e1lica &#8222;Nebraska&#8220; de alta calidad ofrece muchas ventajas como espacio de almacenamiento. Ser\u00e1 \u00fatil tanto en verano como en invierno y le permitir\u00e1 guardar herramientas o muebles de jard\u00edn (cortac\u00e9sped, bricolaje, madera, bicicletas, juegos infantiles, pintura&#8230;). Su dise\u00f1o y su color se integrar\u00e1n perfectamente en la decoraci\u00f3n del jard\u00edn con el paso del tiempo. Encajar\u00e1 perfectamente junto a su casa y en su jard\u00edn.<span class=\"a-text-bold\">\u00a0:\u00a0<\/span>Caseta de jard\u00edn met\u00e1lica Nebraska &#8211; 4,07 m\u00b2 &#8211; Dimensiones: 191 x 213 x 195 cm &#8211; Beige\/gris antracita &#8211; Estructura: metal (zinc) &#8211; Dimensiones exteriores: 181 x 203 x 195 cm &#8211; Dimensiones interiores: 177 x 199 x 195 cm &#8211; 2 puertas correderas con tiradores (dimensiones: 96 x 162 cm) &#8211; 4 respiraderos &#8211; Kit de anclaje para hormig\u00f3n incluido &#8211; 4 barras de refuerzo &#8211; Anti-UV &#8211; Anti\u00f3xido.<\/p>\n<p><span class=\"a-text-bold\">Color<\/span><\/p>\n<p><span class=\"a-text-bold\">Color :\u00a0<\/span>Beige.<br \/>\n<span class=\"a-text-bold\">Pared :\u00a0<\/span>Beige.<br \/>\n<span class=\"a-text-bold\">Techo :\u00a0<\/span>Gris.<br \/>\n<span class=\"a-text-bold\">Puerta :\u00a0<\/span>Gris.<br \/>\n<span class=\"a-text-bold\">Superficie (m\u00b2) :\u00a0<\/span>4.07 m\u00b2.<br \/>\n<span class=\"a-text-bold\">Dimensiones generales :\u00a0<\/span>191 x 213 x 195 cm .<br \/>\n<span class=\"a-text-bold\">Superficie exterior al suelo (m\u00b2) :\u00a0<\/span>3.67 m\u00b2.<br \/>\n<span class=\"a-text-bold\">Exteriores :\u00a0<\/span>181 x 203 x 195 cm.<br \/>\n<span class=\"a-text-bold\">Interiores :\u00a0<\/span>177 x 199 x 195 cm .<br \/>\n<span class=\"a-text-bold\">Cumbrera :\u00a0<\/span>195 cm .<br \/>\n<span class=\"a-text-bold\">Altura de la pared :\u00a0<\/span>165 cm .<br \/>\n<span class=\"a-text-bold\">Espesor de la pared :\u00a0<\/span>0,25 mm.<br \/>\n<span class=\"a-text-bold\">Tipo de puerta :\u00a0<\/span>2 puertas correderas.<br \/>\n<span class=\"a-text-bold\">Medidas de la puerta :\u00a0<\/span>96 x 162 cm.<br \/>\n<span class=\"a-text-bold\">Tipo de cierre :<\/span><\/p>\n<h3>Advertencia de seguridad<\/h3>\n<p>Atenci\u00f3n: Montar el producto en una superficie estable y plana. Utiliza el kit de anclaje incluido para fijar la estructura al suelo. Tenga cuidado al montar y transportar piezas met\u00e1licas pesadas. No superar el peso m\u00e1ximo soportado de 60 kg\/m\u00b2.<\/p>\n<table class=\"a-normal a-spacing-micro\">\n<tbody>\n<tr class=\"a-spacing-small po-brand\">\n<td class=\"a-span3\"><span class=\"a-size-base a-text-bold\">Marca<\/span><\/td>\n<td class=\"a-span9\"><span class=\"a-size-base po-break-word\">Habitat et Jardin<\/span><\/td>\n<\/tr>\n<tr class=\"a-spacing-small po-color\">\n<td class=\"a-span3\"><span class=\"a-size-base a-text-bold\">Color<\/span><\/td>\n<td class=\"a-span9\"><span class=\"a-size-base po-break-word\">Vert et blanc.<\/span><\/td>\n<\/tr>\n<tr class=\"a-spacing-small po-material\">\n<td class=\"a-span3\"><span class=\"a-size-base a-text-bold\">Material<\/span><\/td>\n<td class=\"a-span9\"><span class=\"a-size-base po-break-word\">Metal<\/span><\/td>\n<\/tr>\n<tr class=\"a-spacing-small po-item_depth_width_height\">\n<td class=\"a-span3\"><span class=\"a-size-base a-text-bold\">Dimensiones del producto<\/span><\/td>\n<td class=\"a-span9\"><span class=\"a-size-base po-break-word\">1,95f. x 2,13an. x 1,95al. metros<\/span><\/td>\n<\/tr>\n<tr class=\"a-spacing-small po-item_weight\">\n<td class=\"a-span3\"><span class=\"a-size-base a-text-bold\">Peso del producto<\/span><\/td>\n<td class=\"a-span9\"><span class=\"a-size-base po-break-word\">42 Kilogramos<\/span><\/td>\n<\/tr>\n<tr class=\"a-spacing-small po-style\">\n<td class=\"a-span3\"><span class=\"a-size-base a-text-bold\">Estilo<\/span><\/td>\n<td class=\"a-span9\"><span class=\"a-size-base po-break-word\">Caseta<\/span><\/td>\n<\/tr>\n<tr class=\"a-spacing-small po-base.material\">\n<td class=\"a-span3\"><span class=\"a-size-base a-text-bold\">Material de la base<\/span><\/td>\n<td class=\"a-span9\"><span class=\"a-size-base po-break-word\">Madera<\/span><\/td>\n<\/tr>\n<tr class=\"a-spacing-small po-top.material\">\n<td class=\"a-span3\"><span class=\"a-size-base a-text-bold\">Tipo de material de la parte superior<\/span><\/td>\n<td class=\"a-span9\"><span class=\"a-size-base po-break-word\">Metal<\/span><\/td>\n<\/tr>\n<tr class=\"a-spacing-small po-water_resistance_level\">\n<td class=\"a-span3\"><span class=\"a-size-base a-text-bold\">Nivel de resistencia al agua<\/span><\/td>\n<td class=\"a-span9\"><span class=\"a-size-base po-break-word\">Resistente al agua<\/span><\/td>\n<\/tr>\n<tr class=\"a-spacing-small po-door.style\">\n<td class=\"a-span3\"><span class=\"a-size-base a-text-bold\">Estilo de la puerta<\/span><\/td>\n<td class=\"a-span9\"><span class=\"a-size-base po-break-word\">Puertas correderas<\/span><\/td>\n<\/tr>\n<\/tbody>\n<\/table>","protected":false},"excerpt":{"rendered":"<p>Descripci\u00f3n del producto Cobertizo met\u00e1lico de jard\u00edn &#8222;Nebraska La caseta de jard\u00edn met\u00e1lica &#8222;Nebraska&#8220; es una soluci\u00f3n excelente para quienes<\/p>","protected":false},"featured_media":18862,"template":"","meta":[],"product_brand":[],"product_cat":[76],"product_tag":[77],"product_country":[1505],"class_list":{"0":"post-7527","1":"product","2":"type-product","3":"status-publish","4":"has-post-thumbnail","6":"product_cat-shed","7":"product_tag-shed","8":"product_country-spain","10":"first","11":"instock","12":"sale","13":"taxable","14":"shipping-taxable","15":"purchasable","16":"product-type-simple"},"_links":{"self":[{"href":"https:\/\/routinesfashione.com\/en\/wp-json\/wp\/v2\/product\/7527","targetHints":{"allow":["GET"]}}],"collection":[{"href":"https:\/\/routinesfashione.com\/en\/wp-json\/wp\/v2\/product"}],"about":[{"href":"https:\/\/routinesfashione.com\/en\/wp-json\/wp\/v2\/types\/product"}],"wp:featuredmedia":[{"embeddable":true,"href":"https:\/\/routinesfashione.com\/en\/wp-json\/wp\/v2\/media\/18862"}],"wp:attachment":[{"href":"https:\/\/routinesfashione.com\/en\/wp-json\/wp\/v2\/media?parent=7527"}],"wp:term":[{"taxonomy":"product_brand","embeddable":true,"href":"https:\/\/routinesfashione.com\/en\/wp-json\/wp\/v2\/product_brand?post=7527"},{"taxonomy":"product_cat","embeddable":true,"href":"https:\/\/routinesfashione.com\/en\/wp-json\/wp\/v2\/product_cat?post=7527"},{"taxonomy":"product_tag","embeddable":true,"href":"https:\/\/routinesfashione.com\/en\/wp-json\/wp\/v2\/product_tag?post=7527"},{"taxonomy":"product_country","embeddable":true,"href":"https:\/\/routinesfashione.com\/en\/wp-json\/wp\/v2\/product_country?post=7527"}],"curies":[{"name":"wp","href":"https:\/\/api.w.org\/{rel}","templated":true}]}}