{"id":7586,"date":"2025-08-09T17:32:16","date_gmt":"2025-08-09T17:32:16","guid":{"rendered":"https:\/\/lightgray-crow-170497.hostingersite.com\/?post_type=product&#038;p=7586"},"modified":"2025-09-30T21:06:45","modified_gmt":"2025-09-30T21:06:45","slug":"timbela-cobertizo-de-madera-a246x418x220cm-8m2","status":"publish","type":"product","link":"https:\/\/routinesfashione.com\/en\/produit\/timbela-cobertizo-de-madera-a246x418x220cm-8m2\/","title":{"rendered":"Timbela Cobertizo de madera a246x418x220cm\/8m2"},"content":{"rendered":"<div class=\"o-product-detail-informations__description\">\n<p><b>Cobertizo de jard\u00edn Timbela: El cobertizo-taller de los sue\u00f1os<\/b><br \/>\n\u00bfTe falta un dep\u00f3sito exterior? \u00bfEst\u00e1 harto de que su bello jard\u00edn est\u00e9 lleno de desorden? \u00a1Es tiempo de invertir en un cobertizo que dure toda la vida!<\/p>\n<p><b>\u00bfPor qu\u00e9 es tan bueno?<\/b><br \/>\nResistencia al clima: gracias a su f\u00e1cil montaje, el revestimiento entrelazado y el fieltro del techo, su contenido est\u00e1 protegido de la intemperie. Trate la madera en bruto con un color y un acabado para maximizar la vida \u00fatil de su cobertizo.<\/p>\n<p>Espacio interior: con su \u00e1rea de 8 m2 de pisos internos y su alto techo de 183 &#8211; 246 cm, no hay raz\u00f3n para sentirse apretado su taller de jardiner\u00eda.<\/p>\n<p>Luz natural: A diferencia de muchas soluciones para almacenaje de jard\u00edn, el cobertizo Timbela incluye ventanas haciendo el interior luminoso y brillante.<\/p>\n<p>F\u00e1cil acceso: La entrada con doble puerta facilita el movimiento de grandes objetos.<\/p>\n<p>Piso pretratado: nuestras tablas de piso de grosor (19 mm) est\u00e1n pretratadas y listas para usar. Esto ayuda a proteger su suelo de la humedad y evitar que se pudra.<\/p>\n<p><b>Cada producto incluye:<\/b><br \/>\n&#8211; Paneles y columnas del revestimiento de la nave.<br \/>\n&#8211; Panel de techo OSB-3 (12 mm) (madera contrachapada)<br \/>\n&#8211; Fieltro del techo de arena de carb\u00f3n<br \/>\n&#8211; Kit de montaje (tornillos, bisagras)<br \/>\n&#8211; Ventanas de plexigl\u00e1s integradas<br \/>\n&#8211; Cerradura de cierre de la puerta<br \/>\n&#8211; Puertas dobles con ventanas<br \/>\n&#8211; Manual de instrucciones de montaje<br \/>\n&#8211; Piso de cobertizo incluido (alto 6 cm): Tablones de madera &#8211; el espesor 19 mm;<\/p>\n<p><b>Especificaciones t\u00e9cnicas M332+M332G (*Debido a las propiedades naturales de la madera, el tama\u00f1o puede variar de 1 a 2 mm.):<\/b><br \/>\nDimensiones internas: 400 x 200 cm<br \/>\nDimensiones exteriores del techo: 418 x 220 cm<br \/>\nSuperficie utilizable: 8 m2<br \/>\nAltura: 183 &#8211; 246cm<br \/>\nMaterial: Pino \/ Abeto Nordico<br \/>\nGrosor de panel: 17mm<br \/>\nTama\u00f1o de ventana: 56 x 59 cm<br \/>\nPuertas: 154 x 176 cm<br \/>\nPeso: 383 kg<br \/>\nDimensiones del paquete: 222 x 100 x A89 cm<\/p>\n<p><b>Materiales y mano de obra de alta calidad directamente del fabricante\u00a0<\/b>Compramos y procesamos nuestros materiales en Europa y solo a partir de madera natural de alta calidad certificada. Nadie conoce estas casas de jard\u00edn mejor que nosotros.<\/p>\n<p>&nbsp;<\/p>\n<\/div>\n<table class=\"o-product-features\" role=\"presentation\" data-cerberus=\"TABLE_AttributesProduct\">\n<caption class=\"kl-hidden-accessibility\">\u00a0<\/caption>\n<tbody>\n<tr class=\"m-product-attr-row\">\n<th class=\"m-product-attr-row__name\" scope=\"row\">Material principal en la masa total del producto<\/th>\n<td class=\"m-product-attr-row__value\">Madera<\/td>\n<\/tr>\n<tr class=\"m-product-attr-row\">\n<th class=\"m-product-attr-row__name\" scope=\"row\">N\u00famero total de ventanas (incluidas las ventanas de la puerta)<\/th>\n<td class=\"m-product-attr-row__value\">4<\/td>\n<\/tr>\n<tr class=\"m-product-attr-row\">\n<th class=\"m-product-attr-row__name\" scope=\"row\">Tipo de puerta<\/th>\n<td class=\"m-product-attr-row__value\">Puerta batiente simple<\/td>\n<\/tr>\n<tr class=\"m-product-attr-row\">\n<th class=\"m-product-attr-row__name\" scope=\"row\">Espesor de la pared (en mm)<\/th>\n<td class=\"m-product-attr-row__value\">17<\/td>\n<\/tr>\n<tr class=\"m-product-attr-row\">\n<th class=\"m-product-attr-row__name\" scope=\"row\">Superficie interior (en m\u00b2)<\/th>\n<td class=\"m-product-attr-row__value\">8<\/td>\n<\/tr>\n<tr class=\"m-product-attr-row\">\n<th class=\"m-product-attr-row__name\" scope=\"row\">Anchura total (en cm)<\/th>\n<td class=\"m-product-attr-row__value\">418<\/td>\n<\/tr>\n<tr class=\"m-product-attr-row\">\n<th class=\"m-product-attr-row__name\" scope=\"row\">Altura total (en cm)<\/th>\n<td class=\"m-product-attr-row__value\">176<\/td>\n<\/tr>\n<tr class=\"m-product-attr-row\">\n<th class=\"m-product-attr-row__name\" scope=\"row\">Profundidad total (en cm)<\/th>\n<td class=\"m-product-attr-row__value\">220<\/td>\n<\/tr>\n<\/tbody>\n<\/table>","protected":false},"excerpt":{"rendered":"<p>Cobertizo de jard\u00edn Timbela: El cobertizo-taller de los sue\u00f1os \u00bfTe falta un dep\u00f3sito exterior? \u00bfEst\u00e1 harto de que su bello<\/p>","protected":false},"featured_media":18896,"template":"","meta":[],"product_brand":[],"product_cat":[76],"product_tag":[77],"product_country":[1505],"class_list":{"0":"post-7586","1":"product","2":"type-product","3":"status-publish","4":"has-post-thumbnail","6":"product_cat-shed","7":"product_tag-shed","8":"product_country-spain","10":"first","11":"instock","12":"sale","13":"taxable","14":"shipping-taxable","15":"purchasable","16":"product-type-simple"},"_links":{"self":[{"href":"https:\/\/routinesfashione.com\/en\/wp-json\/wp\/v2\/product\/7586","targetHints":{"allow":["GET"]}}],"collection":[{"href":"https:\/\/routinesfashione.com\/en\/wp-json\/wp\/v2\/product"}],"about":[{"href":"https:\/\/routinesfashione.com\/en\/wp-json\/wp\/v2\/types\/product"}],"wp:featuredmedia":[{"embeddable":true,"href":"https:\/\/routinesfashione.com\/en\/wp-json\/wp\/v2\/media\/18896"}],"wp:attachment":[{"href":"https:\/\/routinesfashione.com\/en\/wp-json\/wp\/v2\/media?parent=7586"}],"wp:term":[{"taxonomy":"product_brand","embeddable":true,"href":"https:\/\/routinesfashione.com\/en\/wp-json\/wp\/v2\/product_brand?post=7586"},{"taxonomy":"product_cat","embeddable":true,"href":"https:\/\/routinesfashione.com\/en\/wp-json\/wp\/v2\/product_cat?post=7586"},{"taxonomy":"product_tag","embeddable":true,"href":"https:\/\/routinesfashione.com\/en\/wp-json\/wp\/v2\/product_tag?post=7586"},{"taxonomy":"product_country","embeddable":true,"href":"https:\/\/routinesfashione.com\/en\/wp-json\/wp\/v2\/product_country?post=7586"}],"curies":[{"name":"wp","href":"https:\/\/api.w.org\/{rel}","templated":true}]}}