{"id":7602,"date":"2025-08-09T17:44:45","date_gmt":"2025-08-09T17:44:45","guid":{"rendered":"https:\/\/lightgray-crow-170497.hostingersite.com\/?post_type=product&#038;p=7602"},"modified":"2025-09-30T21:06:46","modified_gmt":"2025-09-30T21:06:46","slug":"caseta-de-jardin-antracita-102x52x1745-cm-madera-maciza-de-abeto","status":"publish","type":"product","link":"https:\/\/routinesfashione.com\/en\/produit\/caseta-de-jardin-antracita-102x52x1745-cm-madera-maciza-de-abeto\/","title":{"rendered":"Caseta de jard\u00edn antracita 102x52x174,5 cm madera maciza de abeto"},"content":{"rendered":"<div class=\"o-product-detail-informations__description\">\n<p>Este cobertizo de madera para jard\u00edn es una excelente adici\u00f3n a cualquier jard\u00edn, c\u00e9sped y otros espacios al aire libre. Madera maciza de abeto: La madera maciza de abeto es un hermoso material natural. La madera de abeto no se seca ni se deforma cuando se expone a la humedad. Amplio espacio de almacenamiento: el cobertizo de almacenamiento para exteriores es ideal para almacenar diversas herramientas de jard\u00edn, equipos para el cuidado del c\u00e9sped, art\u00edculos para el hogar y otros accesorios de jard\u00edn. Marco resistente: el marco de madera garantiza robustez y durabilidad. estabilidad. La caseta de jard\u00edn ofrece protecci\u00f3n contra la suciedad, el polvo, el viento fuerte y las inclemencias del tiempo. Advertencia: Para evitar que se vuelque, este producto debe utilizarse con el dispositivo de montaje en pared suministrado.<\/p>\n<ul>\n<li style=\"list-style-type: none;\">\n<ul>\n<li>Color: antracita<\/li>\n<li>Material: madera maciza de abeto<\/li>\n<\/ul>\n<\/li>\n<\/ul>\n<p>&lt; li&gt;Dimensiones: 102 x 52 x 174,5 cm (An x Pr x Al)<\/p>\n<ul>\n<li>Dimensiones interiores: 98 x 46 x 161 cm (An x Pr x H)<\/li>\n<li>Se requiere ensamblaje<\/li>\n<li>Documentos legales:<br \/>\nEncontrar\u00e1 &lt; strong &gt;aqu\u00ed m\u00e1s detalles sobre c\u00f3mo evitar que tus muebles alternar<\/li>\n<\/ul>\n<\/div>","protected":false},"excerpt":{"rendered":"<p>Este cobertizo de madera para jard\u00edn es una excelente adici\u00f3n a cualquier jard\u00edn, c\u00e9sped y otros espacios al aire libre.<\/p>","protected":false},"featured_media":18908,"template":"","meta":[],"product_brand":[],"product_cat":[76],"product_tag":[77],"product_country":[1505],"class_list":{"0":"post-7602","1":"product","2":"type-product","3":"status-publish","4":"has-post-thumbnail","6":"product_cat-shed","7":"product_tag-shed","8":"product_country-spain","10":"first","11":"instock","12":"sale","13":"taxable","14":"shipping-taxable","15":"purchasable","16":"product-type-simple"},"_links":{"self":[{"href":"https:\/\/routinesfashione.com\/en\/wp-json\/wp\/v2\/product\/7602","targetHints":{"allow":["GET"]}}],"collection":[{"href":"https:\/\/routinesfashione.com\/en\/wp-json\/wp\/v2\/product"}],"about":[{"href":"https:\/\/routinesfashione.com\/en\/wp-json\/wp\/v2\/types\/product"}],"wp:featuredmedia":[{"embeddable":true,"href":"https:\/\/routinesfashione.com\/en\/wp-json\/wp\/v2\/media\/18908"}],"wp:attachment":[{"href":"https:\/\/routinesfashione.com\/en\/wp-json\/wp\/v2\/media?parent=7602"}],"wp:term":[{"taxonomy":"product_brand","embeddable":true,"href":"https:\/\/routinesfashione.com\/en\/wp-json\/wp\/v2\/product_brand?post=7602"},{"taxonomy":"product_cat","embeddable":true,"href":"https:\/\/routinesfashione.com\/en\/wp-json\/wp\/v2\/product_cat?post=7602"},{"taxonomy":"product_tag","embeddable":true,"href":"https:\/\/routinesfashione.com\/en\/wp-json\/wp\/v2\/product_tag?post=7602"},{"taxonomy":"product_country","embeddable":true,"href":"https:\/\/routinesfashione.com\/en\/wp-json\/wp\/v2\/product_country?post=7602"}],"curies":[{"name":"wp","href":"https:\/\/api.w.org\/{rel}","templated":true}]}}