{"id":7929,"date":"2025-08-09T20:25:16","date_gmt":"2025-08-09T20:25:16","guid":{"rendered":"https:\/\/lightgray-crow-170497.hostingersite.com\/?post_type=product&#038;p=7929"},"modified":"2025-09-30T21:14:19","modified_gmt":"2025-09-30T21:14:19","slug":"pergola-con-lamas-orientables-en-gris-antracita-idmarket","status":"publish","type":"product","link":"https:\/\/routinesfashione.com\/en\/produit\/pergola-con-lamas-orientables-en-gris-antracita-idmarket\/","title":{"rendered":"P\u00e9rgola con lamas orientables en gris antracita &#8211; IDMarket"},"content":{"rendered":"<h3>Descripci\u00f3n del producto<\/h3>\n<p>Pasa momentos agradables en tu terraza o jard\u00edn gracias a la p\u00e9rgola bioclim\u00e1tica hojas orientables. Gracias a sus generosas dimensiones de 4 x 3 m, te ofrecer\u00e1 un espacio extra para disfrutar de tu exterior todo el a\u00f1o. Podr\u00e1 alojar f\u00e1cilmente su sal\u00f3n de jard\u00edn. La p\u00e9rgola bioclim\u00e1tica de aluminio es una alternativa perfecta a las terrazas, dejando que el aire circule libremente mientras te protege del sol y de los fuertes calores.La p\u00e9rgola, con sus cuchillas orientables, es ajustable a voluntad: deja pasar los rayos del sol o cierra completamente las cuchillas para conseguir un ambiente m\u00e1s sombreado. Las cuchillas orientables de la p\u00e9rgola permiten una ventilaci\u00f3n natural al tiempo que proporcionan una protecci\u00f3n eficaz contra los rayos del sol. Tambi\u00e9n te permiten ajustar la intensidad de la luz seg\u00fan tus preferencias. En posici\u00f3n semiabierta, las cuchillas evitar\u00e1n la exposici\u00f3n directa al sol y el deslumbramiento mientras mantienen una ventilaci\u00f3n natural. Cuchillas abiertas, podr\u00e1s disfrutar plenamente del sol bajo la p\u00e9rgola garantizando una ventilaci\u00f3n perfecta. La p\u00e9rgola cuenta con 2 filas de cuchillas orientables independientes, as\u00ed que evoluciona el techo seg\u00fan tus deseos y el clima. Ajuste f\u00e1cilmente la orientaci\u00f3n de las cuchillas gracias a la manivela. Disfruta ahora de tu exterior mientras est\u00e1s protegido gracias a la p\u00e9rgola bioclim\u00e1tica cuchillas orientables! Crea la sombra o protege de la lluvia gracias a sus cuchillas orientables. Te sentir\u00e1s tanto bajo la p\u00e9rgola bioclim\u00e1tica como en el interior de tu casa ajustando brillo, temperatura y ventilaci\u00f3n gracias a las cuchillas orientables. En caso de lluvia, permanezca bajo la p\u00e9rgola bioclim\u00e1tica y no tema las gotas, el agua fluir\u00e1 a lo largo de las cuchillas y luego a los pies permitiendo as\u00ed drenar el agua de lluvia. En posici\u00f3n cerrada, se<\/p>\n<table class=\"a-normal a-spacing-micro\">\n<tbody>\n<tr class=\"a-spacing-small po-brand\">\n<td class=\"a-span3\"><span class=\"a-size-base a-text-bold\">Marca<\/span><\/td>\n<td class=\"a-span9\"><span class=\"a-size-base po-break-word\">IDMarket<\/span><\/td>\n<\/tr>\n<tr class=\"a-spacing-small po-material\">\n<td class=\"a-span3\"><span class=\"a-size-base a-text-bold\">Material<\/span><\/td>\n<td class=\"a-span9\"><span class=\"a-size-base po-break-word\">Aluminio<\/span><\/td>\n<\/tr>\n<tr class=\"a-spacing-small po-style\">\n<td class=\"a-span3\"><span class=\"a-size-base a-text-bold\">Estilo<\/span><\/td>\n<td class=\"a-span9\"><span class=\"a-size-base po-break-word\">Moderno<\/span><\/td>\n<\/tr>\n<tr class=\"a-spacing-small po-item_weight\">\n<td class=\"a-span3\"><span class=\"a-size-base a-text-bold\">Peso del producto<\/span><\/td>\n<td class=\"a-span9\"><span class=\"a-size-base po-break-word\">128,7 Kilogramos<\/span><\/td>\n<\/tr>\n<tr class=\"a-spacing-small po-frame.material\">\n<td class=\"a-span3\"><span class=\"a-size-base a-text-bold\">Material del marco<\/span><\/td>\n<td class=\"a-span9\"><span class=\"a-size-base po-break-word\">Aluminio<\/span><\/td>\n<\/tr>\n<tr class=\"a-spacing-small po-water_resistance_level\">\n<td class=\"a-span3\"><span class=\"a-size-base a-text-bold\">Nivel de resistencia al agua<\/span><\/td>\n<td class=\"a-span9\"><span class=\"a-size-base po-break-word\">Resistente al agua<\/span><\/td>\n<\/tr>\n<tr class=\"a-spacing-small po-ultraviolet_light_protection\">\n<td class=\"a-span3\"><span class=\"a-size-base a-text-bold\">Protecci\u00f3n frente a la luz ultravioleta<\/span><\/td>\n<td class=\"a-span9\"><span class=\"a-size-base po-break-word\">S\u00ed<\/span><\/td>\n<\/tr>\n<tr class=\"a-spacing-small po-is_assembly_required\">\n<td class=\"a-span3\"><span class=\"a-size-base a-text-bold\">Requiere montaje<\/span><\/td>\n<td class=\"a-span9\"><span class=\"a-size-base po-break-word\">S\u00ed<\/span><\/td>\n<\/tr>\n<tr class=\"a-spacing-small po-color\">\n<td class=\"a-span3\"><span class=\"a-size-base a-text-bold\">Color<\/span><\/td>\n<td class=\"a-span9\"><span class=\"a-size-base po-break-word\">gris<\/span><\/td>\n<\/tr>\n<tr class=\"a-spacing-small po-manufacturer\">\n<td class=\"a-span3\"><span class=\"a-size-base a-text-bold\">Fabricante<\/span><\/td>\n<td class=\"a-span9\"><span class=\"a-size-base po-break-word\">IDMarket<\/span><\/td>\n<\/tr>\n<\/tbody>\n<\/table>","protected":false},"excerpt":{"rendered":"<p>Descripci\u00f3n del producto Pasa momentos agradables en tu terraza o jard\u00edn gracias a la p\u00e9rgola bioclim\u00e1tica hojas orientables. Gracias a<\/p>","protected":false},"featured_media":19152,"template":"","meta":[],"product_brand":[],"product_cat":[78],"product_tag":[79],"product_country":[1505],"class_list":{"0":"post-7929","1":"product","2":"type-product","3":"status-publish","4":"has-post-thumbnail","6":"product_cat-gazebos-pergolas","7":"product_tag-gazebos-pergolas","8":"product_country-spain","10":"first","11":"instock","12":"sale","13":"taxable","14":"shipping-taxable","15":"purchasable","16":"product-type-simple"},"_links":{"self":[{"href":"https:\/\/routinesfashione.com\/en\/wp-json\/wp\/v2\/product\/7929","targetHints":{"allow":["GET"]}}],"collection":[{"href":"https:\/\/routinesfashione.com\/en\/wp-json\/wp\/v2\/product"}],"about":[{"href":"https:\/\/routinesfashione.com\/en\/wp-json\/wp\/v2\/types\/product"}],"wp:featuredmedia":[{"embeddable":true,"href":"https:\/\/routinesfashione.com\/en\/wp-json\/wp\/v2\/media\/19152"}],"wp:attachment":[{"href":"https:\/\/routinesfashione.com\/en\/wp-json\/wp\/v2\/media?parent=7929"}],"wp:term":[{"taxonomy":"product_brand","embeddable":true,"href":"https:\/\/routinesfashione.com\/en\/wp-json\/wp\/v2\/product_brand?post=7929"},{"taxonomy":"product_cat","embeddable":true,"href":"https:\/\/routinesfashione.com\/en\/wp-json\/wp\/v2\/product_cat?post=7929"},{"taxonomy":"product_tag","embeddable":true,"href":"https:\/\/routinesfashione.com\/en\/wp-json\/wp\/v2\/product_tag?post=7929"},{"taxonomy":"product_country","embeddable":true,"href":"https:\/\/routinesfashione.com\/en\/wp-json\/wp\/v2\/product_country?post=7929"}],"curies":[{"name":"wp","href":"https:\/\/api.w.org\/{rel}","templated":true}]}}