{"id":7952,"date":"2025-08-09T20:34:20","date_gmt":"2025-08-09T20:34:20","guid":{"rendered":"https:\/\/lightgray-crow-170497.hostingersite.com\/?post_type=product&#038;p=7952"},"modified":"2025-09-30T21:14:21","modified_gmt":"2025-09-30T21:14:21","slug":"pergola-con-lamas-orientables-3x4-m-gris-antracita","status":"publish","type":"product","link":"https:\/\/routinesfashione.com\/en\/produit\/pergola-con-lamas-orientables-3x4-m-gris-antracita\/","title":{"rendered":"P\u00e9rgola con lamas orientables 3&#215;4 M gris antracita"},"content":{"rendered":"<p id=\"headingOne\" class=\"accordion-header\"><strong style=\"color: inherit; font-family: inherit; font-size: 14px; letter-spacing: -0.02em;\">P\u00e9rgola bioclim\u00e1tica con lamas orientables 3x4M aluminio gris antracita<\/strong><\/p>\n<div id=\"collapseOne\" class=\"accordion-collapse collapse show\" aria-labelledby=\"headingOne\" data-bs-parent=\"#accordionProduct\">\n<div class=\"accordion-body\">\n<div class=\"product-description\">\n<p>Aproveche al m\u00e1ximo su terraza haga el tiempo que haga con una\u00a0de lamas orientables. \u00bfLlueve? \u00bfSopla el viento? \u00bfEl sol aprieta? No hay nada que le impida quedarse en su jard\u00edn para disfrutar del aire fresco. Su p\u00e9rgola bioclim\u00e1tica de precio atractivo y sus lamas regulables independientes se adaptan a sus necesidades y a las condiciones meteorol\u00f3gicas<\/p>\n<h2>P\u00e9rgola bioclim\u00e1tica con lamas orientables<\/h2>\n<p>Con sus generosas dimensiones de , la p\u00e9rgola bioclim\u00e1tica gris antracita con lamas orientables le ofrece un espacio habitable suplementario para disfrutar de su\u00a0 durante todo el a\u00f1o. Podr\u00e1 resguardar sus con facilidad. La p\u00e9rgola de lamas orientables de aluminio gris antracita es la alternativa perfecta a un invernadero, ya que permite que el aire circule libremente a la vez que le protege del sol y del calor.<\/p>\n<p>Gracias a, la p\u00e9rgola se adapta a sus necesidades. En cuanto haga buen tiempo, si quiere disfrutar de un almuerzo en su \u00a0sin preocuparse por el tiempo, \u00a1no puede ser m\u00e1s f\u00e1cil! Puede ajustar a su gusto la luminosidad y los niveles de ventilaci\u00f3n de su p\u00e9rgola con estructura de aluminio y lamas de acero galvanizado. Gracias a las dos filas de lamas orientables, podr\u00e1 elegir entre una amplia gama de combinaciones para una protecci\u00f3n \u00f3ptima y personalizada.<\/p>\n<p>El color \u00a0de esta p\u00e9rgola de lamas orientables 3&#215;4 M se integra perfectamente en su exterior, aport\u00e1ndole un aspecto moderno.<\/p>\n<p>, la p\u00e9rgola bioclim\u00e1tica 3&#215;4 M se fija al suelo.<\/p>\n<p>Elija la p\u00e9rgola bioclim\u00e1tica de lamas orientables de aluminio gris antracita a bajo precio para disfrutar de los d\u00edas de verano<\/p>\n<h2>Dimensiones de la p\u00e9rgola de aluminio de lamas orientables 3&#215;4 M en gris antracita<\/h2>\n<ul>\n<li>Dimensiones totales: Largo 400 cm x Ancho 300 cm x Alto 220 cm<\/li>\n<li>Distancia entre patas: L. 368 x A. 278 cm<\/li>\n<li>Dimensiones de las patas : L. 9 x A. 9 cm<\/li>\n<li>Dimensiones barras laterales \/ barras transversales : L.14,4 x l. 5,5 cm<\/li>\n<li>38 listones<\/li>\n<li>Color: gris antracita<\/li>\n<li>Materiales del marco: aluminio<\/li>\n<li>Material de las lamas: acero galvanizado<\/li>\n<li>Montaje<\/li>\n<\/ul>\n<h2 id=\"headingFour\" class=\"accordion-header\">Ficha de datos<\/h2>\n<div id=\"collapseFour\" class=\"accordion-collapse collapse show\" aria-labelledby=\"headingFour\" data-bs-parent=\"#accordionProduct\">\n<div class=\"accordion-body\">\n<ul class=\"product__details\">\n<li class=\"detail\">\n<div class=\"detail__left\"><span class=\"detail__title\">Marca<\/span><\/div>\n<div class=\"detail__right\">IDMarket<\/div>\n<\/li>\n<li class=\"detail\">\n<div class=\"detail__left\"><span class=\"detail__title\">Referencia<\/span><\/div>\n<div class=\"detail__right\">16740<\/div>\n<\/li>\n<\/ul>\n<ul class=\"product__features\">\n<li class=\"detail__features\">\n<div class=\"detail__left\"><span class=\"detail__title\">Color<\/span><\/div>\n<div class=\"detail__right\">gris anthracite<\/div>\n<\/li>\n<li class=\"detail__features\">\n<div class=\"detail__left\"><span class=\"detail__title\">Dimensiones generales &#8211; Longitud<\/span><\/div>\n<div class=\"detail__right\">400<\/div>\n<\/li>\n<li class=\"detail__features\">\n<div class=\"detail__left\"><span class=\"detail__title\">Dimensiones totales &#8211; Anchura<\/span><\/div>\n<div class=\"detail__right\">300<\/div>\n<\/li>\n<li class=\"detail__features\">\n<div class=\"detail__left\"><span class=\"detail__title\">Dimensiones generales &#8211; Altura<\/span><\/div>\n<div class=\"detail__right\">220<\/div>\n<\/li>\n<li class=\"detail__features\">\n<div class=\"detail__left\"><span class=\"detail__title\">Material principal<\/span><\/div>\n<div class=\"detail__right\">Aluminio<\/div>\n<\/li>\n<li class=\"detail__caracs\">Un nouvelle espace de vie gr\u00e2ce \u00e0 la pergola bioclimatique lames orientales 3x4M !<\/li>\n<li class=\"detail__caracs\">2 rang\u00e9es de lames orientables pour contr\u00f4lez la luminosit\u00e9, la temp\u00e9rature et la ventilation<\/li>\n<li class=\"detail__caracs\">Prot\u00e9gez vous de la pluie gr\u00e2ce \u00e0 son syst\u00e8me d&#8217;\u00e9vacuation d&#8217;eau de pluie<\/li>\n<li class=\"detail__caracs\">Structure robuste et durable en aluminium et lames en acier galvanis\u00e9 pour la stabilit\u00e9 et la long\u00e9vit\u00e9 de la pergola<\/li>\n<li class=\"detail__caracs\">Dimensions de la pergola : Longueur 400 x largeur 300 x Hauteur 220 cm &#8211; Dimensions des pieds : L. 9 x l. 9 cm<\/li>\n<\/ul>\n<\/div>\n<\/div>\n<\/div>\n<\/div>\n<\/div>","protected":false},"excerpt":{"rendered":"<p>P\u00e9rgola bioclim\u00e1tica con lamas orientables 3x4M aluminio gris antracita Aproveche al m\u00e1ximo su terraza haga el tiempo que haga con<\/p>","protected":false},"featured_media":19163,"template":"","meta":[],"product_brand":[],"product_cat":[78],"product_tag":[79],"product_country":[1505],"class_list":{"0":"post-7952","1":"product","2":"type-product","3":"status-publish","4":"has-post-thumbnail","6":"product_cat-gazebos-pergolas","7":"product_tag-gazebos-pergolas","8":"product_country-spain","10":"first","11":"instock","12":"sale","13":"taxable","14":"shipping-taxable","15":"purchasable","16":"product-type-simple"},"_links":{"self":[{"href":"https:\/\/routinesfashione.com\/en\/wp-json\/wp\/v2\/product\/7952","targetHints":{"allow":["GET"]}}],"collection":[{"href":"https:\/\/routinesfashione.com\/en\/wp-json\/wp\/v2\/product"}],"about":[{"href":"https:\/\/routinesfashione.com\/en\/wp-json\/wp\/v2\/types\/product"}],"wp:featuredmedia":[{"embeddable":true,"href":"https:\/\/routinesfashione.com\/en\/wp-json\/wp\/v2\/media\/19163"}],"wp:attachment":[{"href":"https:\/\/routinesfashione.com\/en\/wp-json\/wp\/v2\/media?parent=7952"}],"wp:term":[{"taxonomy":"product_brand","embeddable":true,"href":"https:\/\/routinesfashione.com\/en\/wp-json\/wp\/v2\/product_brand?post=7952"},{"taxonomy":"product_cat","embeddable":true,"href":"https:\/\/routinesfashione.com\/en\/wp-json\/wp\/v2\/product_cat?post=7952"},{"taxonomy":"product_tag","embeddable":true,"href":"https:\/\/routinesfashione.com\/en\/wp-json\/wp\/v2\/product_tag?post=7952"},{"taxonomy":"product_country","embeddable":true,"href":"https:\/\/routinesfashione.com\/en\/wp-json\/wp\/v2\/product_country?post=7952"}],"curies":[{"name":"wp","href":"https:\/\/api.w.org\/{rel}","templated":true}]}}