{"id":7993,"date":"2025-08-09T20:59:15","date_gmt":"2025-08-09T20:59:15","guid":{"rendered":"https:\/\/lightgray-crow-170497.hostingersite.com\/?post_type=product&#038;p=7993"},"modified":"2025-09-30T21:14:25","modified_gmt":"2025-09-30T21:14:25","slug":"pergola-outsunny-290x295x213-cm","status":"publish","type":"product","link":"https:\/\/routinesfashione.com\/en\/produit\/pergola-outsunny-290x295x213-cm\/","title":{"rendered":"P\u00e9rgola Outsunny 290x295x213 cm"},"content":{"rendered":"<p>Esta espl\u00e9ndida p\u00e9rgola de jard\u00edn con lamas orientables te permitir\u00e1 pasar agradables momentos al aire libre mientras est\u00e1s protegido del sol o, por el contrario, mientras est\u00e1s expuesto totalmente o parcialmente a tu gusto. \u00a1Es la p\u00e9rgola indispensable para disfrutar al m\u00e1ximo del verano!<\/p>\n<p><b>Caracter\u00edsticas:<\/b><\/p>\n<ul>\n<li>P\u00e9rgola de estilo contempor\u00e1neo en color gris, muy elegante para realzar tu terraza y exterior<\/li>\n<li>P\u00e9rgola con lamas orientables a 135\u00b0 para modular el nivel de sombra<\/li>\n<li>Ideal para construir una superficie sombreada en el exterior para instalar un sal\u00f3n de jard\u00edn, un conjunto de comedor de jard\u00edn, una barbacoa, etc.<\/li>\n<li>Las lamas se orientan manualmente mediante una manivela<\/li>\n<li>Estructura de aluminio epoxi anticorrosi\u00f3n robusta para una larga vida \u00fatil<\/li>\n<li>Se incluyen 16 piquetas y 8 tornillos de expansi\u00f3n para fijar al suelo y proporcionar estabilidad<\/li>\n<li>F\u00e1cil instalaci\u00f3n con la ayuda del manual de montaje ilustrado proporcionado<\/li>\n<\/ul>\n<p><b>Especificaciones:<\/b><\/p>\n<ul>\n<li>Color: gris<\/li>\n<li>Material: aluminio, acero, tela de poli\u00e9ster de 180 g\/m\u00b2<\/li>\n<li>Medidas totales: 290x295x213 cm (LxANxAL)<\/li>\n<li>Altura del vi\u00f1edo: 203 cm<\/li>\n<li>Espaciado entre columnas: 273&#215;279 cm (LxAN)<\/li>\n<li>Medidas de cada lama: 284&#215;30 cm (LxAN)<\/li>\n<li>Nivel de resistencia al viento: 4 (viento suave)<\/li>\n<li>Referencia: 84C-341V02CG<\/li>\n<li>Nota: No se recomienda su uso con mal tiempo (lluvia, nieve, viento, granizo, etc.)<\/li>\n<\/ul>\n<p><b>El paquete incluye:<\/b><\/p>\n<p>\u25cf 1 x P\u00e9rgola de jard\u00edn<br \/>\n\u25cf 16 x Piqueta<br \/>\n\u25cf 8 x Tornillo de expansi\u00f3n<br \/>\n\u25cf 1 x Manual de instrucciones<\/p>","protected":false},"excerpt":{"rendered":"<p>Esta espl\u00e9ndida p\u00e9rgola de jard\u00edn con lamas orientables te permitir\u00e1 pasar agradables momentos al aire libre mientras est\u00e1s protegido del<\/p>","protected":false},"featured_media":19198,"template":"","meta":[],"product_brand":[],"product_cat":[78],"product_tag":[79],"product_country":[1505],"class_list":{"0":"post-7993","1":"product","2":"type-product","3":"status-publish","4":"has-post-thumbnail","6":"product_cat-gazebos-pergolas","7":"product_tag-gazebos-pergolas","8":"product_country-spain","10":"first","11":"instock","12":"sale","13":"taxable","14":"shipping-taxable","15":"purchasable","16":"product-type-simple"},"_links":{"self":[{"href":"https:\/\/routinesfashione.com\/en\/wp-json\/wp\/v2\/product\/7993","targetHints":{"allow":["GET"]}}],"collection":[{"href":"https:\/\/routinesfashione.com\/en\/wp-json\/wp\/v2\/product"}],"about":[{"href":"https:\/\/routinesfashione.com\/en\/wp-json\/wp\/v2\/types\/product"}],"wp:featuredmedia":[{"embeddable":true,"href":"https:\/\/routinesfashione.com\/en\/wp-json\/wp\/v2\/media\/19198"}],"wp:attachment":[{"href":"https:\/\/routinesfashione.com\/en\/wp-json\/wp\/v2\/media?parent=7993"}],"wp:term":[{"taxonomy":"product_brand","embeddable":true,"href":"https:\/\/routinesfashione.com\/en\/wp-json\/wp\/v2\/product_brand?post=7993"},{"taxonomy":"product_cat","embeddable":true,"href":"https:\/\/routinesfashione.com\/en\/wp-json\/wp\/v2\/product_cat?post=7993"},{"taxonomy":"product_tag","embeddable":true,"href":"https:\/\/routinesfashione.com\/en\/wp-json\/wp\/v2\/product_tag?post=7993"},{"taxonomy":"product_country","embeddable":true,"href":"https:\/\/routinesfashione.com\/en\/wp-json\/wp\/v2\/product_country?post=7993"}],"curies":[{"name":"wp","href":"https:\/\/api.w.org\/{rel}","templated":true}]}}