{"id":8000,"date":"2025-08-09T20:58:03","date_gmt":"2025-08-09T20:58:03","guid":{"rendered":"https:\/\/lightgray-crow-170497.hostingersite.com\/?post_type=product&#038;p=8000"},"modified":"2025-09-30T21:14:25","modified_gmt":"2025-09-30T21:14:25","slug":"cenador-con-cortina-color-crema-aluminio-400x300-cm-vidaxl","status":"publish","type":"product","link":"https:\/\/routinesfashione.com\/en\/produit\/cenador-con-cortina-color-crema-aluminio-400x300-cm-vidaxl\/","title":{"rendered":"Cenador con cortina color crema aluminio 400&#215;300 cm Vidaxl"},"content":{"rendered":"<h2 class=\"default\">Descripci\u00f3n del producto<\/h2>\n<div id=\"productDescription\" class=\"a-section a-spacing-small\">\n<p>Este cenador con cortinas tiene un dise\u00f1o cl\u00e1sico y elegante. Ser\u00e1 el parasol perfecto para eventos al aire libre, como cenas, barbacoas, reuniones familiares, etc. El techo de tela Oxford con pintura PA le protege de la luz deslumbrante y de los rayos UV da\u00f1inos. La carpa tiene una s\u00f3lida construcci\u00f3n de aluminio y acero, lo que lo hace resistente al \u00f3xido y muy estable. El cenador viene con 4 paneles laterales que se pueden tirar hacia abajo cuando hace mal tiempo. Las ventanas de malla tambi\u00e9n est\u00e1n incluidas para mantener los insectos fuera y garantizar la circulaci\u00f3n del aire. Para una f\u00e1cil fijaci\u00f3n tambi\u00e9n se incluyen cierres de velcro. El cenador se puede fijar f\u00e1cilmente al suelo con las fijaciones incluidas. El cenador es f\u00e1cil de montar. Nota: este art\u00edculo no debe utilizarse nunca en condiciones clim\u00e1ticas adversas, como viento fuerte, lluvia, nieve fuerte, tormenta, granizo, etc.<\/p>\n<ul class=\"a-unordered-list a-vertical\">\n<li><span class=\"a-list-item\">Color: crema.<\/span><\/li>\n<li><span class=\"a-list-item\">Material del marco: aluminio y acero.<\/span><\/li>\n<li><span class=\"a-list-item\">Material del techo: tela Oxford.<\/span><\/li>\n<li><span class=\"a-list-item\">Material de la cortina: poli\u00e9ster.<\/span><\/li>\n<li><span class=\"a-list-item\">Dimensiones: 400 x 300 x 270 cm (largo x ancho x alto).<\/span><\/li>\n<li><span class=\"a-list-item\">Altura del alero: 200 cm.<\/span><\/li>\n<li><span class=\"a-list-item\">Incluye 4 cortinas laterales y ventanas de malla.<\/span><\/li>\n<li><span class=\"a-list-item\">Techo con revestimiento anti-UV PA.<\/span><\/li>\n<\/ul>\n<table class=\"a-normal a-spacing-micro\">\n<tbody>\n<tr class=\"a-spacing-small po-brand\">\n<td class=\"a-span3\"><span class=\"a-size-base a-text-bold\">Marca<\/span><\/td>\n<td class=\"a-span9\"><span class=\"a-size-base po-break-word\">vidaXL<\/span><\/td>\n<\/tr>\n<tr class=\"a-spacing-small po-material\">\n<td class=\"a-span3\"><span class=\"a-size-base a-text-bold\">Material<\/span><\/td>\n<td class=\"a-span9\"><span class=\"a-size-base po-break-word\">Poli\u00e9ster, tela<\/span><\/td>\n<\/tr>\n<tr class=\"a-spacing-small po-style\">\n<td class=\"a-span3\"><span class=\"a-size-base a-text-bold\">Estilo<\/span><\/td>\n<td class=\"a-span9\"><span class=\"a-size-base po-break-word\">Cl\u00e1sico,Elegante,Estable<\/span><\/td>\n<\/tr>\n<tr class=\"a-spacing-small po-item_weight\">\n<td class=\"a-span3\"><span class=\"a-size-base a-text-bold\">Peso del producto<\/span><\/td>\n<td class=\"a-span9\"><span class=\"a-size-base po-break-word\">44,32 Kilogramos<\/span><\/td>\n<\/tr>\n<tr class=\"a-spacing-small po-frame.material\">\n<td class=\"a-span3\"><span class=\"a-size-base a-text-bold\">Material del marco<\/span><\/td>\n<td class=\"a-span9\"><span class=\"a-size-base po-break-word\">Acero,Aluminio<\/span><\/td>\n<\/tr>\n<tr class=\"a-spacing-small po-item_shape\">\n<td class=\"a-span3\"><span class=\"a-size-base a-text-bold\">Forma<\/span><\/td>\n<td class=\"a-span9\"><span class=\"a-size-base po-break-word\">Rectangular<\/span><\/td>\n<\/tr>\n<tr class=\"a-spacing-small po-ultraviolet_light_protection\">\n<td class=\"a-span3\"><span class=\"a-size-base a-text-bold\">Protecci\u00f3n frente a la luz ultravioleta<\/span><\/td>\n<td class=\"a-span9\"><span class=\"a-size-base po-break-word\">True<\/span><\/td>\n<\/tr>\n<tr class=\"a-spacing-small po-is_assembly_required\">\n<td class=\"a-span3\"><span class=\"a-size-base a-text-bold\">Requiere montaje<\/span><\/td>\n<td class=\"a-span9\"><span class=\"a-size-base po-break-word\">S\u00ed<\/span><\/td>\n<\/tr>\n<tr class=\"a-spacing-small po-manufacturer\">\n<td class=\"a-span3\"><span class=\"a-size-base a-text-bold\">Fabricante<\/span><\/td>\n<td class=\"a-span9\"><span class=\"a-size-base po-break-word\">vidaXL<\/span><\/td>\n<\/tr>\n<\/tbody>\n<\/table>\n<\/div>","protected":false},"excerpt":{"rendered":"<p>Descripci\u00f3n del producto Este cenador con cortinas tiene un dise\u00f1o cl\u00e1sico y elegante. Ser\u00e1 el parasol perfecto para eventos al<\/p>","protected":false},"featured_media":19202,"template":"","meta":[],"product_brand":[],"product_cat":[78],"product_tag":[79],"product_country":[1505],"class_list":{"0":"post-8000","1":"product","2":"type-product","3":"status-publish","4":"has-post-thumbnail","6":"product_cat-gazebos-pergolas","7":"product_tag-gazebos-pergolas","8":"product_country-spain","10":"first","11":"instock","12":"sale","13":"taxable","14":"shipping-taxable","15":"purchasable","16":"product-type-simple"},"_links":{"self":[{"href":"https:\/\/routinesfashione.com\/en\/wp-json\/wp\/v2\/product\/8000","targetHints":{"allow":["GET"]}}],"collection":[{"href":"https:\/\/routinesfashione.com\/en\/wp-json\/wp\/v2\/product"}],"about":[{"href":"https:\/\/routinesfashione.com\/en\/wp-json\/wp\/v2\/types\/product"}],"wp:featuredmedia":[{"embeddable":true,"href":"https:\/\/routinesfashione.com\/en\/wp-json\/wp\/v2\/media\/19202"}],"wp:attachment":[{"href":"https:\/\/routinesfashione.com\/en\/wp-json\/wp\/v2\/media?parent=8000"}],"wp:term":[{"taxonomy":"product_brand","embeddable":true,"href":"https:\/\/routinesfashione.com\/en\/wp-json\/wp\/v2\/product_brand?post=8000"},{"taxonomy":"product_cat","embeddable":true,"href":"https:\/\/routinesfashione.com\/en\/wp-json\/wp\/v2\/product_cat?post=8000"},{"taxonomy":"product_tag","embeddable":true,"href":"https:\/\/routinesfashione.com\/en\/wp-json\/wp\/v2\/product_tag?post=8000"},{"taxonomy":"product_country","embeddable":true,"href":"https:\/\/routinesfashione.com\/en\/wp-json\/wp\/v2\/product_country?post=8000"}],"curies":[{"name":"wp","href":"https:\/\/api.w.org\/{rel}","templated":true}]}}