{"id":8012,"date":"2025-08-09T21:10:22","date_gmt":"2025-08-09T21:10:22","guid":{"rendered":"https:\/\/lightgray-crow-170497.hostingersite.com\/?post_type=product&#038;p=8012"},"modified":"2025-09-30T21:14:26","modified_gmt":"2025-09-30T21:14:26","slug":"outsunny-cenador-de-jardin-gazebo-exterior-con-doble-techo-y","status":"publish","type":"product","link":"https:\/\/routinesfashione.com\/en\/produit\/outsunny-cenador-de-jardin-gazebo-exterior-con-doble-techo-y\/","title":{"rendered":"Outsunny Cenador de jard\u00edn Gazebo Exterior con Doble Techo y"},"content":{"rendered":"<h2>Descripci\u00f3n del producto<\/h2>\n<div class=\"aplus-v2 desktop celwidget\" data-csa-c-id=\"nena9y-8z1yrb-yu2uc4-hfbc1x\" data-cel-widget=\"aplus\">\n<div class=\"celwidget aplus-module 3p-module-b aplus-standard\" data-csa-c-id=\"21jud3-yxngy2-vb5lnu-wdkgem\" data-cel-widget=\"aplus-3p-module-b\">\n<div class=\"aplus-module-wrapper aplus-3p-fixed-width\">\n<p class=\"a-spacing-base\">Elegancia y comodidad para tus reuniones con la familia y\/o amigos. \u00a1Impresiona a tus invitados con esta p\u00e9rgola de Outsunny! Su estructura met\u00e1lica y techo doble llaman la atenci\u00f3n a primera vista, pero lo mejor est\u00e1 escondido detr\u00e1s de las m\u00faltiples opciones que sus laterales permiten. Tiene cortinas opacas y tambi\u00e9n mosquiteras, para que puedas colocar unas u otras, o mantener ambas cerradas para ofrecer un espacio completamente abierto. \u00a1Es la soluci\u00f3n perfecta para tu jard\u00edn!<\/p>\n<\/div>\n<\/div>\n<div class=\"celwidget aplus-module module-1 aplus-standard\" data-csa-c-id=\"k20axz-ibnoxv-s6p067-b6fxlu\" data-cel-widget=\"aplus-module-1\">\n<div class=\"aplus-module-wrapper apm-fixed-width\">\n<div class=\"apm-spacing apm-wrap\">\n<div class=\"apm-floatleft apm-wrap\">\n<div class=\"apm-rightthirdcol\">\n<div class=\"apm-rightthirdcol-inner\">\n<p class=\"a-spacing-small a-size-small a-color-secondary\">Transforma tu jard\u00edn o terraza en tu zona favorita. Prepara el espacio para que sea c\u00f3modo, pr\u00e1ctico y acogedor. Puedes hacerlo con p\u00e9rgolas, toldos, sombrillas, suelos de exterior, jardineras y cobertizos. Compra muebles de exterior c\u00f3modos y elegantes, a\u00f1ade una barbacoa y podr\u00e1s disfrutar al m\u00e1ximo del aire libre \u00a1Con los productos Outsunny tus eventos y fiestas ser\u00e1n inolvidables!<\/p>\n<\/div>\n<\/div>\n<div class=\"apm-centerthirdcol apm-wrap\">\n<div class=\"amp-centerthirdcol-listbox\">\n<div class=\"a-box a-spacing-small a-color-alternate-background apm-listbox amp-centerthirdcol-listbox\">\n<div class=\"a-box-inner\">\n<ul class=\"a-unordered-list a-vertical\">\n<li><span class=\"a-list-item\"><span class=\"a-size-base\">Estructura de metal resistente con recubrimiento en polvo para evitar la corrosi\u00f3n y proporcionar mayor resistencia a las inclemencias del tiempo;<\/span><\/span><\/li>\n<li><span class=\"a-list-item\"><span class=\"a-size-base\">Amplio espacio interior para hasta 15 personas y muebles de jard\u00edn;<\/span><\/span><\/li>\n<li><span class=\"a-list-item\"><span class=\"a-size-base\">Incluye cortinas opacas y tambi\u00e9n mosquiteras;<\/span><\/span><\/li>\n<li><span class=\"a-list-item\"><span class=\"a-size-base\">El techo doble garantiza una mayor circulaci\u00f3n del aire;<\/span><\/span><\/li>\n<li><span class=\"a-list-item\"><span class=\"a-size-base\">Cuenta con 12 orificios de drenaje incorporados que evitan la acumulaci\u00f3n de agua;<\/span><\/span><\/li>\n<li><span class=\"a-list-item\"><span class=\"a-size-base\">Incluye 12 estacas de suelo y 12 tornillos de expansi\u00f3n para anclar en el suelo mayor estabilidad;<\/span><\/span><\/li>\n<li><span class=\"a-list-item\"><span class=\"a-size-base\">F\u00e1cil de limpiar y mantener;<\/span><\/span><\/li>\n<li><span class=\"a-list-item\"><span class=\"a-size-base\">Requiere montaje;<\/span><\/span><\/li>\n<\/ul>\n<\/div>\n<\/div>\n<\/div>\n<\/div>\n<\/div>\n<\/div>\n<\/div>\n<div><\/div>\n<\/div>\n<div class=\"celwidget aplus-module module-16-tech-specs aplus-standard\" data-csa-c-id=\"l9fym4-i1qqib-hvrtst-8m9e4i\" data-cel-widget=\"aplus-module-16-tech-specs\">\n<div class=\"a-section a-spacing-large aplus-module-wrapper apm-fixed-width aplus-index-2\">\n<div class=\"a-row\">\n<div class=\"a-column a-span6\">\n<table class=\"a-bordered a-horizontal-stripes aplus-tech-spec-table\">\n<tbody>\n<tr>\n<td class=\"a-text-bold\">Color<\/td>\n<td>gris oscuro;<\/td>\n<\/tr>\n<tr>\n<td class=\"a-text-bold\">Material<\/td>\n<td>metal galvanizado, poli\u00e9ster y nylon;<\/td>\n<\/tr>\n<tr>\n<td class=\"a-text-bold\">Medidas totales<\/td>\n<td>300x600x278 cm (LxANxAL);<\/td>\n<\/tr>\n<tr>\n<td class=\"a-text-bold\">Altura del alero<\/td>\n<td>190 cm;<\/td>\n<\/tr>\n<\/tbody>\n<\/table>\n<\/div>\n<div class=\"a-column a-span6 a-span-last\">\n<table class=\"a-bordered a-horizontal-stripes aplus-tech-spec-table\" style=\"height: 183px;\" width=\"972\">\n<tbody>\n<tr>\n<td class=\"a-text-bold\">Espacio entre las columnas<\/td>\n<td>285&#215;290 cm (LxAN);<\/td>\n<\/tr>\n<tr>\n<td class=\"a-text-bold\">Referencia<\/td>\n<td>84C-365V01LG<\/td>\n<\/tr>\n<tr>\n<td class=\"a-text-bold\">NOTA<\/td>\n<td>No se recomienda su uso en condiciones clim\u00e1ticas extremas, como tormentas o fuertes vientos\/lluvias. Se recomienda el uso de 2 personas para montarla;<\/td>\n<\/tr>\n<\/tbody>\n<\/table>\n<table class=\"a-normal a-spacing-micro\">\n<tbody>\n<tr class=\"a-spacing-small po-brand\">\n<td class=\"a-span3\"><span class=\"a-size-base a-text-bold\">Marca<\/span><\/td>\n<td class=\"a-span9\"><span class=\"a-size-base po-break-word\">Outsunny<\/span><\/td>\n<\/tr>\n<tr class=\"a-spacing-small po-material\">\n<td class=\"a-span3\"><span class=\"a-size-base a-text-bold\">Material<\/span><\/td>\n<td class=\"a-span9\"><span class=\"a-size-base po-break-word\">Poli\u00e9ster, Metal Galvanizado, Nyl\u00f3n<\/span><\/td>\n<\/tr>\n<tr class=\"a-spacing-small po-style\">\n<td class=\"a-span3\"><span class=\"a-size-base a-text-bold\">Estilo<\/span><\/td>\n<td class=\"a-span9\"><span class=\"a-size-base po-break-word\">Jard\u00edn<\/span><\/td>\n<\/tr>\n<tr class=\"a-spacing-small po-item_length_width_height\">\n<td class=\"a-span3\"><span class=\"a-size-base a-text-bold\">Dimensiones del producto<\/span><\/td>\n<td class=\"a-span9\"><span class=\"a-size-base po-break-word\">3l. x 6an. x 2,78al. metros<\/span><\/td>\n<\/tr>\n<tr class=\"a-spacing-small po-item_weight\">\n<td class=\"a-span3\"><span class=\"a-size-base a-text-bold\">Peso del producto<\/span><\/td>\n<td class=\"a-span9\"><span class=\"a-size-base po-break-word\">47,85 Kilogramos<\/span><\/td>\n<\/tr>\n<tr class=\"a-spacing-small po-frame.material\">\n<td class=\"a-span3\"><span class=\"a-size-base a-text-bold\">Material del marco<\/span><\/td>\n<td class=\"a-span9\"><span class=\"a-size-base po-break-word\">Metal<\/span><\/td>\n<\/tr>\n<tr class=\"a-spacing-small po-water_resistance_level\">\n<td class=\"a-span3\"><span class=\"a-size-base a-text-bold\">Nivel de resistencia al agua<\/span><\/td>\n<td class=\"a-span9\"><span class=\"a-size-base po-break-word\">Resistente al agua<\/span><\/td>\n<\/tr>\n<tr class=\"a-spacing-small po-item_shape\">\n<td class=\"a-span3\"><span class=\"a-size-base a-text-bold\">Forma<\/span><\/td>\n<td class=\"a-span9\"><span class=\"a-size-base po-break-word\">Rectangular<\/span><\/td>\n<\/tr>\n<tr class=\"a-spacing-small po-ultraviolet_light_protection\">\n<td class=\"a-span3\"><span class=\"a-size-base a-text-bold\">Protecci\u00f3n frente a la luz ultravioleta<\/span><\/td>\n<td class=\"a-span9\"><span class=\"a-size-base po-break-word\">True<\/span><\/td>\n<\/tr>\n<tr class=\"a-spacing-small po-is_assembly_required\">\n<td class=\"a-span3\"><span class=\"a-size-base a-text-bold\">Requiere montaje<\/span><\/td>\n<td class=\"a-span9\"><span class=\"a-size-base po-break-word\">S\u00ed<\/span><\/td>\n<\/tr>\n<\/tbody>\n<\/table>\n<\/div>\n<\/div>\n<\/div>\n<\/div>\n<\/div>","protected":false},"excerpt":{"rendered":"<p>Descripci\u00f3n del producto Elegancia y comodidad para tus reuniones con la familia y\/o amigos. \u00a1Impresiona a tus invitados con esta<\/p>","protected":false},"featured_media":19211,"template":"","meta":[],"product_brand":[],"product_cat":[78],"product_tag":[79],"product_country":[1505],"class_list":{"0":"post-8012","1":"product","2":"type-product","3":"status-publish","4":"has-post-thumbnail","6":"product_cat-gazebos-pergolas","7":"product_tag-gazebos-pergolas","8":"product_country-spain","10":"first","11":"instock","12":"sale","13":"taxable","14":"shipping-taxable","15":"purchasable","16":"product-type-simple"},"_links":{"self":[{"href":"https:\/\/routinesfashione.com\/en\/wp-json\/wp\/v2\/product\/8012","targetHints":{"allow":["GET"]}}],"collection":[{"href":"https:\/\/routinesfashione.com\/en\/wp-json\/wp\/v2\/product"}],"about":[{"href":"https:\/\/routinesfashione.com\/en\/wp-json\/wp\/v2\/types\/product"}],"wp:featuredmedia":[{"embeddable":true,"href":"https:\/\/routinesfashione.com\/en\/wp-json\/wp\/v2\/media\/19211"}],"wp:attachment":[{"href":"https:\/\/routinesfashione.com\/en\/wp-json\/wp\/v2\/media?parent=8012"}],"wp:term":[{"taxonomy":"product_brand","embeddable":true,"href":"https:\/\/routinesfashione.com\/en\/wp-json\/wp\/v2\/product_brand?post=8012"},{"taxonomy":"product_cat","embeddable":true,"href":"https:\/\/routinesfashione.com\/en\/wp-json\/wp\/v2\/product_cat?post=8012"},{"taxonomy":"product_tag","embeddable":true,"href":"https:\/\/routinesfashione.com\/en\/wp-json\/wp\/v2\/product_tag?post=8012"},{"taxonomy":"product_country","embeddable":true,"href":"https:\/\/routinesfashione.com\/en\/wp-json\/wp\/v2\/product_country?post=8012"}],"curies":[{"name":"wp","href":"https:\/\/api.w.org\/{rel}","templated":true}]}}