{"id":8016,"date":"2025-08-09T21:05:50","date_gmt":"2025-08-09T21:05:50","guid":{"rendered":"https:\/\/lightgray-crow-170497.hostingersite.com\/?post_type=product&#038;p=8016"},"modified":"2025-09-30T21:14:26","modified_gmt":"2025-09-30T21:14:26","slug":"gazebo-con-techo-de-lamas-3x4-m-tejido-color-crema-y-aluminio","status":"publish","type":"product","link":"https:\/\/routinesfashione.com\/en\/produit\/gazebo-con-techo-de-lamas-3x4-m-tejido-color-crema-y-aluminio\/","title":{"rendered":"Gazebo con techo de lamas 3&#215;4 m Tejido color crema y aluminio"},"content":{"rendered":"<h3 class=\"h4-like text-break mt-4 fs-sm-18\">Un espacio de sombra elegante y con estilo<\/h3>\n<p class=\"p-like mt-3\">Decididamente moderna con su estilo puro, la p\u00e9rgola Isla encontrar\u00e1 su lugar en muchos jardines, sin dificultad. Su dise\u00f1o aportar\u00e1 un toque de elegancia a su exterior. Esta p\u00e9rgola es perfecta para resguardar a sus invitados o a su familia del sol, o por el contrario para disfrutar de \u00e9l si lo desea.<\/p>\n<h3 class=\"h4-like text-break mt-4 fs-sm-18\">Un techo retr\u00e1ctil que se adapta a sus necesidades<\/h3>\n<p class=\"p-like mt-3\">La p\u00e9rgola Isla es muy pr\u00e1ctica. Se adapta a sus necesidades porque su techo es retr\u00e1ctil. Esto significa que no tiene que mover los muebles de jard\u00edn o la tumbona si quiere disfrutar del sol. Abrir y cerrar el techo es muy f\u00e1cil. La cubierta del techo est\u00e1 montada sobre ra\u00edles. Basta con tirar de la correa para deslizarla de la posici\u00f3n abierta a la cerrada. Esta correa de velcro tambi\u00e9n mantiene la tela doblada.<\/p>\n<h3 class=\"h4-like text-break mt-4 fs-sm-18\">Aluminio: una garant\u00eda de longevidad<\/h3>\n<p class=\"p-like mt-3\">Fabricada en aluminio, esta p\u00e9rgola es un producto de calidad. Permanecer\u00e1 en su jard\u00edn durante a\u00f1os. De hecho, el aluminio es un material ideal para el exterior, ya que no se oxida. El tejido es repelente al agua.<br \/>\n<strong>Informaci\u00f3n adicional\u00a0<\/strong><br \/>\nFoto no contractual: Aunque la foto es la real, tomada y cortada por nosotros, el color del tejido puede variar dependiendo de la calidad y los ajustes de su monitor.<\/p>\n<p>&nbsp;<\/p>\n<table class=\"in-array mt-5 flex-1 h-fit-content\">\n<tbody>\n<tr>\n<td>Tipo<\/td>\n<td>Aut\u00f3nomo<\/td>\n<\/tr>\n<tr>\n<td>Color<\/td>\n<td>Beige<\/td>\n<\/tr>\n<tr>\n<td>Garant\u00eda<\/td>\n<td>3 a\u00f1os<\/td>\n<\/tr>\n<tr>\n<td>Tama\u00f1o<\/td>\n<td>3&#215;4 m<\/td>\n<\/tr>\n<tr>\n<td>Superficie<\/td>\n<td>12 m\u00b2<\/td>\n<\/tr>\n<tr>\n<td>Peso<\/td>\n<td>27,8 kilogramos<\/td>\n<\/tr>\n<tr>\n<td>Material<\/td>\n<td>Aluminio<\/td>\n<\/tr>\n<tr>\n<td>Material estructura<\/td>\n<td>Aluminio<\/td>\n<\/tr>\n<tr>\n<td>Densidad<\/td>\n<td>180 g\/m\u00b2<\/td>\n<\/tr>\n<tr>\n<td>Montaje<\/td>\n<td>El montaje es muy sencillo, se incluye un manual de instrucciones<\/td>\n<\/tr>\n<\/tbody>\n<\/table>","protected":false},"excerpt":{"rendered":"<p>Un espacio de sombra elegante y con estilo Decididamente moderna con su estilo puro, la p\u00e9rgola Isla encontrar\u00e1 su lugar<\/p>","protected":false},"featured_media":19219,"template":"","meta":[],"product_brand":[],"product_cat":[78],"product_tag":[79],"product_country":[1505],"class_list":{"0":"post-8016","1":"product","2":"type-product","3":"status-publish","4":"has-post-thumbnail","6":"product_cat-gazebos-pergolas","7":"product_tag-gazebos-pergolas","8":"product_country-spain","10":"first","11":"instock","12":"sale","13":"taxable","14":"shipping-taxable","15":"purchasable","16":"product-type-simple"},"_links":{"self":[{"href":"https:\/\/routinesfashione.com\/en\/wp-json\/wp\/v2\/product\/8016","targetHints":{"allow":["GET"]}}],"collection":[{"href":"https:\/\/routinesfashione.com\/en\/wp-json\/wp\/v2\/product"}],"about":[{"href":"https:\/\/routinesfashione.com\/en\/wp-json\/wp\/v2\/types\/product"}],"wp:featuredmedia":[{"embeddable":true,"href":"https:\/\/routinesfashione.com\/en\/wp-json\/wp\/v2\/media\/19219"}],"wp:attachment":[{"href":"https:\/\/routinesfashione.com\/en\/wp-json\/wp\/v2\/media?parent=8016"}],"wp:term":[{"taxonomy":"product_brand","embeddable":true,"href":"https:\/\/routinesfashione.com\/en\/wp-json\/wp\/v2\/product_brand?post=8016"},{"taxonomy":"product_cat","embeddable":true,"href":"https:\/\/routinesfashione.com\/en\/wp-json\/wp\/v2\/product_cat?post=8016"},{"taxonomy":"product_tag","embeddable":true,"href":"https:\/\/routinesfashione.com\/en\/wp-json\/wp\/v2\/product_tag?post=8016"},{"taxonomy":"product_country","embeddable":true,"href":"https:\/\/routinesfashione.com\/en\/wp-json\/wp\/v2\/product_country?post=8016"}],"curies":[{"name":"wp","href":"https:\/\/api.w.org\/{rel}","templated":true}]}}