{"id":8068,"date":"2025-08-09T21:21:55","date_gmt":"2025-08-09T21:21:55","guid":{"rendered":"https:\/\/lightgray-crow-170497.hostingersite.com\/?post_type=product&#038;p=8068"},"modified":"2025-09-30T21:06:52","modified_gmt":"2025-09-30T21:06:52","slug":"naterial-pergola-de-acero-yena-gris-de-400x350x270-cm","status":"publish","type":"product","link":"https:\/\/routinesfashione.com\/en\/produit\/naterial-pergola-de-acero-yena-gris-de-400x350x270-cm\/","title":{"rendered":"NATERIAL P\u00e9rgola de acero yena gris de 400x350x270 cm"},"content":{"rendered":"<div class=\"o-product-detail-informations__description\">\n<p>P\u00e9rgola de acero Naterial Yena con acabado de color gris antracita. Pensada para ser apoyada en una pared, la p\u00e9rgola Yena te permite ampliar tu espacio de vida al aire libre para disfrutar de agradables momentos y protegerte, al mismo tiempo, del sol y de la lluvia. La estructura de la p\u00e9rgola Yena se apoya en tres patas rectangulares y su gran superficie permite acomodar hasta 8 personas sentadas para compartir una comida. En verano, disfruta de una zona de sombra y prot\u00e9gete de los rayos UV desplegando su lona con un simple movimiento de la mano. En invierno, prot\u00e9gete de la lluvia gracias a su techo de policarbonato, un material termopl\u00e1stico robusto y resistente a los golpes. La p\u00e9rgola Yena tiene un sistema de canalones, colocados en las patas de la estructura, que conducen el agua lo m\u00e1s cerca posible del suelo. Este sistema permite incluso acoplar un colector de agua. Dise\u00f1ada para estar instalada de forma permanente, la estructura est\u00e1 \u00edntegramente realizada en aluminio. Conocido por ser robusto, este material es resistente a la lluvia y al \u00f3xido. Con su color gris antracita, el estilo sobrio y elegante de la p\u00e9rgola Yena embellece tus superficies exteriores. Muy f\u00e1cil de mantener: un pa\u00f1o h\u00famedo y un producto neutro son suficientes para limpiarla. Medidas: 400 x 400 cm (ancho x largo).<\/p>\n<\/div>\n<table class=\"o-product-features\" role=\"presentation\" data-cerberus=\"TABLE_AttributesProduct\">\n<caption class=\"kl-hidden-accessibility\">\u00a0<\/caption>\n<tbody>\n<tr class=\"m-product-attr-row\">\n<th class=\"m-product-attr-row__name\" scope=\"row\">Familia de color<\/th>\n<td class=\"m-product-attr-row__value\">Gris \/ plata<\/td>\n<\/tr>\n<tr class=\"m-product-attr-row\">\n<th class=\"m-product-attr-row__name\" scope=\"row\">Bioclim\u00e1tico<\/th>\n<td class=\"m-product-attr-row__value\">No<\/td>\n<\/tr>\n<tr class=\"m-product-attr-row\">\n<th class=\"m-product-attr-row__name\" scope=\"row\">Fijaci\u00f3n a suelo<\/th>\n<td class=\"m-product-attr-row__value\">No<\/td>\n<\/tr>\n<tr class=\"m-product-attr-row\">\n<th class=\"m-product-attr-row__name\" scope=\"row\">Material de las cortinas<\/th>\n<td class=\"m-product-attr-row__value\">Sin<\/td>\n<\/tr>\n<tr class=\"m-product-attr-row\">\n<th class=\"m-product-attr-row__name\" scope=\"row\">Altura entrada (en cm)<\/th>\n<td class=\"m-product-attr-row__value\">210<\/td>\n<\/tr>\n<tr class=\"m-product-attr-row\">\n<th class=\"m-product-attr-row__name\" scope=\"row\">Color de la estructura<\/th>\n<td class=\"m-product-attr-row__value\">Gris antracita<\/td>\n<\/tr>\n<tr class=\"m-product-attr-row\">\n<th class=\"m-product-attr-row__name\" scope=\"row\">Superficie (en m\u00b2)<\/th>\n<td class=\"m-product-attr-row__value\">14<\/td>\n<\/tr>\n<tr class=\"m-product-attr-row\">\n<th class=\"m-product-attr-row__name\" scope=\"row\">Material de la estructura<\/th>\n<td class=\"m-product-attr-row__value\">Acero |\u00a0 Aluminio<\/td>\n<\/tr>\n<tr class=\"m-product-attr-row\">\n<th class=\"m-product-attr-row__name\" scope=\"row\">Desag\u00fce<\/th>\n<td class=\"m-product-attr-row__value\">S\u00ed<\/td>\n<\/tr>\n<tr class=\"m-product-attr-row\">\n<th class=\"m-product-attr-row__name\" scope=\"row\">Cortinas elevables<\/th>\n<td class=\"m-product-attr-row__value\">No<\/td>\n<\/tr>\n<tr class=\"m-product-attr-row\">\n<th class=\"m-product-attr-row__name\" scope=\"row\">Color de la cubierta<\/th>\n<td class=\"m-product-attr-row__value\">Gris<\/td>\n<\/tr>\n<tr class=\"m-product-attr-row\">\n<th class=\"m-product-attr-row__name\" scope=\"row\">Sistema antiviento<\/th>\n<td class=\"m-product-attr-row__value\">No<\/td>\n<\/tr>\n<tr class=\"m-product-attr-row\">\n<th class=\"m-product-attr-row__name\" scope=\"row\">Anchura (en cm)<\/th>\n<td class=\"m-product-attr-row__value\">400<\/td>\n<\/tr>\n<tr class=\"m-product-attr-row\">\n<th class=\"m-product-attr-row__name\" scope=\"row\">Longitud (en cm)<\/th>\n<td class=\"m-product-attr-row__value\">350<\/td>\n<\/tr>\n<tr class=\"m-product-attr-row\">\n<th class=\"m-product-attr-row__name\" scope=\"row\">Altura (en cm)<\/th>\n<td class=\"m-product-attr-row__value\">270<\/td>\n<\/tr>\n<tr class=\"m-product-attr-row\">\n<th class=\"m-product-attr-row__name\" scope=\"row\">Longitud interior (en cm)<\/th>\n<td class=\"m-product-attr-row__value\">365<\/td>\n<\/tr>\n<tr class=\"m-product-attr-row\">\n<th class=\"m-product-attr-row__name\" scope=\"row\">Plegable<\/th>\n<td class=\"m-product-attr-row__value\">No<\/td>\n<\/tr>\n<tr class=\"m-product-attr-row\">\n<th class=\"m-product-attr-row__name\" scope=\"row\">Producto empaquetado: anchura (en cm)<\/th>\n<td class=\"m-product-attr-row__value\">44<\/td>\n<\/tr>\n<tr class=\"m-product-attr-row\">\n<th class=\"m-product-attr-row__name\" scope=\"row\">Producto empaquetado: altura (en cm)<\/th>\n<td class=\"m-product-attr-row__value\">28.8<\/td>\n<\/tr>\n<tr class=\"m-product-attr-row\">\n<th class=\"m-product-attr-row__name\" scope=\"row\">Producto empaquetado: profundidad (en cm)<\/th>\n<td class=\"m-product-attr-row__value\">354.5<\/td>\n<\/tr>\n<tr class=\"m-product-attr-row\">\n<th class=\"m-product-attr-row__name\" scope=\"row\">Producto empaquetado: peso (en kg)<\/th>\n<td class=\"m-product-attr-row__value\">91.35<\/td>\n<\/tr>\n<tr class=\"m-product-attr-row\">\n<th class=\"m-product-attr-row__name\" scope=\"row\">Garant\u00eda (en a\u00f1os)<\/th>\n<td class=\"m-product-attr-row__value\">3<\/td>\n<\/tr>\n<tr class=\"m-product-attr-row\">\n<th class=\"m-product-attr-row__name\" scope=\"row\">Soporte de destino<\/th>\n<td class=\"m-product-attr-row__value\">Pared<\/td>\n<\/tr>\n<\/tbody>\n<\/table>","protected":false},"excerpt":{"rendered":"<p>P\u00e9rgola de acero Naterial Yena con acabado de color gris antracita. Pensada para ser apoyada en una pared, la p\u00e9rgola<\/p>","protected":false},"featured_media":19254,"template":"","meta":[],"product_brand":[],"product_cat":[78],"product_tag":[79],"product_country":[1505],"class_list":{"0":"post-8068","1":"product","2":"type-product","3":"status-publish","4":"has-post-thumbnail","6":"product_cat-gazebos-pergolas","7":"product_tag-gazebos-pergolas","8":"product_country-spain","10":"first","11":"instock","12":"sale","13":"taxable","14":"shipping-taxable","15":"purchasable","16":"product-type-simple"},"_links":{"self":[{"href":"https:\/\/routinesfashione.com\/en\/wp-json\/wp\/v2\/product\/8068","targetHints":{"allow":["GET"]}}],"collection":[{"href":"https:\/\/routinesfashione.com\/en\/wp-json\/wp\/v2\/product"}],"about":[{"href":"https:\/\/routinesfashione.com\/en\/wp-json\/wp\/v2\/types\/product"}],"wp:featuredmedia":[{"embeddable":true,"href":"https:\/\/routinesfashione.com\/en\/wp-json\/wp\/v2\/media\/19254"}],"wp:attachment":[{"href":"https:\/\/routinesfashione.com\/en\/wp-json\/wp\/v2\/media?parent=8068"}],"wp:term":[{"taxonomy":"product_brand","embeddable":true,"href":"https:\/\/routinesfashione.com\/en\/wp-json\/wp\/v2\/product_brand?post=8068"},{"taxonomy":"product_cat","embeddable":true,"href":"https:\/\/routinesfashione.com\/en\/wp-json\/wp\/v2\/product_cat?post=8068"},{"taxonomy":"product_tag","embeddable":true,"href":"https:\/\/routinesfashione.com\/en\/wp-json\/wp\/v2\/product_tag?post=8068"},{"taxonomy":"product_country","embeddable":true,"href":"https:\/\/routinesfashione.com\/en\/wp-json\/wp\/v2\/product_country?post=8068"}],"curies":[{"name":"wp","href":"https:\/\/api.w.org\/{rel}","templated":true}]}}