{"id":8201,"date":"2025-08-09T21:58:31","date_gmt":"2025-08-09T21:58:31","guid":{"rendered":"https:\/\/lightgray-crow-170497.hostingersite.com\/?post_type=product&#038;p=8201"},"modified":"2025-09-30T21:07:00","modified_gmt":"2025-09-30T21:07:00","slug":"cenador-aluminio-3-x-4-sahara-aventura-con-laminas-laterales-y-mosquitera-superior-pvc","status":"publish","type":"product","link":"https:\/\/routinesfashione.com\/en\/produit\/cenador-aluminio-3-x-4-sahara-aventura-con-laminas-laterales-y-mosquitera-superior-pvc\/","title":{"rendered":"CENADOR aluminio 3 x 4 SAHARA aventura con l\u00e1minas laterales y mosquitera superior PVC"},"content":{"rendered":"<p><strong>Aventura en el mirador &#8222;SAHARA&#8220;<\/strong><\/p>\n<p>Lateral toalla crudo &#8218;<\/p>\n<p>Flyscreen antracita<\/p>\n<p>Estructura de aluminio soporte 8 cm marr\u00f3n oscuro<\/p>\n<p>Subastas de conexi\u00f3n 28 x 80 mm<\/p>\n<p>Superior doble capaImpermeable de PVCy poliester 380 gr\/m2, para una perfecta combinaci\u00f3n de est\u00e9tica y sellado externo. ColoreEcr\u00f9 (como se muestra en la foto) y Brown\u00a0trim<\/p>\n<p>Sistema de ventilaci\u00f3ncon mosquitero<\/p>\n<p>Completa con l\u00e1minas laterales de poliester 180 gr\/m2<\/p>\n<p>Completa con mosquitero negro antracita<\/p>\n<p>Tama\u00f1o de MT 3 x 4<\/p>\n<p>M\u00e1xima altura de 2,70 M<\/p>\n<p>Tapa repuesto disponible, toallas de playa y moschiera<\/p>","protected":false},"excerpt":{"rendered":"<p>Aventura en el mirador &#8222;SAHARA&#8220; Lateral toalla crudo &#8218; Flyscreen antracita Estructura de aluminio soporte 8 cm marr\u00f3n oscuro Subastas<\/p>","protected":false},"featured_media":19348,"template":"","meta":[],"product_brand":[],"product_cat":[78],"product_tag":[79],"product_country":[1505],"class_list":{"0":"post-8201","1":"product","2":"type-product","3":"status-publish","4":"has-post-thumbnail","6":"product_cat-gazebos-pergolas","7":"product_tag-gazebos-pergolas","8":"product_country-spain","10":"first","11":"instock","12":"sale","13":"taxable","14":"shipping-taxable","15":"purchasable","16":"product-type-simple"},"_links":{"self":[{"href":"https:\/\/routinesfashione.com\/en\/wp-json\/wp\/v2\/product\/8201","targetHints":{"allow":["GET"]}}],"collection":[{"href":"https:\/\/routinesfashione.com\/en\/wp-json\/wp\/v2\/product"}],"about":[{"href":"https:\/\/routinesfashione.com\/en\/wp-json\/wp\/v2\/types\/product"}],"wp:featuredmedia":[{"embeddable":true,"href":"https:\/\/routinesfashione.com\/en\/wp-json\/wp\/v2\/media\/19348"}],"wp:attachment":[{"href":"https:\/\/routinesfashione.com\/en\/wp-json\/wp\/v2\/media?parent=8201"}],"wp:term":[{"taxonomy":"product_brand","embeddable":true,"href":"https:\/\/routinesfashione.com\/en\/wp-json\/wp\/v2\/product_brand?post=8201"},{"taxonomy":"product_cat","embeddable":true,"href":"https:\/\/routinesfashione.com\/en\/wp-json\/wp\/v2\/product_cat?post=8201"},{"taxonomy":"product_tag","embeddable":true,"href":"https:\/\/routinesfashione.com\/en\/wp-json\/wp\/v2\/product_tag?post=8201"},{"taxonomy":"product_country","embeddable":true,"href":"https:\/\/routinesfashione.com\/en\/wp-json\/wp\/v2\/product_country?post=8201"}],"curies":[{"name":"wp","href":"https:\/\/api.w.org\/{rel}","templated":true}]}}