{"id":821,"date":"2025-09-30T20:53:41","date_gmt":"2025-09-30T20:53:41","guid":{"rendered":"https:\/\/lightgray-crow-170497.hostingersite.com\/?post_type=product&#038;p=821"},"modified":"2025-09-30T20:53:41","modified_gmt":"2025-09-30T20:53:41","slug":"scheppach-cultivateur-4-temps-mtp560","status":"publish","type":"product","link":"https:\/\/routinesfashione.com\/en\/produit\/scheppach-cultivateur-4-temps-mtp560\/","title":{"rendered":"Scheppach Cultivateur 4 temps MTP560"},"content":{"rendered":"<p class=\"mb-0\">Pr\u00e9parez votre jardin pour la nouvelle saison avec la motobineuse Scheppach maniable et l\u00e9g\u00e8re MTP560. Ce motoculteur est parfait pour le bricoleur ambitieux qui aime garder le contr\u00f4le de son travail de jardinage. Le Scheppach MTP560 ameublit rapidement le sol et garantit que le sol est pr\u00eat pour le semis. En broyant efficacement les mat\u00e9riaux broy\u00e9s, l&#8217;humus ou la tourbe, vous \u00e9conomisez de l&#8217;\u00e9nergie et \u00e9vitez les probl\u00e8mes de dos. Le poids de la machine est adapt\u00e9 aux petites et moyennes surfaces, ce qui facilite la r\u00e9alisation de vos travaux.<\/p>\n<ul>\n<li>\u00a0La construction solide r\u00e9duit les vibrations et prolonge la dur\u00e9e de vie de la machine, garantissant un investissement durable.<\/li>\n<li>\u00a0Les largeurs de travail r\u00e9glables de 360 et 560 mm vous permettent d&#8217;adapter la machine \u00e0 la taille sp\u00e9cifique de votre jardin, en \u00e9conomisant du temps et de l&#8217;\u00e9nergie.<\/li>\n<li>\u00a0Avec un puissant moteur de 3,7 CV et une marche avant, ce motoculteur est parfait pour les travaux rapides ou les travaux plus lourds.<\/li>\n<li>\u00a0Un travail ergonomique est possible gr\u00e2ce \u00e0 la lame de scie r\u00e9glable, que vous pouvez facilement r\u00e9gler pendant le travail.<\/li>\n<li>\u00a0La machine est fournie avec 24 couteaux \u00e0 hacher actifs, vous \u00eates donc assur\u00e9 d&#8217;une haute qualit\u00e9 de votre travail.<\/li>\n<li>\u00a0Facile et rapide \u00e0 transporter, le Scheppach MTP560 vous permet d&#8217;emporter votre motoculteur partout avec vous.<\/li>\n<\/ul>\n<p>Bref, la motobineuse Scheppach MTP560 est un excellent investissement pour le bricoleur soucieux de qualit\u00e9 et d&#8217;efficacit\u00e9. Avec cette machine, vous pouvez effectuer vos travaux de jardinage rapidement et facilement et profiter d&#8217;un jardin sain et prosp\u00e8re. Commandez d\u00e8s aujourd&#8217;hui et d\u00e9couvrez la commodit\u00e9 du Scheppach MTP560\u00a0!<\/p>","protected":false},"excerpt":{"rendered":"<p>Pr\u00e9parez votre jardin pour la nouvelle saison avec la motobineuse Scheppach maniable et l\u00e9g\u00e8re MTP560. Ce motoculteur est parfait pour<\/p>","protected":false},"featured_media":13397,"template":"","meta":[],"product_brand":[],"product_cat":[61],"product_tag":[],"product_country":[1503],"class_list":{"0":"post-821","1":"product","2":"type-product","3":"status-publish","4":"has-post-thumbnail","6":"product_cat-sale-france","7":"product_country-france","9":"first","10":"instock","11":"sale","12":"taxable","13":"shipping-taxable","14":"purchasable","15":"product-type-simple"},"_links":{"self":[{"href":"https:\/\/routinesfashione.com\/en\/wp-json\/wp\/v2\/product\/821","targetHints":{"allow":["GET"]}}],"collection":[{"href":"https:\/\/routinesfashione.com\/en\/wp-json\/wp\/v2\/product"}],"about":[{"href":"https:\/\/routinesfashione.com\/en\/wp-json\/wp\/v2\/types\/product"}],"wp:featuredmedia":[{"embeddable":true,"href":"https:\/\/routinesfashione.com\/en\/wp-json\/wp\/v2\/media\/13397"}],"wp:attachment":[{"href":"https:\/\/routinesfashione.com\/en\/wp-json\/wp\/v2\/media?parent=821"}],"wp:term":[{"taxonomy":"product_brand","embeddable":true,"href":"https:\/\/routinesfashione.com\/en\/wp-json\/wp\/v2\/product_brand?post=821"},{"taxonomy":"product_cat","embeddable":true,"href":"https:\/\/routinesfashione.com\/en\/wp-json\/wp\/v2\/product_cat?post=821"},{"taxonomy":"product_tag","embeddable":true,"href":"https:\/\/routinesfashione.com\/en\/wp-json\/wp\/v2\/product_tag?post=821"},{"taxonomy":"product_country","embeddable":true,"href":"https:\/\/routinesfashione.com\/en\/wp-json\/wp\/v2\/product_country?post=821"}],"curies":[{"name":"wp","href":"https:\/\/api.w.org\/{rel}","templated":true}]}}