{"id":822,"date":"2025-09-30T20:53:41","date_gmt":"2025-09-30T20:53:41","guid":{"rendered":"https:\/\/lightgray-crow-170497.hostingersite.com\/?post_type=product&#038;p=822"},"modified":"2025-09-30T20:53:41","modified_gmt":"2025-09-30T20:53:41","slug":"nettoyeur-haute-pression-thermique-scheppach-hcp2600","status":"publish","type":"product","link":"https:\/\/routinesfashione.com\/en\/produit\/nettoyeur-haute-pression-thermique-scheppach-hcp2600\/","title":{"rendered":"Nettoyeur haute pression thermique Scheppach HCP2600"},"content":{"rendered":"<h4>Description<\/h4>\n<div class=\"ProductPage-descriptionText\">Le nettoyeur haute pression HCP2600 SCHEPPACH est le nettoyeur qui convient \u00e0 une utilisation \u00e0 domicile, au travail \u00e0 la ferme ou sur site pour chasser les accumulations de poussi\u00e8re et de crasse sur les acc\u00e8s pour v\u00e9hicules, dans les cours, sur les terrasses, sur les v\u00e9hicules, sur les bateaux et le mobilier d\u2019ext\u00e9rieur. Les utilisations sont multiples ! Le HCP2600 est \u00e9quip\u00e9 d\u2019un moteur puissant \u00e0 4 temps pour un maximum d\u2019efficacit\u00e9, il dispose de roues de grandes dimensions et d\u2019un dispositif de rangement de la lance. Pratique \u00e0 utiliser en toute s\u00e9curit\u00e9 o\u00f9 que ce soit. \u2022 Moteur de 173 cm3 \u00e0 4 temps : la puissance en main ! \u2022 Un r\u00e9servoir \u00e0 d\u00e9tergent incorpor\u00e9 et 5 buses font partie de l\u2019\u00e9quipement fourni avec l\u2019appareil \u2022 Pompe en laiton robuste \u2022 Lance en acier inoxydable \u2022 Dispositif de rangement de la lance et des accessoires \u2022 Id\u00e9al pour une utilisation \u00e0 des emplacements tr\u00e8s vari\u00e9s. \u2022 De grandes roues en facilitent le d\u00e9placement et la mobilit\u00e9. \u2022 B\u00e2ti en acier thermo-laqu\u00e9 stable, robuste et r\u00e9sistant aux d\u00e9formations.CARACTERISTIQUES TECHNIQUESDimensions L x l x H 670 x 490 x 1000 mm Cylindr\u00e9e 173 cm3 Puissance 3200 W Moteur \u00e0 essence 4 temps refroidi par air Pression maxi 200 bar Pression d\u2019utilisation 180 bar D\u00e9bit d\u2019eau 522 L\/h Temp\u00e9rature de l\u2019eau maxi 50 \u00b0C Pression d\u2019alimentation en eau 10 bar Capacit\u00e9 du r\u00e9servoir de carburant 0,9 LLivr\u00e9 avec :- 5 Buses &#8211; Une Lance, un tuyau de 7,5m GARANTIE 5 + 5 ANS POUR LES PARTICULIERSExtension de 5 ans de garantie offerte sur inscription gratuite !Offre valable sur tous les produits de marque SCHEPPACHApr\u00e8s inscription de votre achat sur www.garantie.scheppach.comVous souhaitez conna\u00eetre les conditions et modalit\u00e9s de la garantie, plusieurs solutions s\u2019offrent \u00e0 vous :\u2022 Consultez : www.garantie.scheppach.com \u2022 Scannez le QR code de l\u2019\u00e9tiquette \u2022 Contactez-nous par email sur garantie. france@scheppach.com \u2022 Ecrivez \u00e0 : Service consommateur France G\u00fcnzburger Str. 69 89335 Ichenhausen \u2013 Allemagne \u2022 Contactez votre revendeurL\u2019inscription doit s\u2019effectuer dans les 30 jours suivant la date d\u2019achat.Garantie valable uniquement aupr\u00e8s des particuliers. Preuve d\u2019achat \u00e0 conserver pour faire valoir la garantie.<\/div>","protected":false},"excerpt":{"rendered":"<p>Description Le nettoyeur haute pression HCP2600 SCHEPPACH est le nettoyeur qui convient \u00e0 une utilisation \u00e0 domicile, au travail \u00e0<\/p>","protected":false},"featured_media":13400,"template":"","meta":[],"product_brand":[],"product_cat":[61],"product_tag":[],"product_country":[1503],"class_list":{"0":"post-822","1":"product","2":"type-product","3":"status-publish","4":"has-post-thumbnail","6":"product_cat-sale-france","7":"product_country-france","9":"first","10":"instock","11":"sale","12":"taxable","13":"shipping-taxable","14":"purchasable","15":"product-type-simple"},"_links":{"self":[{"href":"https:\/\/routinesfashione.com\/en\/wp-json\/wp\/v2\/product\/822","targetHints":{"allow":["GET"]}}],"collection":[{"href":"https:\/\/routinesfashione.com\/en\/wp-json\/wp\/v2\/product"}],"about":[{"href":"https:\/\/routinesfashione.com\/en\/wp-json\/wp\/v2\/types\/product"}],"wp:featuredmedia":[{"embeddable":true,"href":"https:\/\/routinesfashione.com\/en\/wp-json\/wp\/v2\/media\/13400"}],"wp:attachment":[{"href":"https:\/\/routinesfashione.com\/en\/wp-json\/wp\/v2\/media?parent=822"}],"wp:term":[{"taxonomy":"product_brand","embeddable":true,"href":"https:\/\/routinesfashione.com\/en\/wp-json\/wp\/v2\/product_brand?post=822"},{"taxonomy":"product_cat","embeddable":true,"href":"https:\/\/routinesfashione.com\/en\/wp-json\/wp\/v2\/product_cat?post=822"},{"taxonomy":"product_tag","embeddable":true,"href":"https:\/\/routinesfashione.com\/en\/wp-json\/wp\/v2\/product_tag?post=822"},{"taxonomy":"product_country","embeddable":true,"href":"https:\/\/routinesfashione.com\/en\/wp-json\/wp\/v2\/product_country?post=822"}],"curies":[{"name":"wp","href":"https:\/\/api.w.org\/{rel}","templated":true}]}}