{"id":841,"date":"2025-09-30T20:13:45","date_gmt":"2025-09-30T20:13:45","guid":{"rendered":"https:\/\/lightgray-crow-170497.hostingersite.com\/?post_type=product&#038;p=841"},"modified":"2025-09-30T21:01:50","modified_gmt":"2025-09-30T21:01:50","slug":"delonghi-ecam-290-81-tb-magnifica-evo-milk","status":"publish","type":"product","link":"https:\/\/routinesfashione.com\/en\/produit\/delonghi-ecam-290-81-tb-magnifica-evo-milk\/","title":{"rendered":"De\u2019Longhi \u201cECAM 290.81.TB\u201d Magnifica Evo Milk"},"content":{"rendered":"<div class=\"rd-product-description__top-accordion-content-description\">\n<p>Magnifica Evo verk\u00f6rpert die langj\u00e4hrige Erfahrung und das technische Know-How von De\u2019Longhi mit dem Anspruch auf perfekten Kaffeegenuss. Immer frisch gemahlen und perfekt aufgebr\u00fcht.<\/p>\n<p>Entwickelt f\u00fcr Liebhaber von Espresso und Kaffeespezialit\u00e4ten mit Milchschaum bietet dieses Modell perfekten Kaffeegenuss, einfachste Bedienung und ein modernes, ansprechendes Design.<\/p>\n<p>Mit einer Auswahl der beliebtesten Kaffeerezepte, einem farbigen Bedienfeld f\u00fcr die Zubereitung aller Getr\u00e4nke mit nur einem Fingertipp und der M\u00f6glichkeit die Einstellungen den individuellen Bed\u00fcrfnissen entsprechend anzupassen (Aroma, F\u00fcllmenge, Temperatur) wird Kaffee zum Genuss.<\/p>\n<p>Mit dem automatischen Latte Crema Milchaufsch\u00e4umsystem bereiten Sie auf Knopfdruck perfekten Milchschaum f\u00fcr Cappuccino und andere Kaffeespezialit\u00e4ten. Mit der \u201cMyLatte\u201d Funktion entscheiden Sie individuell \u00fcber die gew\u00fcnschte Milchschaummenge.<\/p>\n<p><strong>7 DIREKTWAHLTASTEN F\u00dcR GETR\u00c4NKE AUF KNOPFDRUCK<\/strong><\/p>\n<p>Ein intuitives Bedienfeld mit farbigen, ber\u00fchrungs- empfindlichen Icons und LED Beleuchtung sorgen f\u00fcr einfache Bedienung und Getr\u00e4nkezubereitung auf Knopfdruck.<\/p>\n<p><strong>EINFACHE REINIGUNG<\/strong><\/p>\n<p>Die Abtropfschale und Milchkaraffe sind sp\u00fclmaschinengeeignet und die neu konstruierte Tassenabstellfl\u00e4che sch\u00fctzt vor Kratzern. Die Br\u00fchgruppe l\u00e4sst sich zur einfachen Reinigung entnehmen.<\/p>\n<p><strong>MILCHSCHAUM AUF KNOPFDRUCK<\/strong><\/p>\n<p>Mit dem patentierten Latte Crema System bereiten Sie auf Knopfdruck cremigen, feinporigen Milchschaum zu. Die Reinigung erfolgt ebenfalls vollautomatisch.<\/p>\n<p><strong>KOMFORT<\/strong><\/p>\n<ul>\n<li>Leichte Bedienung durch farbige Icons mit Direktwahlfunktion<\/li>\n<li>Individuelle Einstellung von Aroma (3 Stufen) und Kaffeemenge f\u00fcr alle Getr\u00e4nke<\/li>\n<li>Temperatureinstellung (3 Stufen)<\/li>\n<li>Frontal herausnehmbarer Wassertank<\/li>\n<li>H\u00f6henverstellbarer Kaffeeauslauf<\/li>\n<\/ul>\n<p><strong>LEISTUNG<\/strong><\/p>\n<ul>\n<li>Vorbr\u00fch-Aroma-System<\/li>\n<li>F\u00fcr Kaffeebohnen und Kaffeepulver geeignet<\/li>\n<li>Kegelmahlwerk mit einstellbarem Mahlgrad (13 Stufen)<\/li>\n<\/ul>\n<p><strong>GETR\u00c4NKE<\/strong><\/p>\n<ul>\n<li>6 vorinstallierte Rezepte: Espresso, Kaffee, Doppio , Long, Hei\u00dfwasser, MyLatte Funktion, Cappuccino, Latte Macchiato<\/li>\n<li>\u201cLong-Coffee\u201d-Funktion f\u00fcr den traditionellen Fr\u00fchst\u00fcckskaffee, zubereitet im Schwallbr\u00fchverfahren bei niedrigem Druck und langer Extraktionszeit<\/li>\n<li>\u201cDoppio \u201d- Funktion f\u00fcr extra starken, doppelten Espresso mit 15g Kaffeepulver zubereitet<\/li>\n<\/ul>\n<p><strong>HYGIENE<\/strong><\/p>\n<ul>\n<li>Herausnehmbare Br\u00fchgruppe: einfach und hygienisch zu reinigen \u2013 Tresterbeh\u00e4lter-Anzeige: nach 14 Tassen oder nach 72 Stunden<\/li>\n<li>Integrierter De\u2018Longhi Wasserfilter \u2013 Vollautomatisches Entkalkungsprogramm<\/li>\n<li>Sp\u00fclmaschinengeeignete Abtropfschale mit Wasserstandsanzeiger und Tassenabstellfl\u00e4che mit Schutz vor Kratzern<\/li>\n<\/ul>\n<p><strong>TECHNISCHE DATEN<\/strong><\/p>\n<ul>\n<li>Gewicht: 9,6 Kg<\/li>\n<li>Eingangsleistung: 1450 W<\/li>\n<li>Spanung\/Frequenz: 220\/24050\/60 VHz<\/li>\n<li>Fassungsverm\u00f6gen Wasserbeh\u00e4lter: 1,8 l<\/li>\n<li>F\u00fcllmenge der Milchkaraffe: 0,22 l<\/li>\n<li>Fassungsverm\u00f6gen Bohnenbeh\u00e4lter: 250 g<\/li>\n<li>Kaffeeauslauf (h\u00f6henverstellbar): 80 bis 140 mm<\/li>\n<li>Energieeffizienzklasse: A<\/li>\n<li>Pumpendruck: 15 bar<\/li>\n<li>Abmessungen (BxHxT): 240 x 360 x 440 mm<\/li>\n<\/ul>\n<\/div>","protected":false},"excerpt":{"rendered":"<h4>Entdecken Sie den De\u2019Longhi Kaffeevollautomaten ECAM 290.81.TB in Titan-Schwarz<\/h4>\n<p>Sind Sie auf der Suche nach dem perfekten Kaffeeerlebnis? Der <strong>De\u2019Longhi ECAM 290.81.TB<\/strong> vereint herausragende Technik und ansprechendes Design in einem kompakten Kaffeevollautomaten.<\/p>\n<h3>Produktmerkmale:<\/h3>\n<ul>\n<li><strong>Art:<\/strong> Kaffeevollautomat<\/li>\n<li><strong>Pumpendruck:<\/strong> 15 bar f\u00fcr perfektes Aroma<\/li>\n<li><strong>Einstellbare Br\u00fchtemperatur:<\/strong> Passen Sie die Temperatur nach Ihrem Geschmack an<\/li>\n<li><strong>Einstellbare Kaffeest\u00e4rke:<\/strong> Genie\u00dfen Sie Ihren Kaffee genau nach Ihrem Geschmack<\/li>\n<\/ul>\n<h4>One-Touch-Funktion:<\/h4>\n<p>Genie\u00dfen Sie k\u00f6stliche Getr\u00e4nke auf Knopfdruck, wie:<\/p>\n<ul>\n<li>Cappuccino<\/li>\n<li>Latte macchiato<\/li>\n<\/ul>\n<h4>Kreative D\u00fcsenausstattung:<\/h4>\n<p>Die praktische Aufsch\u00e4umd\u00fcse sorgt f\u00fcr perfekten Milchschaum, um Ihre Kaffeespezialit\u00e4ten zu verfeinern.<\/p>","protected":false},"featured_media":842,"template":"","meta":[],"product_brand":[],"product_cat":[29],"product_tag":[],"product_country":[1501],"class_list":{"0":"post-841","1":"product","2":"type-product","3":"status-publish","4":"has-post-thumbnail","6":"product_cat-espressomaschinen","7":"product_country-germany","9":"first","10":"instock","11":"sale","12":"taxable","13":"shipping-taxable","14":"purchasable","15":"product-type-simple"},"_links":{"self":[{"href":"https:\/\/routinesfashione.com\/en\/wp-json\/wp\/v2\/product\/841","targetHints":{"allow":["GET"]}}],"collection":[{"href":"https:\/\/routinesfashione.com\/en\/wp-json\/wp\/v2\/product"}],"about":[{"href":"https:\/\/routinesfashione.com\/en\/wp-json\/wp\/v2\/types\/product"}],"wp:featuredmedia":[{"embeddable":true,"href":"https:\/\/routinesfashione.com\/en\/wp-json\/wp\/v2\/media\/842"}],"wp:attachment":[{"href":"https:\/\/routinesfashione.com\/en\/wp-json\/wp\/v2\/media?parent=841"}],"wp:term":[{"taxonomy":"product_brand","embeddable":true,"href":"https:\/\/routinesfashione.com\/en\/wp-json\/wp\/v2\/product_brand?post=841"},{"taxonomy":"product_cat","embeddable":true,"href":"https:\/\/routinesfashione.com\/en\/wp-json\/wp\/v2\/product_cat?post=841"},{"taxonomy":"product_tag","embeddable":true,"href":"https:\/\/routinesfashione.com\/en\/wp-json\/wp\/v2\/product_tag?post=841"},{"taxonomy":"product_country","embeddable":true,"href":"https:\/\/routinesfashione.com\/en\/wp-json\/wp\/v2\/product_country?post=841"}],"curies":[{"name":"wp","href":"https:\/\/api.w.org\/{rel}","templated":true}]}}