{"id":85,"date":"2025-09-30T20:55:57","date_gmt":"2025-09-30T20:55:57","guid":{"rendered":"https:\/\/lightgray-crow-170497.hostingersite.com\/?post_type=product&#038;p=85"},"modified":"2025-09-30T20:55:57","modified_gmt":"2025-09-30T20:55:57","slug":"scheppach-benzine-grasmaaier-ms225-56-224cc-4-4kw","status":"publish","type":"product","link":"https:\/\/routinesfashione.com\/en\/produit\/scheppach-benzine-grasmaaier-ms225-56-224cc-4-4kw\/","title":{"rendered":"Scheppach Tondeuse \u00e0 gazon thermique MS225-56 224cc 4,4kW"},"content":{"rendered":"<h2>Description du produit<\/h2>\n<p>Scheppach Tondeuse \u00e0 gazon thermique MS225-56 224cc 4,4kW<\/p>\n<h2>Informations sur le produit<\/h2>\n<div class=\"a-row\">\n<div class=\"a-column a-span12 a-span-last\">\n<div class=\"a-row a-spacing-top-base\">\n<div class=\"a-column a-span6\">\n<div class=\"a-row a-spacing-base\">\n<div class=\"a-row a-expander-container a-expander-extend-container\">\n<div class=\"a-row\">\n<div class=\"a-column a-span6\">\n<h1 class=\"a-size-medium a-spacing-small\">Descriptif technique<\/h1>\n<\/div>\n<\/div>\n<div class=\"a-expander-content a-expander-extend-content\" data-expanded=\"true\">\n<div class=\"a-row a-expander-container a-expander-inline-container\">\n<div class=\"a-expander-content a-expander-section-content a-section-expander-inner\" data-expanded=\"true\">\n<table id=\"productDetails_techSpec_section_1\" class=\"a-keyvalue prodDetTable\">\n<tbody>\n<tr>\n<th class=\"a-color-secondary a-size-base prodDetSectionEntry\">Dimensions du produit (L x l x h)<\/th>\n<td class=\"a-size-base prodDetAttrValue\">\u200e161 x 69,5 x 114 cm; 33,25 kilogrammes<\/td>\n<\/tr>\n<tr>\n<th class=\"a-color-secondary a-size-base prodDetSectionEntry\">R\u00e9f\u00e9rence<\/th>\n<td class=\"a-size-base prodDetAttrValue\">\u200e5911276903<\/td>\n<\/tr>\n<tr>\n<th class=\"a-color-secondary a-size-base prodDetSectionEntry\">Hauteur<\/th>\n<td class=\"a-size-base prodDetAttrValue\">\u200e1 millim\u00e8tres<\/td>\n<\/tr>\n<tr>\n<th class=\"a-color-secondary a-size-base prodDetSectionEntry\">Largeur<\/th>\n<td class=\"a-size-base prodDetAttrValue\">\u200e1 millim\u00e8tres<\/td>\n<\/tr>\n<tr>\n<th class=\"a-color-secondary a-size-base prodDetSectionEntry\">Type de mat\u00e9riau<\/th>\n<td class=\"a-size-base prodDetAttrValue\">\u200ePlastique<\/td>\n<\/tr>\n<tr>\n<th class=\"a-color-secondary a-size-base prodDetSectionEntry\">Volume<\/th>\n<td class=\"a-size-base prodDetAttrValue\">\u200e1 Modificateur inconnu<\/td>\n<\/tr>\n<tr>\n<th class=\"a-color-secondary a-size-base prodDetSectionEntry\">Source d&#8217;alimentation<\/th>\n<td class=\"a-size-base prodDetAttrValue\">\u200eAliment\u00e9 au gaz avec d\u00e9marrage \u00e9lectrique<\/td>\n<\/tr>\n<tr>\n<th class=\"a-color-secondary a-size-base prodDetSectionEntry\">Disponibilit\u00e9 des pi\u00e8ces d\u00e9tach\u00e9es<\/th>\n<td class=\"a-size-base prodDetAttrValue\">\u200eInformation indisponible sur les pi\u00e8ces d\u00e9tach\u00e9es<\/td>\n<\/tr>\n<\/tbody>\n<\/table>\n<h1 class=\"a-size-base-plus a-text-bold\">\u00c0 propos de cet article<\/h1>\n<ul class=\"a-unordered-list a-vertical a-spacing-mini\">\n<li class=\"a-spacing-mini\"><span class=\"a-list-item\">Puissante tondeuse hybride avec moteur 4 temps de 224 cm\u00b3 et syst\u00e8me de d\u00e9marrage \u00e9lectrique pour une efficacit\u00e9 optimale sur des surfaces allant jusqu&#8217;\u00e0 2200 m\u00b2<\/span><\/li>\n<li class=\"a-spacing-mini\"><span class=\"a-list-item\">Fonction mulching int\u00e9gr\u00e9e pour transformer l&#8217;herbe coup\u00e9e en engrais naturel et gestion polyvalente avec \u00e9jection lat\u00e9rale et arri\u00e8re<\/span><\/li>\n<li class=\"a-spacing-mini\"><span class=\"a-list-item\">Largeur de coupe XXL de 56 cm et r\u00e9glage centralis\u00e9 de la hauteur sur 7 niveaux pour une tonte rapide et personnalis\u00e9e m\u00eame sur pelouses hautes<\/span><\/li>\n<li class=\"a-spacing-mini\"><span class=\"a-list-item\">Syst\u00e8me autotract\u00e9 avec vitesse ajustable et grandes roues \u00e0 roulement \u00e0 billes pour une maniabilit\u00e9 optimale sur terrain plat ou en pente<\/span><\/li>\n<li class=\"a-spacing-mini\"><span class=\"a-list-item\">Bac de ramassage robuste de 65 L avec vidage facile et fonction Easy Clean pour un entretien rapide et sans effort<\/span><\/li>\n<\/ul>\n<\/div>\n<\/div>\n<\/div>\n<\/div>\n<\/div>\n<\/div>\n<\/div>\n<\/div>\n<\/div>","protected":false},"excerpt":{"rendered":"<p>Description du produit Scheppach Tondeuse \u00e0 gazon thermique MS225-56 224cc 4,4kW Informations sur le produit Descriptif technique Dimensions du produit<\/p>","protected":false},"featured_media":19389,"template":"","meta":[],"product_brand":[],"product_cat":[64],"product_tag":[65],"product_country":[1503],"class_list":{"0":"post-85","1":"product","2":"type-product","3":"status-publish","4":"has-post-thumbnail","6":"product_cat-movers","7":"product_tag-movers","8":"product_country-france","10":"first","11":"instock","12":"sale","13":"taxable","14":"shipping-taxable","15":"purchasable","16":"product-type-simple"},"_links":{"self":[{"href":"https:\/\/routinesfashione.com\/en\/wp-json\/wp\/v2\/product\/85","targetHints":{"allow":["GET"]}}],"collection":[{"href":"https:\/\/routinesfashione.com\/en\/wp-json\/wp\/v2\/product"}],"about":[{"href":"https:\/\/routinesfashione.com\/en\/wp-json\/wp\/v2\/types\/product"}],"wp:featuredmedia":[{"embeddable":true,"href":"https:\/\/routinesfashione.com\/en\/wp-json\/wp\/v2\/media\/19389"}],"wp:attachment":[{"href":"https:\/\/routinesfashione.com\/en\/wp-json\/wp\/v2\/media?parent=85"}],"wp:term":[{"taxonomy":"product_brand","embeddable":true,"href":"https:\/\/routinesfashione.com\/en\/wp-json\/wp\/v2\/product_brand?post=85"},{"taxonomy":"product_cat","embeddable":true,"href":"https:\/\/routinesfashione.com\/en\/wp-json\/wp\/v2\/product_cat?post=85"},{"taxonomy":"product_tag","embeddable":true,"href":"https:\/\/routinesfashione.com\/en\/wp-json\/wp\/v2\/product_tag?post=85"},{"taxonomy":"product_country","embeddable":true,"href":"https:\/\/routinesfashione.com\/en\/wp-json\/wp\/v2\/product_country?post=85"}],"curies":[{"name":"wp","href":"https:\/\/api.w.org\/{rel}","templated":true}]}}