{"id":899,"date":"2025-09-30T20:13:45","date_gmt":"2025-09-30T20:13:45","guid":{"rendered":"https:\/\/lightgray-crow-170497.hostingersite.com\/?post_type=product&#038;p=899"},"modified":"2025-09-30T21:01:54","modified_gmt":"2025-09-30T21:01:54","slug":"makita-uc012gt101-mit-5-ah-akku-und-schnelladegeraet","status":"publish","type":"product","link":"https:\/\/routinesfashione.com\/en\/produit\/makita-uc012gt101-mit-5-ah-akku-und-schnelladegeraet\/","title":{"rendered":"Makita UC012GT101 mit 5 Ah Akku und Schnelladeger\u00e4t"},"content":{"rendered":"<ul class=\"pd-additional_description-list padding-0 margin-b-0 margin-t-0 margin-l-20\">\n<li>Schnittgarnitur 80TXL erh\u00f6ht die Akkulaufzeit &amp; Schnittgeschwindigkeit<\/li>\n<li>Kettenbremse und automatische Kettenschmierung<\/li>\n<li>Mit Auto-Stopp-Funktion, Motorbremse &amp; b\u00fcrstenlosen Motor<\/li>\n<li>Hauptschalter mit automatischer Abschaltfunktion<\/li>\n<\/ul>\n<h2>Technische Daten<\/h2>\n<div class=\"table-wrapper\">\n<table class=\"HBOUserAttributes\">\n<tbody>\n<tr>\n<td class=\"AttributeGroupHeader\" colspan=\"2\">Motor &amp; Ausstattung<\/td>\n<\/tr>\n<tr>\n<td class=\"AttributeName VerticalAlignMiddle AttributeBorder\">Motor-Bauart<\/td>\n<td class=\"AttributeContent AttributeBorder\">b\u00fcrstenloser Elektromotor<\/td>\n<\/tr>\n<tr>\n<td class=\"AttributeName VerticalAlignMiddle AttributeBorder\">Akkutyp<\/td>\n<td class=\"AttributeContent AttributeBorder\">Li-Ion<\/td>\n<\/tr>\n<tr>\n<td class=\"AttributeName VerticalAlignMiddle AttributeBorder\">Kettengeschwindigkeit<\/td>\n<td class=\"AttributeContent AttributeBorder\">25,5 m\/sek.<\/td>\n<\/tr>\n<tr>\n<td class=\"AttributeName VerticalAlignMiddle AttributeBorder\">Motorstart<\/td>\n<td class=\"AttributeContent AttributeBorder\">elektronisch<\/td>\n<\/tr>\n<tr>\n<td class=\"AttributeName VerticalAlignMiddle AttributeBorder\">Akku Leistung<\/td>\n<td class=\"AttributeContent AttributeBorder\">2,0 \/ 2,5 \/ 4,0 \/ 5,0 oder 8,0 Ah<\/td>\n<\/tr>\n<tr>\n<td class=\"AttributeName VerticalAlignMiddle AttributeBorder\">Akku Spannung<\/td>\n<td class=\"AttributeContent AttributeBorder\">40 V<\/td>\n<\/tr>\n<tr>\n<td class=\"AttributeGroupHeader\" colspan=\"2\">Schneidgarnitur<\/td>\n<\/tr>\n<tr>\n<td class=\"AttributeName VerticalAlignMiddle AttributeBorder\">Kettenteilung<\/td>\n<td class=\"AttributeContent AttributeBorder\">0,325\u2033<\/td>\n<\/tr>\n<tr>\n<td class=\"AttributeName VerticalAlignMiddle AttributeBorder\">Marke Schwert<\/td>\n<td class=\"AttributeContent AttributeBorder\">Makita<\/td>\n<\/tr>\n<tr>\n<td class=\"AttributeName VerticalAlignMiddle AttributeBorder\">Nutbreite<\/td>\n<td class=\"AttributeContent AttributeBorder\">1,1 mm<\/td>\n<\/tr>\n<tr>\n<td class=\"AttributeName VerticalAlignMiddle AttributeBorder\">Marke Kette<\/td>\n<td class=\"AttributeContent AttributeBorder\">Makita<\/td>\n<\/tr>\n<tr>\n<td class=\"AttributeName VerticalAlignMiddle AttributeBorder\">Schwertl\u00e4nge<\/td>\n<td class=\"AttributeContent AttributeBorder\">40 cm<\/td>\n<\/tr>\n<tr>\n<td class=\"AttributeGroupHeader\" colspan=\"2\">Komfort<\/td>\n<\/tr>\n<tr>\n<td class=\"AttributeName VerticalAlignMiddle AttributeBorder\">Ketten\u00f6l-Tank<\/td>\n<td class=\"AttributeContent AttributeBorder\">0,26 Liter<\/td>\n<\/tr>\n<tr>\n<td class=\"AttributeName VerticalAlignMiddle AttributeBorder\">geeignet f\u00fcr Allwettereinsatz<\/td>\n<td class=\"AttributeContent AttributeBorder\">IPX4 \u2013 Schutz<\/td>\n<\/tr>\n<tr>\n<td class=\"AttributeName VerticalAlignMiddle AttributeBorder\">\u00d6lpumpe<\/td>\n<td class=\"AttributeContent AttributeBorder\">automatisch<\/td>\n<\/tr>\n<tr>\n<td class=\"AttributeName VerticalAlignMiddle AttributeBorder\">seitliche Kettenspannvorrichtung<\/td>\n<td class=\"AttributeContent AttributeBorder\">ja<\/td>\n<\/tr>\n<tr>\n<td class=\"AttributeName VerticalAlignMiddle AttributeBorder\">werkzeuglose Kettenspannung<\/td>\n<td class=\"AttributeContent AttributeBorder\">ja<\/td>\n<\/tr>\n<tr>\n<td class=\"AttributeName VerticalAlignMiddle AttributeBorder\">Astanschlag<\/td>\n<td class=\"AttributeContent AttributeBorder\">ja<\/td>\n<\/tr>\n<tr>\n<td class=\"AttributeName VerticalAlignMiddle AttributeBorder\">werkzeugloser Kettenwechsel<\/td>\n<td class=\"AttributeContent AttributeBorder\">ja<\/td>\n<\/tr>\n<tr>\n<td class=\"AttributeGroupHeader\" colspan=\"2\">Sicherheit<\/td>\n<\/tr>\n<tr>\n<td class=\"AttributeName VerticalAlignMiddle AttributeBorder\">tr\u00e4gheitsausgel\u00f6ste Kettenbremse<\/td>\n<td class=\"AttributeContent AttributeBorder\">ja<\/td>\n<\/tr>\n<tr>\n<td class=\"AttributeGroupHeader\" colspan=\"2\">Lieferumfang<\/td>\n<\/tr>\n<tr>\n<td class=\"AttributeName VerticalAlignMiddle AttributeBorder\">Anzahl Ketten<\/td>\n<td class=\"AttributeContent AttributeBorder\">1<\/td>\n<\/tr>\n<tr>\n<td class=\"AttributeName VerticalAlignMiddle AttributeBorder\">Schwertschutz<\/td>\n<td class=\"AttributeContent AttributeBorder\">1 Schwertschutz aus Kunststoff<\/td>\n<\/tr>\n<tr>\n<td class=\"AttributeName VerticalAlignMiddle AttributeBorder\">Ladeger\u00e4t im Lieferumfang enthalten<\/td>\n<td class=\"AttributeContent AttributeBorder\">ja, 1x DC40RA<\/td>\n<\/tr>\n<tr>\n<td class=\"AttributeName VerticalAlignMiddle AttributeBorder\">Akku im Lieferumfang enthalten<\/td>\n<td class=\"AttributeContent AttributeBorder\">ja, 1x BL4050F<\/td>\n<\/tr>\n<tr>\n<td class=\"AttributeName VerticalAlignMiddle AttributeBorder\">Bedienungsanleitung Ger\u00e4t<\/td>\n<td class=\"AttributeContent AttributeBorder\">1<\/td>\n<\/tr>\n<tr>\n<td class=\"AttributeName VerticalAlignMiddle AttributeBorder\">Anzahl Schwerter<\/td>\n<td class=\"AttributeContent AttributeBorder\">1<\/td>\n<\/tr>\n<tr>\n<td class=\"AttributeGroupHeader\" colspan=\"2\">Umwelt und Sonstiges<\/td>\n<\/tr>\n<tr>\n<td class=\"AttributeName VerticalAlignMiddle AttributeBorder\">Garantie<\/td>\n<td class=\"AttributeContent AttributeBorder\">2 Jahre bei privater Nutzung<\/td>\n<\/tr>\n<tr>\n<td class=\"AttributeName VerticalAlignMiddle AttributeBorder\">Vibrationswert Handgriff vorne<\/td>\n<td class=\"AttributeContent AttributeBorder\">4,4 m\/s\u00b2<\/td>\n<\/tr>\n<tr>\n<td class=\"AttributeName VerticalAlignMiddle AttributeBorder\">garantierter Schallleistungspegel (LWA)<\/td>\n<td class=\"AttributeContent AttributeBorder\">102 dB(A)<\/td>\n<\/tr>\n<tr>\n<td class=\"AttributeName VerticalAlignMiddle AttributeBorder\">Schalldruckpegel am Ohr der Bedienperson<\/td>\n<td class=\"AttributeContent AttributeBorder\">91 dB(A)<\/td>\n<\/tr>\n<tr>\n<td class=\"AttributeName VerticalAlignMiddle AttributeBorder\">Gewicht<\/td>\n<td class=\"AttributeContent AttributeBorder\">6 kg<\/td>\n<\/tr>\n<\/tbody>\n<\/table>\n<\/div>","protected":false},"excerpt":{"rendered":"<p>Leistungsstark wie eine Benzin-Kettens\u00e4ge mit 42 cm\u00b3 Hubraum. Professionelle Schnittgarnitur 80TXL erh\u00f6ht die Akkulaufzeit und die Schnittgeschwindigkeit um bis zu 30%. Verliersichere Muttern f\u00fcr die Schienenbefestigung. Hauptschalter mit automatischer Abschaltfunktion schont den Akku und vermeidet ein unbeabsichtigtes Einschalten<\/p>\n<p>Die Garantie verl\u00e4ngert sich auf drei Jahre, wenn der K\u00e4ufer dieses Ger\u00e4t innerhalb von 4 Wochen nach dem Kaufdatum im Internet unter www.makita.de oder www.dolmar.de registriert<\/p>\n<ul class=\"pd-additional_description-list padding-0 margin-b-0 margin-t-0 margin-l-20\">\n<li>Mit verliersicherer Mutter f\u00fcr die Schienenbefestigung<\/li>\n<li>Gro\u00dfes Sichtfenster f\u00fcr schnelle Kontrolle des \u00d6lstandes<\/li>\n<li>IPX4-Wasserbest\u00e4ndigkeit w\u00e4hrend des Akkubetriebs<\/li>\n<\/ul>","protected":false},"featured_media":900,"template":"","meta":[],"product_brand":[],"product_cat":[15],"product_tag":[1507],"product_country":[1501],"class_list":{"0":"post-899","1":"product","2":"type-product","3":"status-publish","4":"has-post-thumbnail","6":"product_cat-non-classe","7":"product_tag-non-classe","8":"product_country-germany","10":"first","11":"instock","12":"sale","13":"taxable","14":"shipping-taxable","15":"purchasable","16":"product-type-simple"},"_links":{"self":[{"href":"https:\/\/routinesfashione.com\/en\/wp-json\/wp\/v2\/product\/899","targetHints":{"allow":["GET"]}}],"collection":[{"href":"https:\/\/routinesfashione.com\/en\/wp-json\/wp\/v2\/product"}],"about":[{"href":"https:\/\/routinesfashione.com\/en\/wp-json\/wp\/v2\/types\/product"}],"wp:featuredmedia":[{"embeddable":true,"href":"https:\/\/routinesfashione.com\/en\/wp-json\/wp\/v2\/media\/900"}],"wp:attachment":[{"href":"https:\/\/routinesfashione.com\/en\/wp-json\/wp\/v2\/media?parent=899"}],"wp:term":[{"taxonomy":"product_brand","embeddable":true,"href":"https:\/\/routinesfashione.com\/en\/wp-json\/wp\/v2\/product_brand?post=899"},{"taxonomy":"product_cat","embeddable":true,"href":"https:\/\/routinesfashione.com\/en\/wp-json\/wp\/v2\/product_cat?post=899"},{"taxonomy":"product_tag","embeddable":true,"href":"https:\/\/routinesfashione.com\/en\/wp-json\/wp\/v2\/product_tag?post=899"},{"taxonomy":"product_country","embeddable":true,"href":"https:\/\/routinesfashione.com\/en\/wp-json\/wp\/v2\/product_country?post=899"}],"curies":[{"name":"wp","href":"https:\/\/api.w.org\/{rel}","templated":true}]}}