{"id":92,"date":"2025-09-30T20:55:57","date_gmt":"2025-09-30T20:55:57","guid":{"rendered":"https:\/\/lightgray-crow-170497.hostingersite.com\/?post_type=product&#038;p=92"},"modified":"2025-09-30T20:55:57","modified_gmt":"2025-09-30T20:55:57","slug":"husqvarna-310-mark-ii-automower-1000m%c2%b2","status":"publish","type":"product","link":"https:\/\/routinesfashione.com\/en\/produit\/husqvarna-310-mark-ii-automower-1000m%c2%b2\/","title":{"rendered":"Tondeuse automatique Husqvarna 310 mark ii <1000m\u00b2"},"content":{"rendered":"<h3 data-start=\"142\" data-end=\"177\"><strong data-start=\"149\" data-end=\"175\">Description du produit<\/strong><\/h3>\n<p data-start=\"178\" data-end=\"525\">La <strong data-start=\"181\" data-end=\"217\">Husqvarna Automower\u00ae 310 Mark II<\/strong> est une tondeuse robotis\u00e9e de nouvelle g\u00e9n\u00e9ration con\u00e7ue pour les jardins allant jusqu\u2019\u00e0 1 000 m\u00b2. Compacte, performante et silencieuse, elle offre une tonte autonome et pr\u00e9cise. Gr\u00e2ce \u00e0 sa technologie intelligente, elle g\u00e8re facilement les passages \u00e9troits, les terrains complexes et les pentes mod\u00e9r\u00e9es.<\/p>\n<p data-start=\"527\" data-end=\"752\">Avec son design moderne et son interface simple, la 310 Mark II s\u2019installe facilement et fonctionne de mani\u00e8re fiable, m\u00eame sous la pluie. Elle retourne automatiquement \u00e0 sa station de charge lorsque la batterie est faible.<\/p>\n<hr data-start=\"754\" data-end=\"757\" \/>\n<h3 data-start=\"759\" data-end=\"799\"><strong data-start=\"766\" data-end=\"797\">Caract\u00e9ristiques techniques<\/strong><\/h3>\n<ul data-start=\"801\" data-end=\"1625\">\n<li data-start=\"801\" data-end=\"841\">\n<p data-start=\"803\" data-end=\"841\"><strong data-start=\"803\" data-end=\"822\">Type de produit<\/strong> : Robot tondeuse<\/p>\n<\/li>\n<li data-start=\"842\" data-end=\"894\">\n<p data-start=\"844\" data-end=\"894\"><strong data-start=\"844\" data-end=\"873\">Surface de tonte maximale<\/strong> : Jusqu\u2019\u00e0 1 000 m\u00b2<\/p>\n<\/li>\n<li data-start=\"895\" data-end=\"927\">\n<p data-start=\"897\" data-end=\"927\"><strong data-start=\"897\" data-end=\"917\">Largeur de coupe<\/strong> : 22 cm<\/p>\n<\/li>\n<li data-start=\"928\" data-end=\"977\">\n<p data-start=\"930\" data-end=\"977\"><strong data-start=\"930\" data-end=\"950\">Hauteur de coupe<\/strong> : R\u00e9glable de 20 \u00e0 50 mm<\/p>\n<\/li>\n<li data-start=\"978\" data-end=\"1060\">\n<p data-start=\"980\" data-end=\"1060\"><strong data-start=\"980\" data-end=\"1000\">Syst\u00e8me de coupe<\/strong> : Lames pivotantes ultra-tranchantes pour un r\u00e9sultat net<\/p>\n<\/li>\n<li data-start=\"1061\" data-end=\"1125\">\n<p data-start=\"1063\" data-end=\"1125\"><strong data-start=\"1063\" data-end=\"1087\">Inclinaison maximale<\/strong> : Jusqu\u2019\u00e0 40 % (22\u00b0) sur le terrain<\/p>\n<\/li>\n<li data-start=\"1126\" data-end=\"1186\">\n<p data-start=\"1128\" data-end=\"1186\"><strong data-start=\"1128\" data-end=\"1149\">Station de charge<\/strong> : Retour automatique pour recharge<\/p>\n<\/li>\n<li data-start=\"1187\" data-end=\"1261\">\n<p data-start=\"1189\" data-end=\"1261\"><strong data-start=\"1189\" data-end=\"1216\">Navigation intelligente<\/strong> : G\u00e8re passages \u00e9troits et zones complexes<\/p>\n<\/li>\n<li data-start=\"1262\" data-end=\"1321\">\n<p data-start=\"1264\" data-end=\"1321\"><strong data-start=\"1264\" data-end=\"1281\">Niveau sonore<\/strong> : Environ 59 dB(A), tonte silencieuse<\/p>\n<\/li>\n<li data-start=\"1322\" data-end=\"1391\">\n<p data-start=\"1324\" data-end=\"1391\"><strong data-start=\"1324\" data-end=\"1340\">Connectivit\u00e9<\/strong> : Compatible Automower\u00ae Connect@Home (Bluetooth)<\/p>\n<\/li>\n<li data-start=\"1392\" data-end=\"1477\">\n<p data-start=\"1394\" data-end=\"1477\"><strong data-start=\"1394\" data-end=\"1406\">S\u00e9curit\u00e9<\/strong> : Code PIN, alarme antivol, capteurs de soul\u00e8vement et d\u2019inclinaison<\/p>\n<\/li>\n<li data-start=\"1478\" data-end=\"1552\">\n<p data-start=\"1480\" data-end=\"1552\"><strong data-start=\"1480\" data-end=\"1510\">R\u00e9sistance aux intemp\u00e9ries<\/strong> : Con\u00e7ue pour fonctionner sous la pluie<\/p>\n<\/li>\n<li data-start=\"1553\" data-end=\"1583\">\n<p data-start=\"1555\" data-end=\"1583\"><strong data-start=\"1555\" data-end=\"1564\">Poids<\/strong> : Environ 9,4 kg<\/p>\n<\/li>\n<\/ul>","protected":false},"excerpt":{"rendered":"<p>Description du produit La Husqvarna Automower\u00ae 310 Mark II est une tondeuse robotis\u00e9e de nouvelle g\u00e9n\u00e9ration con\u00e7ue pour les jardins<\/p>","protected":false},"featured_media":19392,"template":"","meta":[],"product_brand":[],"product_cat":[64],"product_tag":[65],"product_country":[1503],"class_list":{"0":"post-92","1":"product","2":"type-product","3":"status-publish","4":"has-post-thumbnail","6":"product_cat-movers","7":"product_tag-movers","8":"product_country-france","10":"first","11":"instock","12":"sale","13":"taxable","14":"shipping-taxable","15":"purchasable","16":"product-type-simple"},"_links":{"self":[{"href":"https:\/\/routinesfashione.com\/en\/wp-json\/wp\/v2\/product\/92","targetHints":{"allow":["GET"]}}],"collection":[{"href":"https:\/\/routinesfashione.com\/en\/wp-json\/wp\/v2\/product"}],"about":[{"href":"https:\/\/routinesfashione.com\/en\/wp-json\/wp\/v2\/types\/product"}],"wp:featuredmedia":[{"embeddable":true,"href":"https:\/\/routinesfashione.com\/en\/wp-json\/wp\/v2\/media\/19392"}],"wp:attachment":[{"href":"https:\/\/routinesfashione.com\/en\/wp-json\/wp\/v2\/media?parent=92"}],"wp:term":[{"taxonomy":"product_brand","embeddable":true,"href":"https:\/\/routinesfashione.com\/en\/wp-json\/wp\/v2\/product_brand?post=92"},{"taxonomy":"product_cat","embeddable":true,"href":"https:\/\/routinesfashione.com\/en\/wp-json\/wp\/v2\/product_cat?post=92"},{"taxonomy":"product_tag","embeddable":true,"href":"https:\/\/routinesfashione.com\/en\/wp-json\/wp\/v2\/product_tag?post=92"},{"taxonomy":"product_country","embeddable":true,"href":"https:\/\/routinesfashione.com\/en\/wp-json\/wp\/v2\/product_country?post=92"}],"curies":[{"name":"wp","href":"https:\/\/api.w.org\/{rel}","templated":true}]}}