{"id":924,"date":"2025-09-30T20:53:40","date_gmt":"2025-09-30T20:53:40","guid":{"rendered":"https:\/\/lightgray-crow-170497.hostingersite.com\/?post_type=product&#038;p=924"},"modified":"2025-09-30T20:53:40","modified_gmt":"2025-09-30T20:53:40","slug":"tronconneuse-stihl-ms-212","status":"publish","type":"product","link":"https:\/\/routinesfashione.com\/en\/produit\/tronconneuse-stihl-ms-212\/","title":{"rendered":"Tron\u00e7onneuse Stihl MS 212"},"content":{"rendered":"<p>Puissante et polyvalente, la tron\u00e7onneuse thermique MS 212 STIHL est id\u00e9ale pour\u00a0<strong>la coupe de bois de chauffage, l\u2019entretien du jardin et les petits abattages<\/strong>. Elle est donc particuli\u00e8rement recommand\u00e9e aux utilisateurs particuliers et aux artisans.<\/p>\n<p>&nbsp;<\/p>\n<p><strong>Succ\u00e9dant \u00e0 la tron\u00e7onneuse MS 211<\/strong>, elle dispose de nombreux \u00e9quipements de confort\u00a0:<\/p>\n<ul>\n<li><strong>Puissante (1.8 kW) et avec d\u2019excellentes performances de coupe<\/strong>\u00a0gr\u00e2ce au moteur 2-temps \u00e0 balayage stratifi\u00e9, puissant et\u00a0<strong>\u00e9conomique\u00a0en carburant<\/strong>, ainsi qu\u2019\u00e0 son outil de coupe professionnel\u00a0: guide Rollomatic Light 04 40 cm et cha\u00eene Picco Micro 3 &#8211; 1.3 mm.<\/li>\n<li><strong>Tron\u00e7onneuse compacte et maniable<\/strong>\u00a0gr\u00e2ce \u00e0 son poids de 4.6 kg.<\/li>\n<li><strong>Facile d\u2019utilisation<\/strong>\u00a0: le levier de commande regroupe toutes les fonctions (d\u00e9marrage, fonctionnement, arr\u00eat) et peut \u00eatre\u00a0<strong>mani\u00e9 d\u2019une seule main<\/strong>. Gr\u00e2ce \u00e0 la\u00a0<strong>fonction d\u2019arr\u00eat<\/strong>, le levier de commande revient imm\u00e9diatement en position de fonctionnement une fois la machine \u00e9teinte. Vous pouvez ainsi red\u00e9marrer imm\u00e9diatement votre machine \u00e0 chaud.<\/li>\n<li>Plus de\u00a0<strong>confort<\/strong>\u00a0lors de l\u2019utilisation gr\u00e2ce au nouveau syst\u00e8me STIHL AV\u00a0<strong>r\u00e9duisant la transmission des vibrations\u00a0<\/strong>\u00e0 la poign\u00e9e, pr\u00e9servant ainsi vos muscles et articulations.<\/li>\n<li>Pratique, le\u00a0<strong>tendeur de cha\u00eene lat\u00e9ral<\/strong>\u00a0permet de tendre ou de remplacer la cha\u00eene facilement et en toute s\u00e9curit\u00e9.<\/li>\n<li><strong>But\u00e9e \u00e0 griffes m\u00e9talliques<\/strong>\u00a0pour guider la tron\u00e7onneuse sur le bois et gagner en pr\u00e9cision.<\/li>\n<li>Contr\u00f4lez facilement le niveau d\u2019huile de cha\u00eene gr\u00e2ce au\u00a0<strong>r\u00e9servoir transparent<\/strong>.<\/li>\n<li><strong>Bouchons de r\u00e9servoirs quart de tour<\/strong>\u00a0: permettent d\u2019ouvrir et de fermer les r\u00e9servoirs d\u2019huile et de carburant facilement et sans outil.<\/li>\n<li><strong>Prise de diagnostic<\/strong>\u00a0: pour fournir toutes les informations sur la machine n\u00e9cessaires \u00e0 votre revendeur<\/li>\n<li><strong>STIHL connected<\/strong>\u00a0: emplacement d\u00e9di\u00e9 au Smart Connector (disponible en accessoire) sur le carter de la machine.<\/li>\n<\/ul>","protected":false},"excerpt":{"rendered":"<p>Puissante et polyvalente, la tron\u00e7onneuse thermique MS 212 STIHL est id\u00e9ale pour\u00a0la coupe de bois de chauffage, l\u2019entretien du jardin<\/p>","protected":false},"featured_media":13472,"template":"","meta":[],"product_brand":[],"product_cat":[61],"product_tag":[],"product_country":[1503],"class_list":{"0":"post-924","1":"product","2":"type-product","3":"status-publish","4":"has-post-thumbnail","6":"product_cat-sale-france","7":"product_country-france","9":"first","10":"instock","11":"sale","12":"taxable","13":"shipping-taxable","14":"purchasable","15":"product-type-simple"},"_links":{"self":[{"href":"https:\/\/routinesfashione.com\/en\/wp-json\/wp\/v2\/product\/924","targetHints":{"allow":["GET"]}}],"collection":[{"href":"https:\/\/routinesfashione.com\/en\/wp-json\/wp\/v2\/product"}],"about":[{"href":"https:\/\/routinesfashione.com\/en\/wp-json\/wp\/v2\/types\/product"}],"wp:featuredmedia":[{"embeddable":true,"href":"https:\/\/routinesfashione.com\/en\/wp-json\/wp\/v2\/media\/13472"}],"wp:attachment":[{"href":"https:\/\/routinesfashione.com\/en\/wp-json\/wp\/v2\/media?parent=924"}],"wp:term":[{"taxonomy":"product_brand","embeddable":true,"href":"https:\/\/routinesfashione.com\/en\/wp-json\/wp\/v2\/product_brand?post=924"},{"taxonomy":"product_cat","embeddable":true,"href":"https:\/\/routinesfashione.com\/en\/wp-json\/wp\/v2\/product_cat?post=924"},{"taxonomy":"product_tag","embeddable":true,"href":"https:\/\/routinesfashione.com\/en\/wp-json\/wp\/v2\/product_tag?post=924"},{"taxonomy":"product_country","embeddable":true,"href":"https:\/\/routinesfashione.com\/en\/wp-json\/wp\/v2\/product_country?post=924"}],"curies":[{"name":"wp","href":"https:\/\/api.w.org\/{rel}","templated":true}]}}