{"id":99,"date":"2025-09-30T20:55:57","date_gmt":"2025-09-30T20:55:57","guid":{"rendered":"https:\/\/lightgray-crow-170497.hostingersite.com\/?post_type=product&#038;p=99"},"modified":"2025-09-30T20:55:57","modified_gmt":"2025-09-30T20:55:57","slug":"tondeuse-a-gazon-sans-fil-ge-cm-43-li-m-kit-power-x-change-36-v-einhell-3413130-avec-2-batteries-40-ah-et-chargeurs","status":"publish","type":"product","link":"https:\/\/routinesfashione.com\/en\/produit\/tondeuse-a-gazon-sans-fil-ge-cm-43-li-m-kit-power-x-change-36-v-einhell-3413130-avec-2-batteries-40-ah-et-chargeurs\/","title":{"rendered":"Tondeuse \u00e0 gazon sans fil GE-CM 43 Li M Kit Power X-Change 36 V EINHELL 3413130 avec 2 batteries 4,0 Ah et chargeurs"},"content":{"rendered":"<div id=\"productOverview_feature_div\" class=\"celwidget\" data-feature-name=\"productOverview\" data-csa-c-type=\"widget\" data-csa-c-content-id=\"productOverview\" data-csa-c-slot-id=\"productOverview_feature_div\" data-csa-c-asin=\"B01AZEOK0Q\" data-csa-c-is-in-initial-active-row=\"false\" data-csa-c-id=\"f36v2w-z5jui0-kyj5dy-vnanap\" data-cel-widget=\"productOverview_feature_div\">\n<div id=\"poExpander\" class=\"a-expander-collapsed-height a-row a-expander-container a-spacing-none a-expander-partial-collapse-container\" data-a-expander-name=\"product_overview\" data-a-expander-collapsed-height=\"210\">\n<div class=\"a-expander-content a-expander-partial-collapse-content a-expander-content-expanded\" data-expanded=\"true\">\n<div class=\"a-section a-spacing-small a-spacing-top-small\">\n<table class=\"a-normal a-spacing-micro\" role=\"list\">\n<tbody>\n<tr class=\"a-spacing-small po-brand\" role=\"listitem\">\n<td class=\"a-span3\" role=\"presentation\"><span class=\"a-size-base a-text-bold\"><span dir=\"auto\" style=\"vertical-align: inherit;\">Nom de marque<\/span><\/span><\/td>\n<td class=\"a-span9\" role=\"presentation\"><span class=\"a-size-base po-break-word\"><span dir=\"auto\" style=\"vertical-align: inherit;\">Einhell<\/span><\/span><\/td>\n<\/tr>\n<tr class=\"a-spacing-small po-power_source_type\" role=\"listitem\">\n<td class=\"a-span3\" role=\"presentation\"><span class=\"a-size-base a-text-bold\"><span dir=\"auto\" style=\"vertical-align: inherit;\">Source d&#8217;\u00e9nergie<\/span><\/span><\/td>\n<td class=\"a-span9\" role=\"presentation\"><span class=\"a-size-base po-break-word\"><span dir=\"auto\" style=\"vertical-align: inherit;\">Aliment\u00e9 par batterie<\/span><\/span><\/td>\n<\/tr>\n<tr class=\"a-spacing-small po-material\" role=\"listitem\">\n<td class=\"a-span3\" role=\"presentation\"><span class=\"a-size-base a-text-bold\"><span dir=\"auto\" style=\"vertical-align: inherit;\">Mat\u00e9riel<\/span><\/span><\/td>\n<td class=\"a-span9\" role=\"presentation\"><span class=\"a-size-base po-break-word\"><span dir=\"auto\" style=\"vertical-align: inherit;\">Plastique<\/span><\/span><\/td>\n<\/tr>\n<tr class=\"a-spacing-small po-color\" role=\"listitem\">\n<td class=\"a-span3\" role=\"presentation\"><span class=\"a-size-base a-text-bold\"><span dir=\"auto\" style=\"vertical-align: inherit;\">Couleur<\/span><\/span><\/td>\n<td class=\"a-span9\" role=\"presentation\"><span class=\"a-size-base po-break-word\"><span dir=\"auto\" style=\"vertical-align: inherit;\">Rouge<\/span><\/span><\/td>\n<\/tr>\n<tr class=\"a-spacing-small po-style\" role=\"listitem\">\n<td class=\"a-span3\" role=\"presentation\"><span class=\"a-size-base a-text-bold\"><span dir=\"auto\" style=\"vertical-align: inherit;\">Style<\/span><\/span><\/td>\n<td class=\"a-span9\" role=\"presentation\"><span class=\"a-size-base po-break-word\"><span dir=\"auto\" style=\"vertical-align: inherit;\">Avec 2 batteries 4,0 Ah et chargeur<\/span><\/span><\/td>\n<\/tr>\n<tr class=\"a-spacing-small po-item_weight\" role=\"listitem\">\n<td class=\"a-span3\" role=\"presentation\"><span class=\"a-size-base a-text-bold\"><span dir=\"auto\" style=\"vertical-align: inherit;\">Poids de l&#8217;article<\/span><\/span><\/td>\n<td class=\"a-span9\" role=\"presentation\"><span class=\"a-size-base po-break-word\"><span dir=\"auto\" style=\"vertical-align: inherit;\">16,5 kilogrammes<\/span><\/span><\/td>\n<\/tr>\n<tr class=\"a-spacing-small po-cutting_width\" role=\"listitem\">\n<td class=\"a-span3\" role=\"presentation\"><span class=\"a-size-base a-text-bold\"><span dir=\"auto\" style=\"vertical-align: inherit;\">Largeur de coupe<\/span><\/span><\/td>\n<td class=\"a-span9\" role=\"presentation\"><span class=\"a-size-base po-break-word\"><span dir=\"auto\" style=\"vertical-align: inherit;\">43 centim\u00e8tres<\/span><\/span><\/td>\n<\/tr>\n<tr class=\"a-spacing-small po-operation_mode\" role=\"listitem\">\n<td class=\"a-span3\" role=\"presentation\"><span class=\"a-size-base a-text-bold\"><span dir=\"auto\" style=\"vertical-align: inherit;\">Mode de fonctionnement<\/span><\/span><\/td>\n<td class=\"a-span9\" role=\"presentation\"><span class=\"a-size-base po-break-word\"><span dir=\"auto\" style=\"vertical-align: inherit;\">Automatique<\/span><\/span><\/td>\n<\/tr>\n<tr class=\"a-spacing-small po-item_depth_width_height\" role=\"listitem\">\n<td class=\"a-span3\" role=\"presentation\"><span class=\"a-size-base a-text-bold\"><span dir=\"auto\" style=\"vertical-align: inherit;\">Dimensions de l&#8217;article P x \u200b\u200bL x H<\/span><\/span><\/td>\n<td class=\"a-span9\" role=\"presentation\"><span class=\"a-size-base po-break-word\"><span dir=\"auto\" style=\"vertical-align: inherit;\">83P x 49L x 45H centim\u00e8tres<\/span><\/span><\/td>\n<\/tr>\n<tr class=\"a-spacing-small po-eu_spare_part_availability_duration\" role=\"listitem\">\n<td class=\"a-span3\" role=\"presentation\"><span class=\"a-size-base a-text-bold\"><span dir=\"auto\" style=\"vertical-align: inherit;\">Dur\u00e9e de disponibilit\u00e9 des pi\u00e8ces de rechange de l&#8217;UE<\/span><\/span><\/td>\n<td class=\"a-span9\" role=\"presentation\"><span class=\"a-size-base po-break-word\"><span dir=\"auto\" style=\"vertical-align: inherit;\">1 an<\/span><\/span><\/td>\n<\/tr>\n<\/tbody>\n<\/table>\n<\/div>\n<\/div>\n<div id=\"poToggleButton\" class=\"a-expander-header a-expander-partial-collapse-header\"><a class=\"a-declarative\" role=\"button\" data-action=\"a-expander-toggle\" data-a-expander-toggle=\"{&quot;allowLinkDefault&quot;:true, &quot;expand_prompt&quot;:&quot;See more&quot;, &quot;collapse_prompt&quot;:&quot;See less&quot;}\"><i class=\"a-icon a-icon-extender-collapse\"><\/i><span class=\"a-expander-prompt\"><span dir=\"auto\" style=\"vertical-align: inherit;\">Voir moins<\/span><\/span><\/a><\/div>\n<\/div>\n<\/div>\n<div id=\"featurebullets_feature_div\" class=\"celwidget\" data-feature-name=\"featurebullets\" data-csa-c-type=\"widget\" data-csa-c-content-id=\"featurebullets\" data-csa-c-slot-id=\"featurebullets_feature_div\" data-csa-c-asin=\"B01AZEOK0Q\" data-csa-c-is-in-initial-active-row=\"false\" data-csa-c-id=\"n9msie-jea3av-5gbn5g-d5uad0\" data-cel-widget=\"featurebullets_feature_div\">\n<div id=\"feature-bullets\" class=\"a-section a-spacing-medium a-spacing-top-small\">\n<hr class=\"a-divider-normal\" aria-hidden=\"true\" \/>\n<h1 class=\"a-size-base-plus a-text-bold\"><span dir=\"auto\" style=\"vertical-align: inherit;\">\u00c0 propos de cet article<\/span><\/h1>\n<ul class=\"a-unordered-list a-vertical a-spacing-mini\">\n<li class=\"a-spacing-mini\"><span class=\"a-list-item\"><span dir=\"auto\" style=\"vertical-align: inherit;\">Libert\u00e9 sans fil\u00a0: gr\u00e2ce au Power X-Change, m\u00eame les grands jardins peuvent \u00eatre tondus sans fil. Cette tondeuse sans fil est recommand\u00e9e pour les jardins jusqu&#8217;\u00e0 600\u00a0m\u00b2.<\/span><\/span><\/li>\n<li class=\"a-spacing-mini\"><span class=\"a-list-item\"><span dir=\"auto\" style=\"vertical-align: inherit;\">Puissance \u00e9lev\u00e9e \u2013 Avec 36 V et une vitesse \u00e0 vide de 3\u00a0400 tours par minute, la tondeuse vient \u00e0 bout des herbes hautes. Deux batteries de 4,0 Ah et deux chargeurs rapides sont inclus.<\/span><\/span><\/li>\n<li class=\"a-spacing-mini\"><span class=\"a-list-item\"><span dir=\"auto\" style=\"vertical-align: inherit;\">PurePOWER Brushless &#8211; Le moteur sans balais puissant et n\u00e9cessitant peu d&#8217;entretien garantit une puissance maximale pour une dur\u00e9e de fonctionnement plus longue que les moteurs \u00e0 charbon traditionnels.<\/span><\/span><\/li>\n<li class=\"a-spacing-mini\"><span class=\"a-list-item\"><span dir=\"auto\" style=\"vertical-align: inherit;\">Doux pour la pelouse et s&#8217;adapte \u00e0 la pelouse : gr\u00e2ce \u00e0 ses talons hauts qui prot\u00e8gent la pelouse et au r\u00e9glage centralis\u00e9 de la hauteur de coupe sur 6 positions, la tondeuse est douce pour la pelouse et s&#8217;y adapte parfaitement.<\/span><\/span><\/li>\n<li class=\"a-spacing-mini\"><span class=\"a-list-item\"><span dir=\"auto\" style=\"vertical-align: inherit;\">Maniabilit\u00e9 confortable\u00a0: la tondeuse \u00e0 gazon sans fil est non seulement l\u00e9g\u00e8re, mais aussi silencieuse. Son bac de ramassage peut contenir jusqu&#8217;\u00e0 63\u00a0litres et ne doit \u00eatre vid\u00e9 que rarement.<\/span><\/span><\/li>\n<li class=\"a-spacing-mini\"><span class=\"a-list-item\"><span dir=\"auto\" style=\"vertical-align: inherit;\">Fonction mulching \u2013 En ins\u00e9rant la cale mulching fournie et en d\u00e9viant l&#8217;\u00e9jection, l&#8217;herbe coup\u00e9e est r\u00e9partie directement sur la pelouse.<\/span><\/span><\/li>\n<li class=\"a-spacing-mini\"><span class=\"a-list-item\"><span dir=\"auto\" style=\"vertical-align: inherit;\">Ergonomique et peu encombrant : le guidon r\u00e9glable en hauteur sur trois positions s&#8217;adapte de mani\u00e8re optimale et ergonomique \u00e0 la taille de l&#8217;utilisateur.<\/span><\/span><\/li>\n<\/ul>\n<\/div>\n<\/div>","protected":false},"excerpt":{"rendered":"<p>Nom de marque Einhell Source d&#8217;\u00e9nergie Aliment\u00e9 par batterie Mat\u00e9riel Plastique Couleur Rouge Style Avec 2 batteries 4,0 Ah et<\/p>","protected":false},"featured_media":12901,"template":"","meta":[],"product_brand":[],"product_cat":[61],"product_tag":[],"product_country":[1503],"class_list":{"0":"post-99","1":"product","2":"type-product","3":"status-publish","4":"has-post-thumbnail","6":"product_cat-sale-france","7":"product_country-france","9":"first","10":"instock","11":"sale","12":"taxable","13":"shipping-taxable","14":"purchasable","15":"product-type-simple"},"_links":{"self":[{"href":"https:\/\/routinesfashione.com\/en\/wp-json\/wp\/v2\/product\/99","targetHints":{"allow":["GET"]}}],"collection":[{"href":"https:\/\/routinesfashione.com\/en\/wp-json\/wp\/v2\/product"}],"about":[{"href":"https:\/\/routinesfashione.com\/en\/wp-json\/wp\/v2\/types\/product"}],"wp:featuredmedia":[{"embeddable":true,"href":"https:\/\/routinesfashione.com\/en\/wp-json\/wp\/v2\/media\/12901"}],"wp:attachment":[{"href":"https:\/\/routinesfashione.com\/en\/wp-json\/wp\/v2\/media?parent=99"}],"wp:term":[{"taxonomy":"product_brand","embeddable":true,"href":"https:\/\/routinesfashione.com\/en\/wp-json\/wp\/v2\/product_brand?post=99"},{"taxonomy":"product_cat","embeddable":true,"href":"https:\/\/routinesfashione.com\/en\/wp-json\/wp\/v2\/product_cat?post=99"},{"taxonomy":"product_tag","embeddable":true,"href":"https:\/\/routinesfashione.com\/en\/wp-json\/wp\/v2\/product_tag?post=99"},{"taxonomy":"product_country","embeddable":true,"href":"https:\/\/routinesfashione.com\/en\/wp-json\/wp\/v2\/product_country?post=99"}],"curies":[{"name":"wp","href":"https:\/\/api.w.org\/{rel}","templated":true}]}}