{"id":11617,"date":"2025-07-29T21:26:53","date_gmt":"2025-07-29T21:26:53","guid":{"rendered":"https:\/\/lightgray-crow-170497.hostingersite.com\/?page_id=11617"},"modified":"2025-10-29T12:36:09","modified_gmt":"2025-10-29T12:36:09","slug":"allgemeine-geschaeftsbedingungen","status":"publish","type":"page","link":"https:\/\/routinesfashione.com\/es\/allgemeine-geschaeftsbedingungen\/","title":{"rendered":"Allgemeine Gesch\u00e4ftsbedingungen"},"content":{"rendered":"<p><span dir=\"auto\">Willkommen bei Routines Fashion und auf unserer Website. Shoppen Sie auf\u00a0<\/span><a href=\"https:\/\/routinesfashione.com\/\"><span dir=\"auto\">routinesfashione.com<\/span><\/a><span dir=\"auto\">\u00a0. Diese Allgemeinen Gesch\u00e4ftsbedingungen (die \u201eBedingungen\u201c) (zusammen mit den darin genannten Dokumenten) informieren Sie \u00fcber die Bedingungen, zu denen wir Ihnen unsere auf unserer Website abgebildeten St\u00fchle (Produkte) verkaufen. Bitte lesen Sie diese Bedingungen sorgf\u00e4ltig durch, bevor Sie Produkte bestellen. Bitte haben Sie Verst\u00e4ndnis daf\u00fcr, dass Sie mit der Bestellung unserer Produkte diesen Bedingungen zustimmen und dass Sie, wenn Sie diese Bedingungen nicht akzeptieren, keine Produkte bei uns bestellen k\u00f6nnen.<\/span><\/p>\n<p><b><span dir=\"auto\">\u00dcBER UNS<\/span><\/b><br \/>\n<span dir=\"auto\">Wir sind Routines Fashion, 400 US Rte 1, Ormond Beach, FL 32174, USA (\u201eRoutines Fashion\u201c, \u201ewir\u201c, \u201euns\u201c, \u201eunser\u201c). Wir betreiben die Website und den Shop unter (unsere \u201eWebsite\u201c). Um uns zu kontaktieren, nutzen Sie bitte support@routinesfashione.com oder rufen Sie uns unter +1 903-787-3060 an. Diese Nutzungsbedingungen wurden zuletzt am Dienstag, den 28. Oktober 2025, aktualisiert.<\/span><\/p>\n<p><span dir=\"auto\">Folgendes gilt auch f\u00fcr diese Bedingungen und ist integraler Bestandteil dieser Bedingungen:<\/span><\/p>\n<ul>\n<li><span dir=\"auto\">unsere Datenschutzrichtlinie;<\/span><\/li>\n<li><span dir=\"auto\">unsere Cookie-Richtlinie; und<\/span><\/li>\n<li><span dir=\"auto\">unsere Versand-, R\u00fcckerstattungs- und R\u00fcckgaberichtlinien.<\/span><\/li>\n<\/ul>\n<p><b><span dir=\"auto\">TEILNAHMEBERECHTIGUNG<\/span><\/b><br \/>\n<span dir=\"auto\">Indem Sie eine Bestellung \u00fcber unsere Website aufgeben, garantieren Sie, dass:<\/span><\/p>\n<ul>\n<li><span dir=\"auto\">Sie sind rechtlich in der Lage, verbindliche Vertr\u00e4ge abzuschlie\u00dfen; und<\/span><\/li>\n<li><span dir=\"auto\">Sie sind mindestens 18 Jahre alt.<\/span><\/li>\n<\/ul>\n<p><b><span dir=\"auto\">WIE DER VERTRAG zustande kommt<\/span><\/b><\/p>\n<ul>\n<li><span dir=\"auto\">Ihre Bestellung stellt ein Angebot an uns zum Kauf eines Produkts dar.<\/span><\/li>\n<li><span dir=\"auto\">Nach der Aufgabe einer Bestellung erhalten Sie von uns eine E-Mail, die den Eingang Ihrer Bestellung (\u201eBestellung\u201c) best\u00e4tigt. Dies bedeutet nicht, dass Ihre Bestellung angenommen wurde.<\/span><\/li>\n<li><span dir=\"auto\">Alle Bestellungen bed\u00fcrfen der Annahme durch uns.<\/span><\/li>\n<li><span dir=\"auto\">Der Vertrag zwischen uns (\u201eVertrag\u201c) kommt erst mit dem Versand des Produkts durch uns zustande.<\/span><\/li>\n<\/ul>\n<p><b><span dir=\"auto\">WENN BESTELLUNGEN NICHT AKZEPTIERT WERDEN<\/span><\/b><\/p>\n<p><span dir=\"auto\">Obwohl wir unser Bestes tun, um Bestellungen immer anzunehmen, k\u00f6nnen wir eine Bestellung ablehnen, wenn:<\/span><\/p>\n<ul>\n<li><span dir=\"auto\">Sie stellen uns unvollst\u00e4ndige, falsche oder betr\u00fcgerische Informationen bez\u00fcglich Ihrer Identit\u00e4t, Ihres Alters, Ihrer Zahlungsdetails, Rechnungsinformationen oder Lieferadresse zur Verf\u00fcgung;<\/span><\/li>\n<li><span dir=\"auto\">wir stellen fest, dass auf unserer Website ein Fehler in Bezug auf die von Ihnen bestellten Produkte vorliegt, beispielsweise ein falscher Preis oder eine falsche Beschreibung, oder dass die Produkte nicht auf Lager oder nicht mehr verf\u00fcgbar sind.<\/span><\/li>\n<\/ul>\n<p><span dir=\"auto\">Wenn wir Ihre Bestellung nicht annehmen k\u00f6nnen, werden wir Sie kontaktieren und Ihnen den Betrag zur\u00fcckerstatten, den Sie bereits f\u00fcr diese Produkte bezahlt haben.<\/span><\/p>\n<p><span dir=\"auto\">Sofern wir nicht gesetzlich dazu verpflichtet sind, haften wir weder Ihnen noch anderen Personen gegen\u00fcber f\u00fcr Verluste, Sch\u00e4den, Kosten oder Ausgaben, die als direkte oder indirekte Folge der Nichtverf\u00fcgbarkeit von Produkten zu irgendeinem Zeitpunkt entstehen, sei es aufgrund von Vertrag, Fahrl\u00e4ssigkeit oder anderen unerlaubten Handlungen, Billigkeitsrecht, R\u00fcckerstattung, verschuldensunabh\u00e4ngiger Haftung, Gesetz oder anderweitig.<\/span><\/p>\n<p><b><span dir=\"auto\">PRODUKTBESCHREIBUNGEN<\/span><\/b><\/p>\n<ul>\n<li><span dir=\"auto\">Wir bem\u00fchen uns nach Kr\u00e4ften, die Informationen zu unseren Produkten korrekt und aktuell zu halten.<\/span><br \/>\n<span dir=\"auto\">Wir k\u00f6nnen jedoch nicht garantieren, dass die Beschreibung und\/oder Preisgestaltung der Produkte fehlerfrei sind oder dass die Produkte bei einer Bestellung immer verf\u00fcgbar sind.<\/span><\/li>\n<li><span dir=\"auto\">Wir behalten uns au\u00dferdem das Recht vor, die Informationen zu den Produkten, einschlie\u00dflich der Preise, Beschreibungen und Verf\u00fcgbarkeit, zu \u00e4ndern. Solche \u00c4nderungen haben jedoch keinen Einfluss auf die von uns angenommenen Bestellungen.<\/span><\/li>\n<li><span dir=\"auto\">Sofern wir nicht gesetzlich dazu verpflichtet sind, haften wir Ihnen oder anderen Personen gegen\u00fcber nicht f\u00fcr Verluste, Sch\u00e4den, Kosten oder Ausgaben, die als direkte oder indirekte Folge der Ungenauigkeit einer Produktbeschreibung entstehen, sei es aufgrund von Vertrag, Fahrl\u00e4ssigkeit oder anderen unerlaubten Handlungen, Billigkeitsrecht, R\u00fcckerstattung, verschuldensunabh\u00e4ngiger Haftung, Gesetz oder anderweitig.<\/span><\/li>\n<\/ul>\n<p><b><span dir=\"auto\">PREIS UND ZAHLUNG<\/span><\/b><\/p>\n<ul>\n<li><span dir=\"auto\">Der Preis der Produkte und unsere Lieferkosten entsprechen den Angaben auf unserer Website, au\u00dfer im Falle offensichtlicher Fehler.<\/span><\/li>\n<li><span dir=\"auto\">Produktpreise und Lieferkosten k\u00f6nnen sich jederzeit \u00e4ndern, \u00c4nderungen wirken sich jedoch nicht auf bereits versandte Bestellungen aus.<\/span><\/li>\n<li><span dir=\"auto\">Wir sind nicht verpflichtet, Ihnen das Produkt zum falschen niedrigeren Preis zu liefern, auch nicht nachdem wir das Produkt versandt haben, wenn der Preisfehler offensichtlich und unverkennbar ist und von Ihnen vern\u00fcnftigerweise als Fehler h\u00e4tte erkannt werden k\u00f6nnen.<\/span><\/li>\n<li><span dir=\"auto\">Alle Zahlungen erfolgen \u00fcber die von uns jeweils angegebenen Zahlungsmethoden.<\/span><br \/>\n<span dir=\"auto\">Sie erkennen an und stimmen zu, dass Sie den geltenden Nutzungsbedingungen aller Zahlungsmethoden Dritter unterliegen.<\/span><\/li>\n<li><span dir=\"auto\">Wir haften nicht f\u00fcr Ausf\u00e4lle, St\u00f6rungen oder Fehler im Zusammenhang mit Ihrer gew\u00e4hlten Zahlungsmethode.<\/span><\/li>\n<li><span dir=\"auto\">Wir behalten uns das Recht vor, Zahlungsmethoden jederzeit und ohne vorherige Ank\u00fcndigung oder Angabe von Gr\u00fcnden zu \u00e4ndern oder vor\u00fcbergehend oder dauerhaft einzustellen.<\/span><\/li>\n<li><span dir=\"auto\">Die Zahlung muss sp\u00e4testens am F\u00e4lligkeitstag in voller H\u00f6he bei uns eingehen und muss in sofort verf\u00fcgbaren und frei \u00fcbertragbaren Mitteln erfolgen, ohne jegliche Einschr\u00e4nkung, Bedingung, Einbehaltung, Abz\u00fcge, Aufrechnung oder Gegenforderung.<\/span><\/li>\n<\/ul>\n<p><b><span dir=\"auto\">R\u00dcCKLASTSCHRIFT<\/span><\/b><br \/>\n<span dir=\"auto\">Sie erkl\u00e4ren sich damit einverstanden, uns zu kontaktieren, bevor Sie eine R\u00fcckbuchung beantragen oder einen Streitfall mit Ihrer Bank oder Ihrem Kartenaussteller in Bezug auf eine Transaktion einreichen. Wenn Sie eine Kartenzahlung \u00fcber unsere Website vornehmen und sp\u00e4ter eine berechtigte Belastung anfechten, indem Sie eine R\u00fcckbuchung ohne Berechtigung oder berechtigten Grund (nach unserem alleinigen Ermessen) veranlassen, sei es betr\u00fcgerisch oder anderweitig, behalten wir uns das Recht vor, \u00fcberzeugende Beweise vorzulegen, um Ihre ung\u00fcltige R\u00fcckbuchungsanfrage zu widerlegen und k\u00f6nnen in solchen F\u00e4llen die Annahme zuk\u00fcnftiger Bestellungen ablehnen.<\/span><\/p>\n<p><b><span dir=\"auto\">STORNIERUNG<\/span><\/b><\/p>\n<ul>\n<li><span dir=\"auto\">Wir behalten uns das Recht vor, jede von uns zuvor angenommene Bestellung jederzeit vor der Lieferung und aus beliebigem Grund zu stornieren, beispielsweise wenn ein Ereignis au\u00dferhalb unserer Kontrolle eintritt oder wir nicht in der Lage sind, die Produkte zu liefern.<\/span><\/li>\n<li><span dir=\"auto\">Wenn wir Ihre Bestellung stornieren, werden wir Sie kontaktieren und Ihnen den Betrag zur\u00fcckerstatten, den Sie bereits f\u00fcr diese Produkte bezahlt haben.<\/span><\/li>\n<li><span dir=\"auto\">Sofern wir nicht gesetzlich dazu verpflichtet sind, haften wir Ihnen oder anderen Personen gegen\u00fcber nicht f\u00fcr Verluste, Sch\u00e4den, Kosten oder Ausgaben, die als direkte oder indirekte Folge der Stornierung Ihrer Bestellung entstehen, sei es aufgrund von Vertrag, Fahrl\u00e4ssigkeit oder anderen unerlaubten Handlungen, Billigkeitsrecht, R\u00fcckerstattung, verschuldensunabh\u00e4ngiger Haftung, Gesetz oder anderweitig.<\/span><\/li>\n<\/ul>\n<p><b><span dir=\"auto\">BESCH\u00c4DIGTE ODER DEFEKTE PRODUKTE<\/span><\/b><\/p>\n<ul>\n<li><span dir=\"auto\">Sollten Sie ein besch\u00e4digtes oder defektes Produkt erhalten haben, kontaktieren Sie uns bitte innerhalb von 4 Tagen nach der Lieferung und f\u00fcgen Sie Bilder des besch\u00e4digten Artikels bei, damit der Schaden \u00fcberpr\u00fcft werden kann.<\/span><\/li>\n<li><span dir=\"auto\">Bitte entsorgen Sie den Artikel erst, wenn Sie eine R\u00fcckmeldung von uns erhalten haben. Eine Reklamation kann nur ber\u00fccksichtigt werden, wenn eindeutig nachgewiesen werden kann, dass das\/die Produkt(e) fehlerhaft oder besch\u00e4digt ist\/sind.<\/span><\/li>\n<li><span dir=\"auto\">Wir werden alle Beschwerden innerhalb von 24 Stunden beantworten.<\/span><\/li>\n<\/ul>\n<p><b><span dir=\"auto\">RISIKO UND TITEL<\/span><\/b><\/p>\n<ul>\n<li><span dir=\"auto\">Ab dem Zeitpunkt der Lieferung gehen die Produkte auf Ihr Risiko \u00fcber.<\/span><\/li>\n<li><span dir=\"auto\">Das Eigentum an den Produkten geht erst auf Sie \u00fcber, wenn wir alle f\u00e4lligen Betr\u00e4ge f\u00fcr die Produkte, einschlie\u00dflich der Versandkosten, vollst\u00e4ndig bezahlt haben. Sollte eine Sendung durch den Spediteur verloren gehen oder besch\u00e4digt werden, kontaktieren Sie uns bitte umgehend unter support@routinesfashione.com. Wir bem\u00fchen uns, gemeinsam mit Ihnen und dem Spediteur eine zufriedenstellende L\u00f6sung zu finden.<\/span><\/li>\n<\/ul>\n<p><b><span dir=\"auto\">SONDERANGEBOTE, RABATTE UND AKTIONEN<\/span><\/b><\/p>\n<ul>\n<li><span dir=\"auto\">Wir behalten uns das Recht vor, Sonderangebote, Rabatte und Werbeaktionen jederzeit und ohne Vorank\u00fcndigung zu \u00e4ndern, einzuschr\u00e4nken oder zu beenden.<\/span><\/li>\n<li><span dir=\"auto\">Alle Sonderangebote, Rabatte und Werbeaktionen unterliegen der Verf\u00fcgbarkeit und k\u00f6nnen die Annahme zus\u00e4tzlicher Gesch\u00e4ftsbedingungen erfordern, die hiermit ausdr\u00fccklich in diese Bedingungen aufgenommen werden.<\/span><\/li>\n<li><span dir=\"auto\">Wir behalten uns das Recht vor, bestimmte Sonderangebote, Rabatte und Werbeaktionen auf eine Bestellung pro Kunde zu beschr\u00e4nken, wie durch seine E-Mail-Adresse und\/oder Kreditkartenadresse und\/oder Lieferadresse definiert.<\/span><\/li>\n<\/ul>\n<p><b><span dir=\"auto\">UNSER RECHT ZUR \u00c4NDERUNG DIESER BEDINGUNGEN<\/span><\/b><br \/>\n<span dir=\"auto\">Wir behalten uns das Recht vor, diese Bedingungen jederzeit zu \u00e4ndern.<\/span><br \/>\n<span dir=\"auto\">Bei \u00c4nderungen dieser Bedingungen werden wir Sie dar\u00fcber informieren und Sie dar\u00fcber informieren, indem wir die \u00c4nderung dieser Bedingungen und das entsprechende Datum oben auf dieser Seite angeben.<\/span><\/p>\n<p><b><span dir=\"auto\">GARANTIE<\/span><\/b><\/p>\n<ul>\n<li><span dir=\"auto\">Wir garantieren Ihnen, dass jedes \u00fcber unsere Website bei uns gekaufte Produkt bei Lieferung und f\u00fcr die folgenden zwei Monate in allen wesentlichen Punkten seiner Beschreibung entspricht, von zufriedenstellender Qualit\u00e4t ist und f\u00fcr alle Zwecke, f\u00fcr die Produkte dieser Art \u00fcblicherweise geliefert werden, angemessen geeignet ist.<\/span><\/li>\n<li><span dir=\"auto\">Wir werden nach unserer Wahl Produkte ersetzen oder den Preis erstatten, wenn Sie uns einen Mangel melden.<\/span><\/li>\n<li><span dir=\"auto\">Diese Garantie gilt nicht f\u00fcr M\u00e4ngel, die durch Missbrauch, Vernachl\u00e4ssigung, Unfall, unsachgem\u00e4\u00dfe Lagerung, Installation oder Handhabung, Frostsch\u00e4den oder Reparaturen oder \u00c4nderungen verursacht wurden, die nicht von uns durchgef\u00fchrt oder autorisiert wurden.<\/span><\/li>\n<\/ul>\n<p><b><span dir=\"auto\">UNSERE HAFTUNG<\/span><\/b><\/p>\n<ul>\n<li><span dir=\"auto\">Sollten wir diese Bedingungen nicht einhalten, haften wir f\u00fcr den Verlust oder Schaden, der Ihnen entsteht und der eine vorhersehbare Folge unserer Verletzung dieser Bedingungen oder unserer Fahrl\u00e4ssigkeit ist. Wir haften jedoch nicht f\u00fcr Verluste oder Sch\u00e4den, die nicht vorhersehbar sind. Verluste oder Sch\u00e4den sind vorhersehbar, wenn sie eine offensichtliche Folge unserer Verletzung waren oder wenn sie von Ihnen und uns zum Zeitpunkt des Vertragsabschlusses vorhergesehen wurden.<\/span><\/li>\n<li><span dir=\"auto\">Wir liefern die Produkte ausschlie\u00dflich f\u00fcr den h\u00e4uslichen und privaten Gebrauch.<\/span><br \/>\n<span dir=\"auto\">Sie erkl\u00e4ren sich damit einverstanden, das Produkt nicht f\u00fcr kommerzielle, gesch\u00e4ftliche oder Weiterverkaufszwecke zu verwenden. Wir haften Ihnen gegen\u00fcber nicht f\u00fcr entgangenen Gewinn, Gesch\u00e4ftsverlust, Gesch\u00e4ftsunterbrechung oder entgangene Gesch\u00e4ftsm\u00f6glichkeiten.<\/span><\/li>\n<\/ul>\n<p><span dir=\"auto\">Wir schlie\u00dfen unsere Haftung in keiner Weise aus oder beschr\u00e4nken sie f\u00fcr:<\/span><\/p>\n<ul>\n<li><span dir=\"auto\">Tod oder Personensch\u00e4den, die durch unsere Fahrl\u00e4ssigkeit verursacht wurden;<\/span><\/li>\n<li><span dir=\"auto\">jegliche Verletzung der rechtlichen Bedingungen des Eigentums und des ungest\u00f6rten Besitzes;<\/span><\/li>\n<li><span dir=\"auto\">jegliche Verletzung der gesetzlichen Bestimmungen hinsichtlich zufriedenstellender Qualit\u00e4t, Eignung f\u00fcr einen bestimmten Zweck und Beschreibung; und<\/span><\/li>\n<li><span dir=\"auto\">jegliche Verletzung der gesetzlichen Bestimmungen zu fehlerhaften Produkten.<\/span><\/li>\n<\/ul>\n<p><b><span dir=\"auto\">KOMMUNIKATION ZWISCHEN UNS<\/span><\/b><\/p>\n<ul>\n<li><span dir=\"auto\">Wenn wir in diesen Bedingungen auf \u201eschriftlich\u201c verweisen, schlie\u00dft dies E-Mail ein.<\/span><\/li>\n<li><span dir=\"auto\">Wenn Sie uns schriftlich kontaktieren m\u00f6chten oder wenn eine Klausel dieser Bedingungen eine schriftliche Mitteilung erfordert, k\u00f6nnen Sie uns diese per E-Mail senden. Wir best\u00e4tigen den Eingang Ihrer Mitteilung, indem wir Sie schriftlich kontaktieren, in der Regel per E-Mail.<\/span><\/li>\n<li><span dir=\"auto\">Wenn wir Sie kontaktieren oder Ihnen eine schriftliche Mitteilung zukommen lassen m\u00fcssen, tun wir dies per E-Mail an die Adresse, die Sie uns in Ihrer Bestellung angeben.<\/span><\/li>\n<li><span dir=\"auto\">Bitte beachten Sie, dass jede Mitteilung, die Sie uns oder wir Ihnen zukommen lassen, als empfangen und ordnungsgem\u00e4\u00df zugestellt gilt, sobald sie auf unserer Website ver\u00f6ffentlicht wird, oder 24 (vierundzwanzig) Stunden nach dem Senden einer E-Mail.<\/span><\/li>\n<li><span dir=\"auto\">Zum Nachweis der Zustellung einer Mitteilung gen\u00fcgt im Falle eines Briefes der Nachweis, dass dieser ordnungsgem\u00e4\u00df adressiert, frankiert und auf die Post gegeben wurde, und im Falle einer E-Mail der Nachweis, dass diese E-Mail an die angegebene E-Mail-Adresse des Empf\u00e4ngers gesendet wurde.<\/span><\/li>\n<\/ul>\n<p><b><span dir=\"auto\">EREIGNISSE AUSSERHALB UNSERER KONTROLLE<\/span><\/b><\/p>\n<p><span dir=\"auto\">Wir haften nicht f\u00fcr die Nichterf\u00fcllung oder Verz\u00f6gerung der Erf\u00fcllung unserer Verpflichtungen aus einem Vertrag, wenn diese durch Ereignisse verursacht wird, die au\u00dferhalb unserer angemessenen Kontrolle liegen (Ereignis h\u00f6herer Gewalt).<\/span><\/p>\n<p><span dir=\"auto\">Ein Fall h\u00f6herer Gewalt umfasst alle Handlungen, Ereignisse, Nichteintreten, Unterlassungen oder Unf\u00e4lle, die au\u00dferhalb unserer angemessenen Kontrolle liegen, und umfasst insbesondere (ohne Einschr\u00e4nkung) Folgendes:<\/span><\/p>\n<ul>\n<li><span dir=\"auto\">Streiks, Aussperrungen oder andere Arbeitskampfma\u00dfnahmen;<\/span><\/li>\n<li><span dir=\"auto\">zivile Unruhen, Aufruhr, Invasion, Terroranschlag oder Androhung eines Terroranschlags, Krieg (ob erkl\u00e4rt oder nicht) oder Androhung oder Vorbereitung eines Krieges;<\/span><\/li>\n<li><span dir=\"auto\">Feuer, Explosion, Sturm, \u00dcberschwemmung, Erdbeben, Erdsenkung, Epidemie oder andere Naturkatastrophen;<\/span><\/li>\n<li><span dir=\"auto\">Unm\u00f6glichkeit der Nutzung von Eisenbahnen, Schiffen, Flugzeugen, Kraftfahrzeugen oder anderen \u00f6ffentlichen oder privaten Verkehrsmitteln;<\/span><\/li>\n<li><span dir=\"auto\">Unm\u00f6glichkeit der Nutzung \u00f6ffentlicher oder privater Telekommunikationsnetze; und<\/span><\/li>\n<li><span dir=\"auto\">die Handlungen, Erlasse, Gesetze, Vorschriften oder Beschr\u00e4nkungen einer Regierung.<\/span><\/li>\n<\/ul>\n<p><span dir=\"auto\">Unsere Erf\u00fcllung im Rahmen eines Vertrags gilt f\u00fcr die Dauer des Ereignisses h\u00f6herer Gewalt als ausgesetzt und wir erhalten f\u00fcr die Dauer dieses Zeitraums eine Verl\u00e4ngerung der Erf\u00fcllungsfrist.<\/span><\/p>\n<p><span dir=\"auto\">Wir werden uns nach Kr\u00e4ften bem\u00fchen, das Ereignis h\u00f6herer Gewalt zu beenden oder eine L\u00f6sung zu finden, mit der wir unsere Verpflichtungen aus dem Vertrag trotz des Ereignisses h\u00f6herer Gewalt erf\u00fcllen k\u00f6nnen.<\/span><\/p>\n<p><b><span dir=\"auto\">VERBINDLICHES SCHIEDSVERFAHREN<\/span><\/b><\/p>\n<ul>\n<li><span dir=\"auto\">Wenn wir einen Streitfall nicht durch informelle Verhandlungen beilegen k\u00f6nnen, wird der Streitfall (mit Ausnahme der nachstehend ausdr\u00fccklich ausgeschlossenen Streitf\u00e4lle) endg\u00fcltig und ausschlie\u00dflich durch ein verbindliches Schiedsverfahren beigelegt. Sie verstehen, dass Sie ohne diese Bestimmung das Recht h\u00e4tten, vor Gericht zu klagen und ein Schwurgerichtsverfahren zu f\u00fchren.<\/span><\/li>\n<li><span dir=\"auto\">Das Schiedsverfahren wird gem\u00e4\u00df den Handelsschiedsregeln der American Arbitration Association (\u201eAAA\u201c) in Wyoming online oder offline eingeleitet und durchgef\u00fchrt, sowie gegebenenfalls gem\u00e4\u00df den erg\u00e4nzenden Verfahren der AAA f\u00fcr verbraucherbezogene Streitigkeiten (\u201eAAA-Verbraucherregeln\u201c), die beide auf der AAA-Website www.adr.org verf\u00fcgbar sind.<\/span><\/li>\n<li><span dir=\"auto\">Ihre Schiedsgeb\u00fchren und Ihr Anteil an der Schiedsrichterverg\u00fctung unterliegen den AAA-Verbraucherregeln und werden gegebenenfalls durch die AAA-Verbraucherregeln begrenzt.<\/span><\/li>\n<li><span dir=\"auto\">Das Schiedsverfahren kann pers\u00f6nlich, durch Einreichung von Dokumenten, telefonisch oder online durchgef\u00fchrt werden.<\/span><\/li>\n<li><span dir=\"auto\">Der Schiedsrichter trifft seine Entscheidung schriftlich, muss jedoch keine Begr\u00fcndung abgeben, es sei denn, eine der Parteien verlangt<\/span><br \/>\n<span dir=\"auto\">dies. Der Schiedsrichter muss geltendes Recht befolgen. Andernfalls kann jeder Schiedsspruch angefochten werden. Sofern die geltenden AAA-Regeln oder das geltende Recht nichts anderes vorschreiben.<\/span><\/li>\n<\/ul>\n<p><b><span dir=\"auto\">VERZICHT AUF SAMMELKLAGEN<\/span><\/b><br \/>\n<span dir=\"auto\">Die Parteien vereinbaren, dass (i) kein Schiedsverfahren im Rahmen dieses Vertrags, sei es ein Verbraucher- oder Gesch\u00e4ftsstreit, als Sammelklage zugelassen wird oder als Sammelklage gef\u00fchrt wird oder auf der Grundlage von Anspr\u00fcchen, die in angeblicher repr\u00e4sentativer Funktion im Namen der Allgemeinheit, anderer Kunden oder potenzieller Kunden oder \u00e4hnlich gestellter Personen geltend gemacht werden, und (ii) kein Schiedsverfahren im Rahmen dieses Vertrags mit einem anderen Schiedsverfahren zusammengelegt oder in irgendeiner Weise mit einem solchen verbunden wird.<\/span><br \/>\n<span dir=\"auto\">Die Parteien vereinbaren, Verbraucher- oder Gesch\u00e4ftsstreitigkeiten individuell zu schlichten, und verzichten jeweils auf das Recht, an einer Sammelklage teilzunehmen.<\/span><\/p>\n<p><b><span dir=\"auto\">VERZICHT AUF EIN SCHWURGERICHTSVERFAHREN<\/span><\/b><br \/>\n<span dir=\"auto\">Jede der Parteien verzichtet hiermit unwiderruflich auf jegliches Recht auf ein Schwurgerichtsverfahren in allen Gerichtsverfahren, die sich aus dieser Vereinbarung oder den hierin vorgesehenen Transaktionen ergeben oder damit in Zusammenhang stehen.<\/span><\/p>\n<p><b><span dir=\"auto\">ELEKTRONISCHE KOMMUNIKATION, TRANSAKTIONEN UND UNTERSCHRIFTEN<\/span><\/b><\/p>\n<ul>\n<li><span dir=\"auto\">Die Nutzung unserer Dienste, das Senden von E-Mails und das Ausf\u00fcllen von Online-Formularen stellen elektronische Kommunikation dar. Sie stimmen dem Empfang elektronischer Kommunikation zu und erkl\u00e4ren sich damit einverstanden, dass alle Vereinbarungen, Mitteilungen, Offenlegungen und sonstigen Mitteilungen, die wir Ihnen elektronisch, per E-Mail und \u00fcber unsere Dienste zukommen lassen, alle gesetzlichen Anforderungen an die Schriftform erf\u00fcllen.<\/span><\/li>\n<li><span dir=\"auto\">Sie stimmen hiermit der Verwendung elektronischer Unterschriften, Vertr\u00e4ge, Bestellungen und anderer Aufzeichnungen sowie der elektronischen \u00dcbermittlung von Mitteilungen, Richtlinien und Aufzeichnungen von Transaktionen zu, die von uns oder \u00fcber unsere Dienste initiiert oder abgeschlossen wurden. Sie verzichten hiermit auf jegliche Rechte oder Anforderungen gem\u00e4\u00df Gesetzen, Vorschriften, Regeln, Verordnungen oder anderen Gesetzen in einer Rechtsordnung, die eine Originalunterschrift oder die \u00dcbermittlung oder Aufbewahrung nicht elektronischer Aufzeichnungen erfordern, oder auf Zahlungen oder die Gew\u00e4hrung von Krediten auf andere als elektronische Weise.<\/span><\/li>\n<\/ul>\n<p><b><span dir=\"auto\">WEITERE WICHTIGE BEDINGUNGEN<\/span><\/b><\/p>\n<ul>\n<li><span dir=\"auto\">Wir k\u00f6nnen unsere Rechte und Pflichten aus diesen Bedingungen auf eine andere Organisation \u00fcbertragen, dies hat jedoch keine Auswirkungen auf Ihre Rechte oder Pflichten aus diesen Bedingungen.<\/span><\/li>\n<li><span dir=\"auto\">Sie d\u00fcrfen Ihre Rechte oder Pflichten aus diesen Bedingungen nur dann auf eine andere Person \u00fcbertragen, wenn wir dem schriftlich zustimmen.<\/span><\/li>\n<li><span dir=\"auto\">Aufgrund dieser Bedingungen ist kein Joint Venture, keine Partnerschaft, kein Agentur- oder Arbeitsverh\u00e4ltnis entstanden.<\/span><\/li>\n<li><span dir=\"auto\">Diese Bedingungen und alle darin ausdr\u00fccklich genannten Dokumente stellen die gesamte Vereinbarung zwischen uns dar.<\/span><\/li>\n<li><span dir=\"auto\">Sollten wir nicht auf der Erf\u00fcllung Ihrer Verpflichtungen aus diesen Bedingungen bestehen oder unsere Rechte Ihnen gegen\u00fcber nicht oder nur verz\u00f6gert durchsetzen, bedeutet dies nicht, dass wir auf unsere Rechte Ihnen gegen\u00fcber verzichten und Sie diesen Verpflichtungen nicht nachkommen m\u00fcssen. Ein Verzicht auf die Geltendmachung von Anspr\u00fcchen im Falle eines Verzugs Ihrerseits erfolgt ausschlie\u00dflich schriftlich und bedeutet nicht automatisch einen Verzicht auf sp\u00e4tere Anspr\u00fcche Ihrerseits.<\/span><\/li>\n<li><span dir=\"auto\">Jede der Bedingungen dieser Bedingungen gilt separat. Sollte ein Gericht oder eine zust\u00e4ndige Beh\u00f6rde entscheiden, dass eine der Bedingungen rechtswidrig oder nicht durchsetzbar ist, bleiben die \u00fcbrigen Bedingungen davon unber\u00fchrt.<\/span><\/li>\n<li><span dir=\"auto\">Diese Bedingungen unterliegen den Gesetzen des Staates Wyoming und werden entsprechend ausgelegt, ohne R\u00fccksicht auf die Kollisionsnormen.<\/span><\/li>\n<\/ul>","protected":false},"excerpt":{"rendered":"<p>Willkommen bei Routines Fashion und auf unserer Website. Shoppen Sie auf\u00a0routinesfashione.com\u00a0. Diese Allgemeinen Gesch\u00e4ftsbedingungen (die \u201eBedingungen\u201c) (zusammen mit den darin<\/p>","protected":false},"author":4,"featured_media":0,"parent":0,"menu_order":0,"comment_status":"closed","ping_status":"closed","template":"","meta":{"footnotes":""},"class_list":["post-11617","page","type-page","status-publish","hentry"],"_hostinger_reach_plugin_has_subscription_block":false,"_hostinger_reach_plugin_is_elementor":false,"_links":{"self":[{"href":"https:\/\/routinesfashione.com\/es\/wp-json\/wp\/v2\/pages\/11617","targetHints":{"allow":["GET"]}}],"collection":[{"href":"https:\/\/routinesfashione.com\/es\/wp-json\/wp\/v2\/pages"}],"about":[{"href":"https:\/\/routinesfashione.com\/es\/wp-json\/wp\/v2\/types\/page"}],"author":[{"embeddable":true,"href":"https:\/\/routinesfashione.com\/es\/wp-json\/wp\/v2\/users\/4"}],"replies":[{"embeddable":true,"href":"https:\/\/routinesfashione.com\/es\/wp-json\/wp\/v2\/comments?post=11617"}],"version-history":[{"count":5,"href":"https:\/\/routinesfashione.com\/es\/wp-json\/wp\/v2\/pages\/11617\/revisions"}],"predecessor-version":[{"id":29937,"href":"https:\/\/routinesfashione.com\/es\/wp-json\/wp\/v2\/pages\/11617\/revisions\/29937"}],"wp:attachment":[{"href":"https:\/\/routinesfashione.com\/es\/wp-json\/wp\/v2\/media?parent=11617"}],"curies":[{"name":"wp","href":"https:\/\/api.w.org\/{rel}","templated":true}]}}