{"id":10972,"date":"2025-09-30T20:11:33","date_gmt":"2025-09-30T20:11:33","guid":{"rendered":"https:\/\/lightgray-crow-170497.hostingersite.com\/?post_type=product&#038;p=10972"},"modified":"2025-09-30T21:07:01","modified_gmt":"2025-09-30T21:07:01","slug":"holzpellets-imperium-sack-975-kg-premium-qualitaet","status":"publish","type":"product","link":"https:\/\/routinesfashione.com\/es\/produit\/holzpellets-imperium-sack-975-kg-premium-qualitaet\/","title":{"rendered":"Holzpellets IMPERIUM Sack 975 kg Premium-Qualit\u00e4t"},"content":{"rendered":"<div class=\"std\">\n<div class=\"std\">\n<div class=\"std\">\n<div class=\"std\">\n<div class=\"std\">\n<div class=\"std\">\n<div class=\"std\">\n<div class=\"std\">\n<div class=\"std\">\n<div class=\"std\">\n<div class=\"std\">\n<div class=\"std\">\n<p>Holzpellets IMPERIUM Sack 975 kg Premium-Qualit\u00e4t (EN PLUS A1 Zertifikat).<\/p>\n<p>Die Pellets der Marke EWT bieten das beste Preis-Leistungs-Verh\u00e4ltnis auf dem Markt.<\/p>\n<p>Die helle Farbe von Granulat ist das Ergebnis der Verwendung f\u00fcr die Herstellung von Material ausschlie\u00dflich aus den Nadelb\u00e4umen.<\/p>\n<p>Keine Zusatzstoffe und Bindemittel, 100% umweltfreundliches Naturprodukt, CO2 neutral.<\/p>\n<p><strong>Rohstoff: Nadelh\u00f6lzer;<\/strong><\/p>\n<p><strong>Brennwert: min. 4,6 kWh\/kg\u00a0( min. 16,5 MJ\/kg);<\/strong><\/p>\n<p><strong>Aschegehalt: max 0,7%;<\/strong><\/p>\n<p><strong>Restfeuchte: max 10%;<\/strong><\/p>\n<p>Bitte beachten Sie unsere <a title=\"Lieferbedingungen\" href=\"https:\/\/anreut.de\/lieferbedingungen\/\" target=\"_blank\" rel=\"noopener\">Lieferbedingungen<\/a>.<br \/> Bitte beachten Sie, dass wir gegen eine geringe <a title=\"Lieferkosten\" href=\"https:\/\/anreut.de\/lieferung\" target=\"_blank\" rel=\"noopener\">Pauschale<\/a> liefern k\u00f6nnen.<\/p>\n<\/p>\n<\/div>\n<\/div>\n<\/div>\n<\/div>\n<\/div>\n<\/div>\n<\/div>\n<\/div>\n<\/div>\n<\/div>\n<\/div>\n<\/div>","protected":false},"excerpt":{"rendered":"<p>\u00a0<\/p>\n<table style=\"height: 148px\" width=\"304\">\n<tbody>\n<tr>\n<td><img loading=\"lazy\" decoding=\"async\" class=\"alignnone wp-image-1203\" src=\"https:\/\/anreut.de\/wp-content\/uploads\/gewicht.svg\" alt=\"\" width=\"20\" height=\"20\" \/><\/td>\n<td>Nettogewicht: 975 kg<\/td>\n<\/tr>\n<tr>\n<td><img loading=\"lazy\" decoding=\"async\" class=\"alignnone wp-image-1359\" src=\"https:\/\/anreut.de\/wp-content\/uploads\/quality.png\" alt=\"\" width=\"20\" height=\"20\" \/><\/td>\n<td>Qualit\u00e4t: EN-PlusA1<\/td>\n<\/tr>\n<tr>\n<td><img loading=\"lazy\" decoding=\"async\" class=\"alignnone wp-image-1202\" src=\"https:\/\/anreut.de\/wp-content\/uploads\/ruler.svg\" alt=\"\" width=\"20\" height=\"20\" \/><\/td>\n<td>Abmessung: 6mm, Sackware je 15kg,<\/td>\n<\/tr>\n<tr>\n<td><a href=\"https:\/\/anreut.de\/wp-content\/uploads\/euro.svg\"><img loading=\"lazy\" decoding=\"async\" class=\"alignnone wp-image-1337\" src=\"https:\/\/anreut.de\/wp-content\/uploads\/euro.svg\" alt=\"\" width=\"20\" height=\"20\" \/><\/a><\/td>\n<td>Preis pro kg: 0,332 \u20ac<\/td>\n<\/tr>\n<\/tbody>\n<\/table>\n<p>\u00a0<\/p>","protected":false},"featured_media":10970,"template":"","meta":[],"product_brand":[],"product_cat":[41],"product_tag":[43],"product_country":[1501],"class_list":{"0":"post-10972","1":"product","2":"type-product","3":"status-publish","4":"has-post-thumbnail","6":"product_cat-holzpellets","7":"product_tag-angebote","8":"product_country-germany","10":"first","11":"instock","12":"sale","13":"taxable","14":"shipping-taxable","15":"purchasable","16":"product-type-simple"},"_links":{"self":[{"href":"https:\/\/routinesfashione.com\/es\/wp-json\/wp\/v2\/product\/10972","targetHints":{"allow":["GET"]}}],"collection":[{"href":"https:\/\/routinesfashione.com\/es\/wp-json\/wp\/v2\/product"}],"about":[{"href":"https:\/\/routinesfashione.com\/es\/wp-json\/wp\/v2\/types\/product"}],"wp:featuredmedia":[{"embeddable":true,"href":"https:\/\/routinesfashione.com\/es\/wp-json\/wp\/v2\/media\/10970"}],"wp:attachment":[{"href":"https:\/\/routinesfashione.com\/es\/wp-json\/wp\/v2\/media?parent=10972"}],"wp:term":[{"taxonomy":"product_brand","embeddable":true,"href":"https:\/\/routinesfashione.com\/es\/wp-json\/wp\/v2\/product_brand?post=10972"},{"taxonomy":"product_cat","embeddable":true,"href":"https:\/\/routinesfashione.com\/es\/wp-json\/wp\/v2\/product_cat?post=10972"},{"taxonomy":"product_tag","embeddable":true,"href":"https:\/\/routinesfashione.com\/es\/wp-json\/wp\/v2\/product_tag?post=10972"},{"taxonomy":"product_country","embeddable":true,"href":"https:\/\/routinesfashione.com\/es\/wp-json\/wp\/v2\/product_country?post=10972"}],"curies":[{"name":"wp","href":"https:\/\/api.w.org\/{rel}","templated":true}]}}