{"id":11064,"date":"2025-09-30T20:11:32","date_gmt":"2025-09-30T20:11:32","guid":{"rendered":"https:\/\/lightgray-crow-170497.hostingersite.com\/?post_type=product&#038;p=11064"},"modified":"2025-09-30T21:07:08","modified_gmt":"2025-09-30T21:07:08","slug":"brennholz-buche-5-ster-kammergetrocknet-33cm","status":"publish","type":"product","link":"https:\/\/routinesfashione.com\/es\/produit\/brennholz-buche-5-ster-kammergetrocknet-33cm\/","title":{"rendered":"Brennholz Buche, 5 Ster, Kammergetrocknet, 33cm"},"content":{"rendered":"<p><strong>Brennholz, Kaminholz Buche trocken, ofenfertig, 33cm und Restfeuchtigkeit unter 20% im Holzkern<\/strong><\/p>\n<p>Brennholz Buche Produkteigenschaften:<\/p>\n<ul>\n<li>Scheitl\u00e4nge: 33cm<\/li>\n<li>Spaltst\u00e4rke: 8-16cm<\/li>\n<li>Restfeuchtigkeit: unter ca. 20 % im Holzkern<\/li>\n<li>Pilz-,Schimmel- und Ungezieferfrei<\/li>\n<li>ofenfertig<\/li>\n<li>Kammergetrocknet<\/li>\n<li>Praktisch gestapelt auf einer Palette<\/li>\n<li>ca. Paletten Ma\u00dfe Innen: L\u00e4nge 1,15m, Breite 1m, H\u00f6he 1,75m oder L\u00e4nge 1m, Breite 1m, H\u00f6he 2m je nach Verf\u00fcgbarkeit<\/li>\n<li>ca.\u00a0Paletten Ma\u00dfe Au\u00dfen: L\u00e4nge 1,20m, Breite 1,05m, H\u00f6he 1,85m oder L\u00e4nge 1,10m, Breite 1,10m H\u00f6he 2,20m je nach Verf\u00fcgbarkeit<\/li>\n<\/ul>\n<p>\u00a0<\/p>\n<h3>Wir haben unser Fachwissen so gut wie m\u00f6glich verst\u00e4ndlich niedergeschrieben:<\/h3>\n<p><strong>Was ist ein STER, Raummeter und Schichtraummeter?\u00a0<\/strong>Viele Bezeichnungen f\u00fcr Brennholz.<\/p>\n<h4>Was ist ein Raummeter:<\/h4>\n<p>Der Raummeter entspricht einem W\u00fcrfel von einem Meter (1 m) Seitenl\u00e4nge, also einem Rauminhalt von einem Kubikmeter (1 m\u00b3) geschichteter Holzmasse, einschlie\u00dflich der Zwischenr\u00e4ume in der Aufschichtung. Diese Einheit eignet sich beim Kauf von aufgestapeltem METERHOLZ, z.B. bei Selbstabholung. In S\u00fcddeutschland ist \u201eSter\u201c ein eher gebr\u00e4uchlicher Begriff.<br \/> <strong>Wichtig zu erkennen: Ein Ster und ein Raummeter sind NUR das Gleiche, wenn das Holzscheit 1 METER lang ist.<\/strong><\/p>\n<h4>Was ist ein Schichtraummeter:<\/h4>\n<p>Der Schichtraummeter entspricht einem Kubikmeter (1 m\u00b3) gestapeltem, kurz (ofenfertigen) geschnittenem Scheitholz, z.B. mit einer L\u00e4nge von 30 cm. Beim Schichtraummeter ist das Holz im Gegensatz zum Raummeter (Scheitholz) ofenfertig geschnitten (St\u00fcckholz) und im Gegensatz zum Sch\u00fcttraummeter ordentlich gestapelt. Dieses Ma\u00df wird gerne verwendet, wenn das Kaminholz auf einer Palette transportiert bzw. verkauft wird.<\/p>\n<p>Hier noch der Link zu den offiziellen Tabellen zum Nachlesen:\u00a0Brennholz Tabelle<\/p>\n<table id=\"product-attribute-specs-table\" class=\"data-table\">\n<tbody>\n<tr class=\"odd\">\n<th class=\"label\">Holzart<\/th>\n<td class=\"data last\">Buche<\/td>\n<\/tr>\n<tr class=\"even\">\n<th class=\"label\">Scheitl\u00e4nge<\/th>\n<td class=\"data last\">33 cm<\/td>\n<\/tr>\n<tr class=\"odd\">\n<th class=\"label\">Spaltst\u00e4rke<\/th>\n<td class=\"data last\">8 \u2013 12 cm<\/td>\n<\/tr>\n<tr class=\"even\">\n<th class=\"label\">Restfeuchtigkeit im Holzkern<\/th>\n<td class=\"data last\">unter 20 %<\/td>\n<\/tr>\n<tr class=\"last odd\">\n<th class=\"label\">Produkteinheit<\/th>\n<td class=\"data last\">STER<\/td>\n<\/tr>\n<\/tbody>\n<\/table>","protected":false},"excerpt":{"rendered":"<div class=\"product-name\">\n<h1>Brennholz Buche, 5 Ster, Kammergetrocknet, 33cm<\/h1>\n<\/p>\n<\/div>\n<div class=\"short-description\">\n<div class=\"std\">\n<p><strong>Kaminholz, Brennholz Buche trocken<\/strong>, ofenfertig zum sofortigen\u00a0<strong>Heizen geeignet<\/strong>. Verpackt in Praktischer HolzBox mit 2 Schichtraummetern (2,5 Ster) Inhalt.<\/p>\n<\/p>\n<\/div>\n<\/div>","protected":false},"featured_media":11065,"template":"","meta":[],"product_brand":[],"product_cat":[24],"product_tag":[],"product_country":[1501],"class_list":{"0":"post-11064","1":"product","2":"type-product","3":"status-publish","4":"has-post-thumbnail","6":"product_cat-brennholz","7":"product_country-germany","9":"first","10":"instock","11":"sale","12":"taxable","13":"shipping-taxable","14":"purchasable","15":"product-type-simple"},"_links":{"self":[{"href":"https:\/\/routinesfashione.com\/es\/wp-json\/wp\/v2\/product\/11064","targetHints":{"allow":["GET"]}}],"collection":[{"href":"https:\/\/routinesfashione.com\/es\/wp-json\/wp\/v2\/product"}],"about":[{"href":"https:\/\/routinesfashione.com\/es\/wp-json\/wp\/v2\/types\/product"}],"wp:featuredmedia":[{"embeddable":true,"href":"https:\/\/routinesfashione.com\/es\/wp-json\/wp\/v2\/media\/11065"}],"wp:attachment":[{"href":"https:\/\/routinesfashione.com\/es\/wp-json\/wp\/v2\/media?parent=11064"}],"wp:term":[{"taxonomy":"product_brand","embeddable":true,"href":"https:\/\/routinesfashione.com\/es\/wp-json\/wp\/v2\/product_brand?post=11064"},{"taxonomy":"product_cat","embeddable":true,"href":"https:\/\/routinesfashione.com\/es\/wp-json\/wp\/v2\/product_cat?post=11064"},{"taxonomy":"product_tag","embeddable":true,"href":"https:\/\/routinesfashione.com\/es\/wp-json\/wp\/v2\/product_tag?post=11064"},{"taxonomy":"product_country","embeddable":true,"href":"https:\/\/routinesfashione.com\/es\/wp-json\/wp\/v2\/product_country?post=11064"}],"curies":[{"name":"wp","href":"https:\/\/api.w.org\/{rel}","templated":true}]}}