{"id":11201,"date":"2025-09-30T20:11:31","date_gmt":"2025-09-30T20:11:31","guid":{"rendered":"https:\/\/lightgray-crow-170497.hostingersite.com\/?post_type=product&#038;p=11201"},"modified":"2025-09-30T21:20:04","modified_gmt":"2025-09-30T21:20:04","slug":"kastenanhaenger-woodoxx-stema-hz-7-5-20-12-1-c","status":"publish","type":"product","link":"https:\/\/routinesfashione.com\/es\/produit\/kastenanhaenger-woodoxx-stema-hz-7-5-20-12-1-c\/","title":{"rendered":"Kastenanh\u00e4nger Woodoxx STEMA HZ 7.5-20-12.1 C"},"content":{"rendered":"<ul>\n<li>geschwei\u00dfter und im Tauchbad feuerverzinkter Schwarzblech-Rahmen<\/li>\n<li>durchg\u00e4ngige Ladefl\u00e4che aus 12 mm starkem Siebdruckholzboden, wasserfest, mehrfach verleimt<\/li>\n<li>40 cm hohe Bordwand<\/li>\n<li>6 DIN-Verzurrpunkte mit einer Belastung von je 500 daN (kg) zur Ladungssicherung<\/li>\n<li>Vorder- und Seitenwand aus 9 mm starkem Mehrschichtholz<\/li>\n<li>Vorderwand klappbar<\/li>\n<li>Sicherheitsfahrgestell mit STEMA-V-Deichsel<\/li>\n<li>zwei Quertraversen st\u00fctzen den Boden und gew\u00e4hrleisten eine optimale Lastenverteilung<\/li>\n<li>robuste Gummifederachse mit Einzelradaufh\u00e4ngung f\u00fcr optimale Stra\u00dfenlage<\/li>\n<li>wartungsfreies Kompaktradlager<\/li>\n<li>Sicherheitsanzeige an der Kugelkopfkupplung<\/li>\n<li>sichere und stabile Winkelhebelverschl\u00fcsse aus Stahlguss<\/li>\n<li>schlaggesch\u00fctzte Sicherheitsbeleuchtung (Multipoint III) mit integrierten Dreiecksr\u00fcckstrahlern und Nebelschlussleuchte-<\/li>\n<li>Spiralkabel mit 13-poligen Stecker f\u00fcr flexible Verbindung zum Zugfahrzeug (EG-Ausstattung)<\/li>\n<li>montierte Einh\u00e4ngekn\u00f6pfe f\u00fcr Planen oder Netze<\/li>\n<li>sto\u00dffeste Blechkotfl\u00fcgel<\/li>\n<li>Bereifung 145\/80 R13<\/li>\n<\/ul>","protected":false},"excerpt":{"rendered":"<div class=\"title--container\">\n<p class=\"product--subtitle\">Holzanh\u00e4nger mit 40er Bordwandh\u00f6he<\/p>\n<\/div>\n<div class=\"product--supplier\"><\/div>","protected":false},"featured_media":11202,"template":"","meta":[],"product_brand":[],"product_cat":[36],"product_tag":[1508,1509],"product_country":[1501],"class_list":{"0":"post-11201","1":"product","2":"type-product","3":"status-publish","4":"has-post-thumbnail","6":"product_cat-anhanger-kippanhanger","7":"product_tag-anhaenger","8":"product_tag-kippanhaenger","9":"product_country-germany","11":"first","12":"instock","13":"sale","14":"taxable","15":"shipping-taxable","16":"purchasable","17":"product-type-simple"},"_links":{"self":[{"href":"https:\/\/routinesfashione.com\/es\/wp-json\/wp\/v2\/product\/11201","targetHints":{"allow":["GET"]}}],"collection":[{"href":"https:\/\/routinesfashione.com\/es\/wp-json\/wp\/v2\/product"}],"about":[{"href":"https:\/\/routinesfashione.com\/es\/wp-json\/wp\/v2\/types\/product"}],"wp:featuredmedia":[{"embeddable":true,"href":"https:\/\/routinesfashione.com\/es\/wp-json\/wp\/v2\/media\/11202"}],"wp:attachment":[{"href":"https:\/\/routinesfashione.com\/es\/wp-json\/wp\/v2\/media?parent=11201"}],"wp:term":[{"taxonomy":"product_brand","embeddable":true,"href":"https:\/\/routinesfashione.com\/es\/wp-json\/wp\/v2\/product_brand?post=11201"},{"taxonomy":"product_cat","embeddable":true,"href":"https:\/\/routinesfashione.com\/es\/wp-json\/wp\/v2\/product_cat?post=11201"},{"taxonomy":"product_tag","embeddable":true,"href":"https:\/\/routinesfashione.com\/es\/wp-json\/wp\/v2\/product_tag?post=11201"},{"taxonomy":"product_country","embeddable":true,"href":"https:\/\/routinesfashione.com\/es\/wp-json\/wp\/v2\/product_country?post=11201"}],"curies":[{"name":"wp","href":"https:\/\/api.w.org\/{rel}","templated":true}]}}