{"id":11488,"date":"2025-09-30T20:11:30","date_gmt":"2025-09-30T20:11:30","guid":{"rendered":"https:\/\/lightgray-crow-170497.hostingersite.com\/?post_type=product&#038;p=11488"},"modified":"2025-09-30T21:20:19","modified_gmt":"2025-09-30T21:20:19","slug":"efco-benzin-rasenmaeher-mit-radantrieb-lr-48-tbxe-allroad-plus-4-instart-modell-2025","status":"publish","type":"product","link":"https:\/\/routinesfashione.com\/es\/produit\/efco-benzin-rasenmaeher-mit-radantrieb-lr-48-tbxe-allroad-plus-4-instart-modell-2025\/","title":{"rendered":"Efco Benzin -Rasenm\u00e4her mit Radantrieb LR 48 TBXE Allroad plus 4 Instart \u2013 Modell 2025"},"content":{"rendered":"<p>Der neue Rasenm\u00e4her LR 48 TBXE ALLROAD PLUS 4 mit Stahlgeh\u00e4use und einer Schnittbreite von 46 cm ist mit dem Schneidsystem \u201e4 CUTTING DEVICE\u201c und einem Elektrostart (Instart-System von B&#038;S) ausgestattet. Die hohen R\u00e4der sind besonders robust und sorgen f\u00fcr einen leichten Lauf auch auf holprigem Gel\u00e4nde.<\/p>\n<p>Durch diese Konfiguration wird ein leichtg\u00e4ngiger Lauf auf unwegsamem Gel\u00e4nde sowie eine bessere Man\u00f6vrierbarkeit der Maschine garantiert. Ergonomische Antriebs- und Motorbremshebel aus Kunststoff f\u00fcr einen sicheren und bequemen Griff. Verst\u00e4rkter ergonomischer Hebel f\u00fcr die Schnitth\u00f6heneinstellung (in 5 Stellungen). Frontaler Sto\u00dfschutz. Mulchkeil serienm\u00e4\u00dfig.<\/p>\n<h4>Vorteile<\/h4>\n<div>\n<div class=\"table-wrapper\">\n<table class=\"UserAttributes\">\n<tbody>\n<tr class=\"PSR1\">\n<td class=\"AttributeLabel VerticalAlignMiddle\"><\/td>\n<td class=\"AttributeContent\">Zuverl\u00e4ssiger Motor von Briggs &#038; Stratton, dem gr\u00f6\u00dften Hersteller weltweit von luftgek\u00fchlten Ottomotoren.<\/td>\n<\/tr>\n<tr class=\"PSR2\">\n<td class=\"AttributeLabel VerticalAlignMiddle\"><\/td>\n<td class=\"AttributeContent\">Dank der zentralen Schnitth\u00f6henverstellung kann die Schnitth\u00f6he ganz einfach mit nur einem Griff angepasst werden.<\/td>\n<\/tr>\n<tr class=\"PSR3\">\n<td class=\"AttributeLabel VerticalAlignMiddle\"><\/td>\n<td class=\"AttributeContent\">Dank des klappbaren F\u00fchrungsholm kann der Rasenm\u00e4her platzsparend eingelagert oder transportiert werden.<\/td>\n<\/tr>\n<tr class=\"PSR4\">\n<td class=\"AttributeLabel VerticalAlignMiddle\"><\/td>\n<td class=\"AttributeContent\">Dank der Briggs &#038; Stratton Instart Technologie ist kein ziehen am Seilzugstarter mehr erforderlich. Der Motor l\u00e4sst sich ganz einfach auf Knopfdruck starten.<\/td>\n<\/tr>\n<tr class=\"PSR5\">\n<td class=\"AttributeLabel VerticalAlignMiddle\"><\/td>\n<td class=\"AttributeContent\">Die F\u00fcllstandsanzeige am Fangkorb zeigt zuverl\u00e4ssig an, wann der Fangkorb voll ist und entleert werden muss.<\/td>\n<\/tr>\n<tr class=\"PSR6\">\n<td class=\"AttributeLabel VerticalAlignMiddle\"><\/td>\n<td class=\"AttributeContent\">Besonders komfortable und leichte Handhabung auch auf etwas unwegsamerem Gel\u00e4nde durch kugelgelagerten R\u00e4der.<\/td>\n<\/tr>\n<tr class=\"PSR7\">\n<td class=\"AttributeLabel VerticalAlignMiddle\"><\/td>\n<td class=\"AttributeContent\">Elektrostart \u00fcber am Motor eingesteckten Li-Ion Akku, Ladeger\u00e4t im Lieferumfang enthalten<\/td>\n<\/tr>\n<\/tbody>\n<\/table>\n<\/div>\n<\/div>\n<h3>Artikeldetails<\/h3>\n<table class=\"HBOUserAttributes\">\n<tbody>\n<tr>\n<td class=\"AttributeGroupHeader\" colspan=\"2\">Motor &#038; Ausstattung<\/td>\n<\/tr>\n<tr>\n<td class=\"AttributeName VerticalAlignMiddle AttributeBorder\">Ger\u00e4teleistung<\/td>\n<td class=\"AttributeContent AttributeBorder\">3,1 kW \/ 4,2 PS<\/td>\n<\/tr>\n<tr>\n<td class=\"AttributeName VerticalAlignMiddle AttributeBorder\">Marke Motor<\/td>\n<td class=\"AttributeContent AttributeBorder\">Briggs &#038; Stratton<\/td>\n<\/tr>\n<tr>\n<td class=\"AttributeName VerticalAlignMiddle AttributeBorder\">Motor-Bauart<\/td>\n<td class=\"AttributeContent AttributeBorder\">4-Takt Benzinmotor<\/td>\n<\/tr>\n<tr>\n<td class=\"AttributeName VerticalAlignMiddle AttributeBorder\">Motorbezeichnung<\/td>\n<td class=\"AttributeContent AttributeBorder\">675 IS Instart<\/td>\n<\/tr>\n<tr>\n<td class=\"AttributeName VerticalAlignMiddle AttributeBorder\">Motorstart<\/td>\n<td class=\"AttributeContent AttributeBorder\">Briggs &#038; Stratton Instart-Elektrostart<\/td>\n<\/tr>\n<tr>\n<td class=\"AttributeGroupHeader\" colspan=\"2\">M\u00e4hdaten<\/td>\n<\/tr>\n<tr>\n<td class=\"AttributeName VerticalAlignMiddle AttributeBorder\">maximale Fl\u00e4chenleistung<\/td>\n<td class=\"AttributeContent AttributeBorder\">1200 m\u00b2<\/td>\n<\/tr>\n<tr>\n<td class=\"AttributeName VerticalAlignMiddle AttributeBorder\">Schnittbreite<\/td>\n<td class=\"AttributeContent AttributeBorder\">46 cm<\/td>\n<\/tr>\n<tr>\n<td class=\"AttributeName VerticalAlignMiddle AttributeBorder\">Schnitth\u00f6he, min-max<\/td>\n<td class=\"AttributeContent AttributeBorder\">28-75 mm<\/td>\n<\/tr>\n<tr>\n<td class=\"AttributeName VerticalAlignMiddle AttributeBorder\">Messertyp<\/td>\n<td class=\"AttributeContent AttributeBorder\">1 Kombi-Messerbalken f\u00fcr Fangen und Mulchen<\/td>\n<\/tr>\n<tr>\n<td class=\"AttributeName VerticalAlignMiddle AttributeBorder\">Schnitth\u00f6henverstellung<\/td>\n<td class=\"AttributeContent AttributeBorder\">zentral<\/td>\n<\/tr>\n<tr>\n<td class=\"AttributeName VerticalAlignMiddle AttributeBorder\">Volumen Fangkorb<\/td>\n<td class=\"AttributeContent AttributeBorder\">70 Liter<\/td>\n<\/tr>\n<tr>\n<td class=\"AttributeName VerticalAlignMiddle AttributeBorder\">M\u00e4hmethoden<\/td>\n<td class=\"AttributeContent AttributeBorder\">M\u00e4hen Mulchen, Fangen, Seitenauswurf<\/td>\n<\/tr>\n<tr>\n<td class=\"AttributeName VerticalAlignMiddle AttributeBorder\">Mulchkit<\/td>\n<td class=\"AttributeContent AttributeBorder\">Mulchkit im Lieferumfang enthalten<\/td>\n<\/tr>\n<tr>\n<td class=\"AttributeName VerticalAlignMiddle AttributeBorder\">Fangen<\/td>\n<td class=\"AttributeContent AttributeBorder\">ja<\/td>\n<\/tr>\n<tr>\n<td class=\"AttributeName VerticalAlignMiddle AttributeBorder\">Seitenauswurf<\/td>\n<td class=\"AttributeContent AttributeBorder\">ja<\/td>\n<\/tr>\n<tr>\n<td class=\"AttributeName VerticalAlignMiddle AttributeBorder\">Fangboxart<\/td>\n<td class=\"AttributeContent AttributeBorder\">Textilfangkorb mit Kunstoff Hard-Top<\/td>\n<\/tr>\n<tr>\n<td class=\"AttributeName VerticalAlignMiddle AttributeBorder\">F\u00fcllstandsanzeige<\/td>\n<td class=\"AttributeContent AttributeBorder\">ja<\/td>\n<\/tr>\n<tr>\n<td class=\"AttributeGroupHeader\" colspan=\"2\">Ausstattung<\/td>\n<\/tr>\n<tr>\n<td class=\"AttributeName VerticalAlignMiddle AttributeBorder\">Kugelgelagerte R\u00e4der<\/td>\n<td class=\"AttributeContent AttributeBorder\">ja<\/td>\n<\/tr>\n<tr>\n<td class=\"AttributeName VerticalAlignMiddle AttributeBorder\">Radgr\u00f6\u00dfe vorne<\/td>\n<td class=\"AttributeContent AttributeBorder\">200 mm<\/td>\n<\/tr>\n<tr>\n<td class=\"AttributeName VerticalAlignMiddle AttributeBorder\">Radgr\u00f6\u00dfe hinten<\/td>\n<td class=\"AttributeContent AttributeBorder\">280 mm<\/td>\n<\/tr>\n<tr>\n<td class=\"AttributeName VerticalAlignMiddle AttributeBorder\">Antriebsart<\/td>\n<td class=\"AttributeContent AttributeBorder\">1-Gang-Radantrieb<\/td>\n<\/tr>\n<tr>\n<td class=\"AttributeName VerticalAlignMiddle AttributeBorder\">Material, M\u00e4hdeck<\/td>\n<td class=\"AttributeContent AttributeBorder\">pulverbeschichtetes Stahlblechgeh\u00e4use<\/td>\n<\/tr>\n<tr>\n<td class=\"AttributeName VerticalAlignMiddle AttributeBorder\">Zusammenklappbarer Holm<\/td>\n<td class=\"AttributeContent AttributeBorder\">ja<\/td>\n<\/tr>\n<tr>\n<td class=\"AttributeName VerticalAlignMiddle AttributeBorder\">Holmtyp<\/td>\n<td class=\"AttributeContent AttributeBorder\">ergonomisch<\/td>\n<\/tr>\n<tr>\n<td class=\"AttributeGroupHeader\" colspan=\"2\">Umwelt, Ma\u00dfe und Gewicht<\/td>\n<\/tr>\n<tr>\n<td class=\"AttributeName VerticalAlignMiddle AttributeBorder\">Garantie<\/td>\n<td class=\"AttributeContent AttributeBorder\">2 Jahre bei privater Nutzung<\/td>\n<\/tr>\n<tr>\n<td class=\"AttributeName VerticalAlignMiddle AttributeBorder\">Gewicht<\/td>\n<td class=\"AttributeContent AttributeBorder\">35 kg<\/td>\n<\/tr>\n<\/tbody>\n<\/table>","protected":false},"excerpt":{"rendered":"<p>Der neue Rasenm\u00e4her LR 48 TBXE ALLROAD PLUS 4 mit Stahlgeh\u00e4use und einer Schnittbreite von 46 cm ist mit dem Schneidsystem \u201e4 CUTTING DEVICE\u201c und einem Elektrostart (Instart-System von B&#038;S) ausgestattet. Die hohen R\u00e4der sind besonders robust und sorgen f\u00fcr einen leichten Lauf auch auf holprigem Gel\u00e4nde.Hauptfeatures: Seitlicher Auswurf serienm\u00e4\u00dfig, einfach durch \u00d6ffnen des Seitenkanals und Einsetzen des Deflektors. Gro\u00dfe R\u00e4der: 200 mm f\u00fcr die Vorderr\u00e4der und 280 mm f\u00fcr die Hinterr\u00e4der. Durch diese Konfiguration wird ein leichtg\u00e4ngiger Lauf auf unwegsamem Gel\u00e4nde sowie eine bessere Man\u00f6vrierbarkeit der Maschine garantiert. Ergonomische Antriebs- und Motorbremshebel aus Kunststoff f\u00fcr einen sicheren und bequemen Griff. Verst\u00e4rkter ergonomischer Hebel f\u00fcr die Schnitth\u00f6heneinstellung (in 5 Stellungen). Frontaler Sto\u00dfschutz. Mulchkeil serienm\u00e4\u00dfig.<\/p>","protected":false},"featured_media":11489,"template":"","meta":[],"product_brand":[],"product_cat":[33],"product_tag":[],"product_country":[1501],"class_list":{"0":"post-11488","1":"product","2":"type-product","3":"status-publish","4":"has-post-thumbnail","6":"product_cat-profi-maher-rasenmaher","7":"product_country-germany","9":"first","10":"instock","11":"sale","12":"taxable","13":"shipping-taxable","14":"purchasable","15":"product-type-simple"},"_links":{"self":[{"href":"https:\/\/routinesfashione.com\/es\/wp-json\/wp\/v2\/product\/11488","targetHints":{"allow":["GET"]}}],"collection":[{"href":"https:\/\/routinesfashione.com\/es\/wp-json\/wp\/v2\/product"}],"about":[{"href":"https:\/\/routinesfashione.com\/es\/wp-json\/wp\/v2\/types\/product"}],"wp:featuredmedia":[{"embeddable":true,"href":"https:\/\/routinesfashione.com\/es\/wp-json\/wp\/v2\/media\/11489"}],"wp:attachment":[{"href":"https:\/\/routinesfashione.com\/es\/wp-json\/wp\/v2\/media?parent=11488"}],"wp:term":[{"taxonomy":"product_brand","embeddable":true,"href":"https:\/\/routinesfashione.com\/es\/wp-json\/wp\/v2\/product_brand?post=11488"},{"taxonomy":"product_cat","embeddable":true,"href":"https:\/\/routinesfashione.com\/es\/wp-json\/wp\/v2\/product_cat?post=11488"},{"taxonomy":"product_tag","embeddable":true,"href":"https:\/\/routinesfashione.com\/es\/wp-json\/wp\/v2\/product_tag?post=11488"},{"taxonomy":"product_country","embeddable":true,"href":"https:\/\/routinesfashione.com\/es\/wp-json\/wp\/v2\/product_country?post=11488"}],"curies":[{"name":"wp","href":"https:\/\/api.w.org\/{rel}","templated":true}]}}