{"id":11521,"date":"2025-09-30T20:11:30","date_gmt":"2025-09-30T20:11:30","guid":{"rendered":"https:\/\/lightgray-crow-170497.hostingersite.com\/?post_type=product&#038;p=11521"},"modified":"2025-09-30T21:20:23","modified_gmt":"2025-09-30T21:20:23","slug":"deflektor-passend-fuer-rasentraktor-husqvarna-tc242","status":"publish","type":"product","link":"https:\/\/routinesfashione.com\/es\/produit\/deflektor-passend-fuer-rasentraktor-husqvarna-tc242\/","title":{"rendered":"Deflektor passend f\u00fcr Rasentraktor Husqvarna TC242"},"content":{"rendered":"<p>Erm\u00f6glicht es den Traktor auch als Heckauswerfer zu nutzen.<\/p>\n<p>Durch den Deflektor wird das Schnittgut auf den Boden geleitet.<\/p>\n<p><strong>F\u00fcr TC 130, TC 138, TC 142, TC 238, TC 338, TC 242, TC 342<\/strong><\/p>","protected":false},"excerpt":{"rendered":"<p>Deflektor kompatibel mit\u00a0<strong>Husqvarna TC242\u00a0 Rasentraktor<\/strong><\/p>\n<p>M\u00e4hen Sie Ihren Rasen auch ohne Fangkorb.<\/p>\n<p>Ein M\u00e4hen ohne Korb oder Deflektor w\u00fcrde das Gras, Bl\u00e4tter oder auch kleine Steine mit hoher Geschwindigkeit nach hinten hinaus katapultieren. Wenn Sie das Schnittgut also nicht einfangen wollen, ist der Einsatz eines solchen Deflektors unerl\u00e4sslich.<\/p>","protected":false},"featured_media":11522,"template":"","meta":[],"product_brand":[],"product_cat":[55],"product_tag":[],"product_country":[1501],"class_list":{"0":"post-11521","1":"product","2":"type-product","3":"status-publish","4":"has-post-thumbnail","6":"product_cat-rasenmaher-zubehor-fur-rasenmaher","7":"product_country-germany","9":"first","10":"instock","11":"sale","12":"taxable","13":"shipping-taxable","14":"purchasable","15":"product-type-simple"},"_links":{"self":[{"href":"https:\/\/routinesfashione.com\/es\/wp-json\/wp\/v2\/product\/11521","targetHints":{"allow":["GET"]}}],"collection":[{"href":"https:\/\/routinesfashione.com\/es\/wp-json\/wp\/v2\/product"}],"about":[{"href":"https:\/\/routinesfashione.com\/es\/wp-json\/wp\/v2\/types\/product"}],"wp:featuredmedia":[{"embeddable":true,"href":"https:\/\/routinesfashione.com\/es\/wp-json\/wp\/v2\/media\/11522"}],"wp:attachment":[{"href":"https:\/\/routinesfashione.com\/es\/wp-json\/wp\/v2\/media?parent=11521"}],"wp:term":[{"taxonomy":"product_brand","embeddable":true,"href":"https:\/\/routinesfashione.com\/es\/wp-json\/wp\/v2\/product_brand?post=11521"},{"taxonomy":"product_cat","embeddable":true,"href":"https:\/\/routinesfashione.com\/es\/wp-json\/wp\/v2\/product_cat?post=11521"},{"taxonomy":"product_tag","embeddable":true,"href":"https:\/\/routinesfashione.com\/es\/wp-json\/wp\/v2\/product_tag?post=11521"},{"taxonomy":"product_country","embeddable":true,"href":"https:\/\/routinesfashione.com\/es\/wp-json\/wp\/v2\/product_country?post=11521"}],"curies":[{"name":"wp","href":"https:\/\/api.w.org\/{rel}","templated":true}]}}