{"id":12513,"date":"2025-09-30T20:11:28","date_gmt":"2025-09-30T20:11:28","guid":{"rendered":"https:\/\/lightgray-crow-170497.hostingersite.com\/?post_type=product&#038;p=12513"},"modified":"2025-09-30T21:07:46","modified_gmt":"2025-09-30T21:07:46","slug":"delonghi-ecam-290-61-sb-magnifica-evo","status":"publish","type":"product","link":"https:\/\/routinesfashione.com\/es\/produit\/delonghi-ecam-290-61-sb-magnifica-evo\/","title":{"rendered":"De\u2019Longhi ECAM 290.61.SB Magnifica Evo"},"content":{"rendered":"<div class=\"rd-product-description__top-accordion-content-description\">\n<p>Magnifica Evo verk\u00f6rpert die langj\u00e4hrige Erfahrung und das technische Know- How von De\u2019Longhi mit dem Anspruch auf perfekten Kaffeegenuss. Immer frisch gemahlen und perfekt aufgebr\u00fcht.<\/p>\n<p>Entwickelt f\u00fcr Liebhaber von Espresso und Kaffeespezialit\u00e4ten mit Milchschaum bietet dieses Modell perfekten Kaffeegenuss, einfachste Bedienung und ein modernes, ansprechendes Design.<\/p>\n<p>Mit einer Auswahl der beliebtesten Kaffeerezepte, einem farbigen Bedienfeld f\u00fcr die Zubereitung aller Getr\u00e4nke mit nur einem Fingertipp und der M\u00f6glichkeit die Einstellungen den individuellen Bed\u00fcrfnissen entsprechend anzupassen (Aroma, F\u00fcllmenge, Temperatur) wird Kaffee zum Genuss.<\/p>\n<p>Mit dem automatischen Latte Crema Milchaufsch\u00e4umsystem bereiten Sie auf Knopfdruck perfekten Milchschaum f\u00fcr Cappuccino und andere Kaffee- spezialit\u00e4ten. Mit der \u201cMyLatte\u201d Funktion entscheiden Sie individuell \u00fcber die gew\u00fcnschte Milchschaummenge.<\/p>\n<p><strong>5 DIREKTWAHLTASTEN F\u00dcR GETR\u00c4NKE AUF KNOPFDRUCK<\/strong><\/p>\n<p>Ein intuitives Bedienfeld mit farbigen, ber\u00fchrungs- empfindlichen Icons und LED Beleuchtung sorgen f\u00fcr einfache Bedienung und Getr\u00e4nkezubereitung auf Knopfdruck.<\/p>\n<p><strong>EINFACHE REINIGUNG<\/strong><\/p>\n<p>Die Abtropfschale und Milchkaraffe sind sp\u00fclmaschinengeeignet und die neu konstruierte Tassenabstellfl\u00e4che sch\u00fctzt vor Kratzern. Die Br\u00fchgruppe l\u00e4sst sich zur einfachen Reinigung entnehmen.<\/p>\n<p><strong>MILCHSCHAUM AUF KNOPFDRUCK<\/strong><\/p>\n<p>Mit dem patentierten Latte Crema System bereiten Sie auf Knopfdruck cremigen, feinporigen Milchschaum zu. Die Reinigung erfolgt ebenfalls vollautomatisch.<\/p>\n<p><strong>KOMFORT<\/strong><\/p>\n<ul>\n<li>Leichte Bedienung durch farbige Icons mit Direktwahlfunktion<\/li>\n<li>Individuelle Einstellung von Aroma (3 Stufen) und Kaffeemenge f\u00fcr alle Getr\u00e4nke<\/li>\n<li>Temperatureinstellung (3 Stufen)<\/li>\n<li>Frontal herausnehmbarer Wassertank<\/li>\n<li>H\u00f6henverstellbarer Kaffeeauslauf<\/li>\n<\/ul>\n<p><strong>LEISTUNG<\/strong><\/p>\n<ul>\n<li>Vorbr\u00fch-Aroma-System<\/li>\n<li>F\u00fcr Kaffeebohnen und Kaffeepulver geeignet<\/li>\n<li>Kegelmahlwerk mit einstellbarem Mahlgrad (13 Stufen)<\/li>\n<\/ul>\n<p><strong>GETR\u00c4NKE<\/strong><\/p>\n<ul>\n<li>5 vorinstallierte Rezepte: Espresso, Kaffee, Hei\u00dfwasser, MyLatte Funktion, Cappuccino<\/li>\n<\/ul>\n<p><strong>HYGIENE<\/strong><\/p>\n<ul>\n<li>Herausnehmbare Br\u00fchgruppe: einfach und hygienisch zu reinigen \u2013 Tresterbeh\u00e4lter-Anzeige: nach 14 Tassen oder nach 72 Stunden<\/li>\n<li>Integrierter De\u2019Longhi Wasserfilter \u2013 Vollautomatisches Entkalkungsprogramm<\/li>\n<li>Sp\u00fclmaschinengeeignete Abtropfschale mit Wasserstandsanzeiger und Tassenabstellfl\u00e4che mit Schutz vor Kratzern<\/li>\n<\/ul>\n<p><strong>TECHNISCHE DATEN <\/strong><\/p>\n<ul>\n<li>Gewicht: 9,6 Kg<\/li>\n<li>Eingangsleistung: 1450 W<\/li>\n<li>Spanung\/Frequenz: 220\/24050\/60 VHz<\/li>\n<li>Fassungsverm\u00f6gen Wasserbeh\u00e4lter: 1,8 l<\/li>\n<li>F\u00fcllmenge der Milchkaraffe: 0,22 l<\/li>\n<li>Fassungsverm\u00f6gen Bohnenbeh\u00e4lter: 250 g<\/li>\n<li>Kaffeeauslauf (h\u00f6henverstellbar): 80 bis 140 mm<\/li>\n<li>Pumpendruck: 15 bar<\/li>\n<li>Abmessungen (BxHxT): 240 x 360 x 440 mm<\/li>\n<\/ul>\n<\/div>\n<h2 class=\"pl_headline100 pl_headline200--lg pl_mb50\">Details<\/h2>\n<div class=\"pl_text-expander pl_copy100 pdp_details__text-expander js_pdp_details__text-expander pl_text-expander--has-more pl_text-expander--expanded\" lang=\"de\">\n<div class=\"pdp_details__characteristics-html\">\n<table class=\"dv_characteristicsTable\">\n<caption>Top-Feature<\/caption>\n<tbody>\n<tr>\n<td class=\"left\">Top-Features<\/td>\n<td>LatteCrema-System: Dank des patentierten Milchaufsch\u00e4umsystems bereiten Sie perfekten Cappuccino oder Latte Macchiato in der optimalen Konsistenz mit einem besonders cremigen, feinporigen Milchschaum zu \u2013 die Reinigung erfolgt automatisch per Drehregler.<\/td>\n<\/tr>\n<\/tbody>\n<\/table>\n<table class=\"dv_characteristicsTable\">\n<caption>Allgemein<\/caption>\n<tbody>\n<tr>\n<td class=\"left\">Weitere Vorteile<\/td>\n<td>Einfache Reinigung: Die Abtropfschale und Milchkaraffe sind sp\u00fclmaschinengeeignet und die neue konstruierte Tassenabstellfl\u00e4che sch\u00fctzt vor Kratzern. Au\u00dferdem l\u00e4sst sich die Br\u00fchgruppe zur einfachen Reinigung vollst\u00e4ndig entnehmen und gew\u00e4hrleistet so eine lange Lebensdauer.<\/td>\n<\/tr>\n<\/tbody>\n<\/table>\n<table class=\"dv_characteristicsTable\">\n<caption>Technische Daten<\/caption>\n<tbody>\n<tr>\n<td class=\"left\">Leistung<\/td>\n<td>1450 W<\/td>\n<\/tr>\n<tr>\n<td class=\"left\">Pumpendruck<\/td>\n<td>15 bar<\/td>\n<\/tr>\n<tr>\n<td class=\"left\">Art des Heizsystems<\/td>\n<td>Thermoblock<\/td>\n<\/tr>\n<\/tbody>\n<\/table>\n<table class=\"dv_characteristicsTable\">\n<caption>Farbe &#038; Material<\/caption>\n<tbody>\n<tr>\n<td class=\"left\">Farbe<\/td>\n<td>silberfarben\/schwarz<\/td>\n<\/tr>\n<tr>\n<td class=\"left\">Material Mahlwerk<\/td>\n<td>Edelstahl<\/td>\n<\/tr>\n<\/tbody>\n<\/table>\n<table class=\"dv_characteristicsTable\">\n<caption>Handhabung &#038; Komfort<\/caption>\n<tbody>\n<tr>\n<td class=\"left\">Abtropfschaleneigenschaften<\/td>\n<td>herausnehmbar<\/td>\n<\/tr>\n<tr>\n<td class=\"left\">Verstellbarkeit Kaffeeauslauf<\/td>\n<td>h\u00f6henverstellbar<\/td>\n<\/tr>\n<tr>\n<td class=\"left\">Art des Mahlwerks<\/td>\n<td>Kegelmahlwerk<\/td>\n<\/tr>\n<tr>\n<td class=\"left\">Br\u00fchgruppe herausnehmbar<\/td>\n<td>seitlich herausnehmbar<\/td>\n<\/tr>\n<tr>\n<td class=\"left\">Bohnenbeh\u00e4lterkapazit\u00e4t<\/td>\n<td>250 g<\/td>\n<\/tr>\n<tr>\n<td class=\"left\">Wassertankkapazit\u00e4t<\/td>\n<td>1,8 l<\/td>\n<\/tr>\n<tr>\n<td class=\"left\">Tassenh\u00f6he maximal<\/td>\n<td>14 cm<\/td>\n<\/tr>\n<\/tbody>\n<\/table>\n<table class=\"dv_characteristicsTable\">\n<caption>Kaffeezubereitung<\/caption>\n<tbody>\n<tr>\n<td class=\"left\">Art des Milchsystems<\/td>\n<td>abnehmbarer Milchtank<\/td>\n<\/tr>\n<\/tbody>\n<\/table>\n<table class=\"dv_characteristicsTable\">\n<caption>Ma\u00dfe &#038; Gewicht<\/caption>\n<tbody>\n<tr>\n<td class=\"left\">H\u00f6he<\/td>\n<td>36 cm<\/td>\n<\/tr>\n<tr>\n<td class=\"left\">Breite<\/td>\n<td>24 cm<\/td>\n<\/tr>\n<tr>\n<td class=\"left\">Tiefe<\/td>\n<td>44 cm<\/td>\n<\/tr>\n<tr>\n<td class=\"left\">Gewicht<\/td>\n<td>9,6 kg<\/td>\n<\/tr>\n<\/tbody>\n<\/table>\n<table class=\"dv_characteristicsTable\">\n<caption>Programme &#038; Funktionen<\/caption>\n<tbody>\n<tr>\n<td class=\"left\">Zeitfunktionen<\/td>\n<td>Abschaltautomatik<\/td>\n<\/tr>\n<\/tbody>\n<\/table>\n<table class=\"dv_characteristicsTable\">\n<caption>Reinigung &#038; Pflege<\/caption>\n<tbody>\n<tr>\n<td class=\"left\">Automatische Pflegeprogramme<\/td>\n<td>Entkalkungsprogramm<br \/> Reinigungsprogramm<br \/> Sp\u00fclprogramm<\/td>\n<\/tr>\n<\/tbody>\n<\/table>\n<table class=\"dv_characteristicsTable\">\n<caption>Wissenswertes<\/caption>\n<tbody>\n<tr>\n<td class=\"left\">Sprachen Bedienungs-\/Aufbauanleitung<\/td>\n<td>Bulgarisch (BG)<br \/> Deutsch (DE)<br \/> D\u00e4nisch (DA)<br \/> Englisch (EN)<br \/> Finnisch (FI)<br \/> Franz\u00f6sisch (FR)<br \/> Griechisch (EL)<br \/> Italienisch (IT)<br \/> Niederl\u00e4ndisch (NL)<br \/> Norwegisch (NO)<br \/> Polnisch (PL)<br \/> Portugiesisch (PT)<br \/> Rum\u00e4nisch (RO)<br \/> Russisch (RU)<br \/> Schwedisch (SV)<br \/> Slowakisch (SK)<br \/> Spanisch (ES)<br \/> Tschechisch (CS)<br \/> T\u00fcrkisch (TR)<br \/> Ukrainisch (UK)<br \/> Ungarisch (HU)<\/td>\n<\/tr>\n<\/tbody>\n<\/table>\n<\/div>\n<\/div>","protected":false},"excerpt":{"rendered":"<table>\n<tbody>\n<tr>\n<td>Marke<\/td>\n<td>De\u2019Longhi<\/td>\n<\/tr>\n<tr>\n<td>Farbe<\/td>\n<td>Black<\/td>\n<\/tr>\n<tr>\n<td>Produktabmessungen<\/td>\n<td>10T x 10B x 10H Millimeter<\/td>\n<\/tr>\n<tr>\n<td>Kaffeemaschinen-Typ<\/td>\n<td>Espressomaschine<\/td>\n<\/tr>\n<tr>\n<td>Enthaltene Komponenten<\/td>\n<td>1 package<\/td>\n<\/tr>\n<\/tbody>\n<\/table>\n<p>\u00a0<\/p>","protected":false},"featured_media":12514,"template":"","meta":[],"product_brand":[],"product_cat":[29],"product_tag":[],"product_country":[1501],"class_list":{"0":"post-12513","1":"product","2":"type-product","3":"status-publish","4":"has-post-thumbnail","6":"product_cat-espressomaschinen","7":"product_country-germany","9":"first","10":"instock","11":"sale","12":"taxable","13":"shipping-taxable","14":"purchasable","15":"product-type-simple"},"_links":{"self":[{"href":"https:\/\/routinesfashione.com\/es\/wp-json\/wp\/v2\/product\/12513","targetHints":{"allow":["GET"]}}],"collection":[{"href":"https:\/\/routinesfashione.com\/es\/wp-json\/wp\/v2\/product"}],"about":[{"href":"https:\/\/routinesfashione.com\/es\/wp-json\/wp\/v2\/types\/product"}],"wp:featuredmedia":[{"embeddable":true,"href":"https:\/\/routinesfashione.com\/es\/wp-json\/wp\/v2\/media\/12514"}],"wp:attachment":[{"href":"https:\/\/routinesfashione.com\/es\/wp-json\/wp\/v2\/media?parent=12513"}],"wp:term":[{"taxonomy":"product_brand","embeddable":true,"href":"https:\/\/routinesfashione.com\/es\/wp-json\/wp\/v2\/product_brand?post=12513"},{"taxonomy":"product_cat","embeddable":true,"href":"https:\/\/routinesfashione.com\/es\/wp-json\/wp\/v2\/product_cat?post=12513"},{"taxonomy":"product_tag","embeddable":true,"href":"https:\/\/routinesfashione.com\/es\/wp-json\/wp\/v2\/product_tag?post=12513"},{"taxonomy":"product_country","embeddable":true,"href":"https:\/\/routinesfashione.com\/es\/wp-json\/wp\/v2\/product_country?post=12513"}],"curies":[{"name":"wp","href":"https:\/\/api.w.org\/{rel}","templated":true}]}}