{"id":1309,"date":"2025-09-30T20:53:38","date_gmt":"2025-09-30T20:53:38","guid":{"rendered":"https:\/\/lightgray-crow-170497.hostingersite.com\/?post_type=product&#038;p=1309"},"modified":"2025-09-30T20:53:38","modified_gmt":"2025-09-30T20:53:38","slug":"delonghi-rivelia-feb4435","status":"publish","type":"product","link":"https:\/\/routinesfashione.com\/es\/produit\/delonghi-rivelia-feb4435\/","title":{"rendered":"Delonghi Rivelia FEB4435"},"content":{"rendered":"<section class=\"Jgs2b9\">\n<div class=\"WAZqE7 QfrfFD cell\">\n<section class=\"Va_ZoC\" data-hook=\"description-wrapper\">\n<div class=\"LvOu6J\">\n<div class=\"vaI0UH undefined\" data-hook=\"content-wrapper\">\n<p>D\u00e9couvrez la DeLonghi Rivelia FEB 4435, une machine \u00e0 caf\u00e9 r\u00e9volutionnaire dot\u00e9e de la technologie Bean Adapt, ajustant automatiquement la finesse de mouture pour chaque type de grain, offrant ainsi une tasse parfaite, ind\u00e9pendamment de l&#8217;origine ou de la torr\u00e9faction des grains.<\/p>\n<p>Avec le syst\u00e8me Bean Switch, changez facilement entre deux bacs \u00e0 grains pour savourer une vari\u00e9t\u00e9 de caf\u00e9s. Cette machine int\u00e8gre une interface intuitive sur un \u00e9cran tactile TFT couleur de 3.5&#8243;, permettant de cr\u00e9er jusqu&#8217;\u00e0 4 profils utilisateurs pour une personnalisation optimale. Elle offre une extraction exceptionnelle avec 13 degr\u00e9s de mouture, des moulins en acier coniques et une capacit\u00e9 de 250g de grains et 1.4L d&#8217;eau pour pr\u00e9parer entre 20 et 30 caf\u00e9s par jour.<\/p>\n<p>Sa buse vapeur cappuccino permet la pr\u00e9paration de boissons lact\u00e9es fines, tandis que la possibilit\u00e9 de r\u00e9aliser jusqu&#8217;\u00e0 8 boissons chaudes et froides, dont deux caf\u00e9s simultan\u00e9ment, la rend polyvalente. Son design haut de gamme en inox et m\u00e9tal blanc embellit votre cuisine, tandis que sa facilit\u00e9 d&#8217;entretien avec des programmes automatiques de rin\u00e7age et d\u00e9tartrage, ainsi qu&#8217;une grille \u00e9gouttoir compatible lave-vaisselle, assure une utilisation optimale au quotidien.<\/p>\n<\/div>\n<\/div>\n<\/section>\n<\/div>\n<\/section>","protected":false},"excerpt":{"rendered":"<p>D\u00e9couvrez la DeLonghi Rivelia FEB 4435, une machine \u00e0 caf\u00e9 r\u00e9volutionnaire dot\u00e9e de la technologie Bean Adapt, ajustant automatiquement la<\/p>","protected":false},"featured_media":13800,"template":"","meta":[],"product_brand":[],"product_cat":[61],"product_tag":[1514],"product_country":[1503],"class_list":{"0":"post-1309","1":"product","2":"type-product","3":"status-publish","4":"has-post-thumbnail","6":"product_cat-sale-france","7":"product_tag-sale-france","8":"product_country-france","10":"first","11":"instock","12":"sale","13":"taxable","14":"shipping-taxable","15":"purchasable","16":"product-type-simple"},"_links":{"self":[{"href":"https:\/\/routinesfashione.com\/es\/wp-json\/wp\/v2\/product\/1309","targetHints":{"allow":["GET"]}}],"collection":[{"href":"https:\/\/routinesfashione.com\/es\/wp-json\/wp\/v2\/product"}],"about":[{"href":"https:\/\/routinesfashione.com\/es\/wp-json\/wp\/v2\/types\/product"}],"wp:featuredmedia":[{"embeddable":true,"href":"https:\/\/routinesfashione.com\/es\/wp-json\/wp\/v2\/media\/13800"}],"wp:attachment":[{"href":"https:\/\/routinesfashione.com\/es\/wp-json\/wp\/v2\/media?parent=1309"}],"wp:term":[{"taxonomy":"product_brand","embeddable":true,"href":"https:\/\/routinesfashione.com\/es\/wp-json\/wp\/v2\/product_brand?post=1309"},{"taxonomy":"product_cat","embeddable":true,"href":"https:\/\/routinesfashione.com\/es\/wp-json\/wp\/v2\/product_cat?post=1309"},{"taxonomy":"product_tag","embeddable":true,"href":"https:\/\/routinesfashione.com\/es\/wp-json\/wp\/v2\/product_tag?post=1309"},{"taxonomy":"product_country","embeddable":true,"href":"https:\/\/routinesfashione.com\/es\/wp-json\/wp\/v2\/product_country?post=1309"}],"curies":[{"name":"wp","href":"https:\/\/api.w.org\/{rel}","templated":true}]}}