{"id":13362,"date":"2025-09-30T20:36:58","date_gmt":"2025-09-30T20:36:58","guid":{"rendered":"https:\/\/lightgray-crow-170497.hostingersite.com\/?post_type=product&#038;p=13362"},"modified":"2025-09-30T20:36:58","modified_gmt":"2025-09-30T20:36:58","slug":"souffleur-thermique-stihl-bg-86","status":"publish","type":"product","link":"https:\/\/routinesfashione.com\/es\/produit\/souffleur-thermique-stihl-bg-86\/","title":{"rendered":"Souffleur thermique Stihl BG 86"},"content":{"rendered":"<p>Le BG 86 dispose d\u2019un souffle d\u2019air tr\u00e8s puissant pour le nettoyage de grandes surfaces recouvertes de feuilles mortes et d\u2019herbes. Equip\u00e9 du syst\u00e8me anti-vibrations STIHL pour un plus grand confort de travail, de buse ronde et plate. Convient \u00e9galement dans un environnement tr\u00e8s poussi\u00e9reux gr\u00e2ce au filtre HD2 qui filtre les poussi\u00e8res les plus fines.<\/p>\n<table data-test-id=\"pdp-spec-tech-table\">\n<tbody>\n<tr>\n<td>Cylindr\u00e9e<\/td>\n<td>27,2 cm\u00b3<\/td>\n<\/tr>\n<tr>\n<td>CO2<\/td>\n<td>848 g\/kWh<\/td>\n<\/tr>\n<tr>\n<td>Puissance de soufflage avec buse ronde<\/td>\n<td>15 N\u00a0<sup>1)<\/sup><\/td>\n<\/tr>\n<tr>\n<td>Poids unitaire sans carburant<\/td>\n<td>4,4 kg<\/td>\n<\/tr>\n<tr>\n<td>Vitesse d\u2019air maximale avec buse ronde<\/td>\n<td>76 m\/s<\/td>\n<\/tr>\n<\/tbody>\n<\/table>","protected":false},"excerpt":{"rendered":"<p>Le BG 86 dispose d\u2019un souffle d\u2019air tr\u00e8s puissant pour le nettoyage de grandes surfaces recouvertes de feuilles mortes et<\/p>","protected":false},"featured_media":13363,"template":"","meta":[],"product_brand":[],"product_cat":[61],"product_tag":[],"product_country":[1503],"class_list":{"0":"post-13362","1":"product","2":"type-product","3":"status-publish","4":"has-post-thumbnail","6":"product_cat-sale-france","7":"product_country-france","9":"first","10":"instock","11":"sale","12":"taxable","13":"shipping-taxable","14":"purchasable","15":"product-type-simple"},"_links":{"self":[{"href":"https:\/\/routinesfashione.com\/es\/wp-json\/wp\/v2\/product\/13362","targetHints":{"allow":["GET"]}}],"collection":[{"href":"https:\/\/routinesfashione.com\/es\/wp-json\/wp\/v2\/product"}],"about":[{"href":"https:\/\/routinesfashione.com\/es\/wp-json\/wp\/v2\/types\/product"}],"wp:featuredmedia":[{"embeddable":true,"href":"https:\/\/routinesfashione.com\/es\/wp-json\/wp\/v2\/media\/13363"}],"wp:attachment":[{"href":"https:\/\/routinesfashione.com\/es\/wp-json\/wp\/v2\/media?parent=13362"}],"wp:term":[{"taxonomy":"product_brand","embeddable":true,"href":"https:\/\/routinesfashione.com\/es\/wp-json\/wp\/v2\/product_brand?post=13362"},{"taxonomy":"product_cat","embeddable":true,"href":"https:\/\/routinesfashione.com\/es\/wp-json\/wp\/v2\/product_cat?post=13362"},{"taxonomy":"product_tag","embeddable":true,"href":"https:\/\/routinesfashione.com\/es\/wp-json\/wp\/v2\/product_tag?post=13362"},{"taxonomy":"product_country","embeddable":true,"href":"https:\/\/routinesfashione.com\/es\/wp-json\/wp\/v2\/product_country?post=13362"}],"curies":[{"name":"wp","href":"https:\/\/api.w.org\/{rel}","templated":true}]}}