{"id":13492,"date":"2025-09-30T20:36:57","date_gmt":"2025-09-30T20:36:57","guid":{"rendered":"https:\/\/lightgray-crow-170497.hostingersite.com\/?post_type=product&#038;p=13492"},"modified":"2025-09-30T20:36:57","modified_gmt":"2025-09-30T20:36:57","slug":"staub-sh440pk-tondeuse","status":"publish","type":"product","link":"https:\/\/routinesfashione.com\/es\/produit\/staub-sh440pk-tondeuse\/","title":{"rendered":"Staub SH440PK Tondeuse"},"content":{"rendered":"<h3 data-start=\"123\" data-end=\"158\"><strong data-start=\"130\" data-end=\"156\">Description du produit<\/strong><\/h3>\n<p data-start=\"159\" data-end=\"534\">La <strong data-start=\"162\" data-end=\"188\">tondeuse Staub SH440PK<\/strong> est une <strong data-start=\"197\" data-end=\"242\">tondeuse thermique performante et robuste<\/strong>, id\u00e9ale pour l\u2019entretien r\u00e9gulier des pelouses de taille moyenne \u00e0 grande. Con\u00e7ue pour combiner <strong data-start=\"339\" data-end=\"352\">puissance<\/strong>, <strong data-start=\"354\" data-end=\"367\">ergonomie<\/strong> et <strong data-start=\"371\" data-end=\"385\">durabilit\u00e9<\/strong>, elle est \u00e9quip\u00e9e d\u2019un <strong data-start=\"409\" data-end=\"426\">moteur fiable<\/strong>, d\u2019un <strong data-start=\"433\" data-end=\"452\">carter en acier<\/strong> et d\u2019un <strong data-start=\"461\" data-end=\"490\">syst\u00e8me de coupe efficace<\/strong> qui garantit un r\u00e9sultat net et uniforme.<\/p>\n<p data-start=\"536\" data-end=\"665\">Elle offre \u00e9galement une <strong data-start=\"561\" data-end=\"585\">maniabilit\u00e9 optimale<\/strong> et plusieurs options de r\u00e9glage pour s\u2019adapter aux diff\u00e9rents types de gazon.<\/p>\n<hr data-start=\"667\" data-end=\"670\" \/>\n<h3 data-start=\"672\" data-end=\"712\"><strong data-start=\"679\" data-end=\"710\">Caract\u00e9ristiques techniques<\/strong><\/h3>\n<ul data-start=\"714\" data-end=\"1428\">\n<li data-start=\"714\" data-end=\"736\">\n<p data-start=\"716\" data-end=\"736\"><strong data-start=\"716\" data-end=\"726\">Marque<\/strong> : Staub<\/p>\n<\/li>\n<li data-start=\"737\" data-end=\"761\">\n<p data-start=\"739\" data-end=\"761\"><strong data-start=\"739\" data-end=\"749\">Mod\u00e8le<\/strong> : SH440PK<\/p>\n<\/li>\n<li data-start=\"762\" data-end=\"836\">\n<p data-start=\"764\" data-end=\"836\"><strong data-start=\"764\" data-end=\"772\">Type<\/strong> : Tondeuse thermique \u00e0 pousser ou autotract\u00e9e (selon version)<\/p>\n<\/li>\n<li data-start=\"837\" data-end=\"917\">\n<p data-start=\"839\" data-end=\"917\"><strong data-start=\"839\" data-end=\"849\">Moteur<\/strong> : Essence 4 temps, cylindr\u00e9e env. 140-150 cc (selon mod\u00e8le exact)<\/p>\n<\/li>\n<li data-start=\"918\" data-end=\"952\">\n<p data-start=\"920\" data-end=\"952\"><strong data-start=\"920\" data-end=\"940\">Largeur de coupe<\/strong> : \u2248 44 cm<\/p>\n<\/li>\n<li data-start=\"953\" data-end=\"1012\">\n<p data-start=\"955\" data-end=\"1012\"><strong data-start=\"955\" data-end=\"975\">Hauteur de coupe<\/strong> : R\u00e9glable sur plusieurs positions<\/p>\n<\/li>\n<li data-start=\"1013\" data-end=\"1073\">\n<p data-start=\"1015\" data-end=\"1073\"><strong data-start=\"1015\" data-end=\"1025\">Carter<\/strong> : Acier robuste pour une meilleure r\u00e9sistance<\/p>\n<\/li>\n<li data-start=\"1074\" data-end=\"1163\">\n<p data-start=\"1076\" data-end=\"1163\"><strong data-start=\"1076\" data-end=\"1098\">Syst\u00e8me d\u2019\u00e9jection<\/strong> : Bac de ramassage + \u00e9jection arri\u00e8re\/laterale (selon version)<\/p>\n<\/li>\n<li data-start=\"1164\" data-end=\"1221\">\n<p data-start=\"1166\" data-end=\"1221\"><strong data-start=\"1166\" data-end=\"1181\">Utilisation<\/strong> : Pelouses de taille moyenne \u00e0 grande<\/p>\n<\/li>\n<li data-start=\"1222\" data-end=\"1289\">\n<p data-start=\"1224\" data-end=\"1289\"><strong data-start=\"1224\" data-end=\"1235\">Poign\u00e9e<\/strong> : Ergonomique et repliable pour un rangement facile<\/p>\n<\/li>\n<li data-start=\"1290\" data-end=\"1344\">\n<p data-start=\"1292\" data-end=\"1344\"><strong data-start=\"1292\" data-end=\"1301\">Poids<\/strong> : Environ 25\u201330 kg (selon configuration)<\/p>\n<\/li>\n<\/ul>","protected":false},"excerpt":{"rendered":"<p>Description du produit La tondeuse Staub SH440PK est une tondeuse thermique performante et robuste, id\u00e9ale pour l\u2019entretien r\u00e9gulier des pelouses<\/p>","protected":false},"featured_media":13493,"template":"","meta":[],"product_brand":[],"product_cat":[61],"product_tag":[1514],"product_country":[1503],"class_list":{"0":"post-13492","1":"product","2":"type-product","3":"status-publish","4":"has-post-thumbnail","6":"product_cat-sale-france","7":"product_tag-sale-france","8":"product_country-france","10":"first","11":"instock","12":"sale","13":"taxable","14":"shipping-taxable","15":"purchasable","16":"product-type-simple"},"_links":{"self":[{"href":"https:\/\/routinesfashione.com\/es\/wp-json\/wp\/v2\/product\/13492","targetHints":{"allow":["GET"]}}],"collection":[{"href":"https:\/\/routinesfashione.com\/es\/wp-json\/wp\/v2\/product"}],"about":[{"href":"https:\/\/routinesfashione.com\/es\/wp-json\/wp\/v2\/types\/product"}],"wp:featuredmedia":[{"embeddable":true,"href":"https:\/\/routinesfashione.com\/es\/wp-json\/wp\/v2\/media\/13493"}],"wp:attachment":[{"href":"https:\/\/routinesfashione.com\/es\/wp-json\/wp\/v2\/media?parent=13492"}],"wp:term":[{"taxonomy":"product_brand","embeddable":true,"href":"https:\/\/routinesfashione.com\/es\/wp-json\/wp\/v2\/product_brand?post=13492"},{"taxonomy":"product_cat","embeddable":true,"href":"https:\/\/routinesfashione.com\/es\/wp-json\/wp\/v2\/product_cat?post=13492"},{"taxonomy":"product_tag","embeddable":true,"href":"https:\/\/routinesfashione.com\/es\/wp-json\/wp\/v2\/product_tag?post=13492"},{"taxonomy":"product_country","embeddable":true,"href":"https:\/\/routinesfashione.com\/es\/wp-json\/wp\/v2\/product_country?post=13492"}],"curies":[{"name":"wp","href":"https:\/\/api.w.org\/{rel}","templated":true}]}}