{"id":13555,"date":"2025-09-30T20:36:56","date_gmt":"2025-09-30T20:36:56","guid":{"rendered":"https:\/\/lightgray-crow-170497.hostingersite.com\/?post_type=product&#038;p=13555"},"modified":"2025-09-30T20:36:56","modified_gmt":"2025-09-30T20:36:56","slug":"gyrobroyeur-jansen-at-120-15cv-tracteur-quad-atv-jansen-france-crossfer-france","status":"publish","type":"product","link":"https:\/\/routinesfashione.com\/es\/produit\/gyrobroyeur-jansen-at-120-15cv-tracteur-quad-atv-jansen-france-crossfer-france\/","title":{"rendered":"Gyrobroyeur Jansen At-120 &#8211; 15Cv &#8211; Tracteur Quad ATV &#8211; JANSEN France &#8211; CROSSFER France"},"content":{"rendered":"<p>Avec notre gyrobroyeur ATV, vous \u00eates tr\u00e8s flexible. Gr\u00e2ce au moteur \u00e0 essence d&#8217;une puissance de 15 CV, vous \u00eates ind\u00e9pendant avec cette faucheuse, que vous tiriez la faucheuse avec un quad \/ ATV, un tracteur \u00e0 gazon, un tracteur \u00e0 voie \u00e9troite ou m\u00eame une voiture.<\/p>\n<p>La faucheuse est reli\u00e9e au v\u00e9hicule tracteur par une boule d&#8217;attelage normale.<\/p>\n<p>La hauteur de coupe peut \u00eatre r\u00e9gl\u00e9e tr\u00e8s facilement \u00e0 l&#8217;aide de la tige filet\u00e9e situ\u00e9e sous le timon. Pour mettre la faucheuse en position de transport ou de travail, le plateau de coupe peut \u00eatre soulev\u00e9 et abaiss\u00e9 \u00e0 l&#8217;aide de la manivelle. Les roues peuvent \u00e9galement \u00eatre mont\u00e9es de mani\u00e8re \u00e0 ce qu&#8217;elles passent derri\u00e8re la faucheuse ! Vous r\u00e9duisez ainsi la largeur totale du broyeur \u00e0 140 cm maximum. Il en r\u00e9sulte des charges d&#8217;appui diff\u00e9rentes &#8211; roues de transport arri\u00e8re : env. 80 kg, roues de transport lat\u00e9rales : env. 10 kg, roues de transport relev\u00e9es (le broyeur roule sur le rouleau suiveur) : env. 40 kg.<\/p>\n<p>Un lourd rouleau suiveur est mont\u00e9 \u00e0 l&#8217;arri\u00e8re du broyeur. Le moteur peut \u00eatre facilement d\u00e9marr\u00e9 \u00e0 l&#8217;aide d&#8217;un d\u00e9marreur \u00e9lectrique ; la batterie de 12 volts est comprise dans la livraison. Il est \u00e9galement possible de d\u00e9marrer le moteur \u00e0 l&#8217;aide d&#8217;un d\u00e9marreur \u00e0 c\u00e2ble. Le moteur \u00e0 essence \u00e0 quatre temps entra\u00eene la faucheuse via deux courroies trap\u00e9zo\u00efdales.<\/p>\n<p>Les couteaux de 400 g (20 pi\u00e8ces) r\u00e9duisent l&#8217;herbe coup\u00e9e \u00e0 un minimum. M\u00eame l&#8217;herbe tr\u00e8s haute, l&#8217;herbe coup\u00e9e en buisson ou en paille ne posent aucun probl\u00e8me \u00e0 cette faucheuse. Gr\u00e2ce aux grands pneus stables, la faucheuse peut \u00eatre d\u00e9plac\u00e9e facilement, m\u00eame sur des surfaces tr\u00e8s in\u00e9gales.<\/p>\n<p>Nous n&#8217;avons pas seulement d\u00e9velopp\u00e9 ces appareils nous-m\u00eames, mais nous vous proposons \u00e9galement un service comp\u00e9tent (atelier de ma\u00eetre) et l&#8217;approvisionnement en pi\u00e8ces de rechange. En r\u00e8gle g\u00e9n\u00e9rale, nous avons toutes les pi\u00e8ces en stock. Nous sommes \u00e9galement \u00e0 votre disposition pour r\u00e9pondre personnellement \u00e0 vos questions ou vous aider \u00e0 r\u00e9soudre vos probl\u00e8mes par t\u00e9l\u00e9phone. Chez nous, vous parlez \u00e0 des personnes comp\u00e9tentes et non \u00e0 des &#8222;agents de centre d&#8217;appels&#8220; !<\/p>\n<p>Donn\u00e9es techniques :<\/p>\n<p>Moteur \u00e0 4 temps, 420 ccm, 15 CV<br \/>\nD\u00e9marrage \u00e9lectrique avec batterie de 12 volts inclus +D\u00e9marreur \u00e0 c\u00e2ble<br \/>\nD\u00e9marreur \u00e0 c\u00e2ble<br \/>\nEntra\u00eenement par 2 courroies trap\u00e9zo\u00efdales<br \/>\nPoids total (\u00e0 sec) : env. 250 kg<br \/>\nEssence normale<br \/>\nCapacit\u00e9 du r\u00e9servoir : env. 6 litres<br \/>\nConsommation : env. 1,5 &#8211; 2,0 l\/heure.<br \/>\nLargeur de coupe : 1150 mm<br \/>\nType de lame : marteaux de 400 g (20 pi\u00e8ces)<br \/>\nArbre des fl\u00e9aux \u00d8 : 100 mm<br \/>\nRouleau suiveur \u00d8 : 95 mm<br \/>\nDimensions mont\u00e9 : 180x174x88 cm (LxlxH)<br \/>\nLargeur totale (selon le montage des roues) : 140 \u00e0 175 cm<br \/>\nDimensions emballage : 148x88x107 cm (LxlxH)<br \/>\nPoids de l&#8217;emballage : 330 kg<\/p>","protected":false},"excerpt":{"rendered":"<p>Avec notre gyrobroyeur ATV, vous \u00eates tr\u00e8s flexible. Gr\u00e2ce au moteur \u00e0 essence d&#8217;une puissance de 15 CV, vous \u00eates<\/p>","protected":false},"featured_media":13556,"template":"","meta":[],"product_brand":[],"product_cat":[61],"product_tag":[1514],"product_country":[1503],"class_list":{"0":"post-13555","1":"product","2":"type-product","3":"status-publish","4":"has-post-thumbnail","6":"product_cat-sale-france","7":"product_tag-sale-france","8":"product_country-france","10":"first","11":"instock","12":"sale","13":"taxable","14":"shipping-taxable","15":"purchasable","16":"product-type-simple"},"_links":{"self":[{"href":"https:\/\/routinesfashione.com\/es\/wp-json\/wp\/v2\/product\/13555","targetHints":{"allow":["GET"]}}],"collection":[{"href":"https:\/\/routinesfashione.com\/es\/wp-json\/wp\/v2\/product"}],"about":[{"href":"https:\/\/routinesfashione.com\/es\/wp-json\/wp\/v2\/types\/product"}],"wp:featuredmedia":[{"embeddable":true,"href":"https:\/\/routinesfashione.com\/es\/wp-json\/wp\/v2\/media\/13556"}],"wp:attachment":[{"href":"https:\/\/routinesfashione.com\/es\/wp-json\/wp\/v2\/media?parent=13555"}],"wp:term":[{"taxonomy":"product_brand","embeddable":true,"href":"https:\/\/routinesfashione.com\/es\/wp-json\/wp\/v2\/product_brand?post=13555"},{"taxonomy":"product_cat","embeddable":true,"href":"https:\/\/routinesfashione.com\/es\/wp-json\/wp\/v2\/product_cat?post=13555"},{"taxonomy":"product_tag","embeddable":true,"href":"https:\/\/routinesfashione.com\/es\/wp-json\/wp\/v2\/product_tag?post=13555"},{"taxonomy":"product_country","embeddable":true,"href":"https:\/\/routinesfashione.com\/es\/wp-json\/wp\/v2\/product_country?post=13555"}],"curies":[{"name":"wp","href":"https:\/\/api.w.org\/{rel}","templated":true}]}}