{"id":13583,"date":"2025-09-30T20:36:56","date_gmt":"2025-09-30T20:36:56","guid":{"rendered":"https:\/\/lightgray-crow-170497.hostingersite.com\/?post_type=product&#038;p=13583"},"modified":"2025-09-30T20:36:56","modified_gmt":"2025-09-30T20:36:56","slug":"nettoyeur-haute-pression-thermique-207cc-250-bar-steiner","status":"publish","type":"product","link":"https:\/\/routinesfashione.com\/es\/produit\/nettoyeur-haute-pression-thermique-207cc-250-bar-steiner\/","title":{"rendered":"Nettoyeur haute pression thermique 207cc 250 Bar Steiner"},"content":{"rendered":"<p>Gr\u00e2ce \u00e0 ses diff\u00e9rentes buses\u00a0et rotabuse fournies, ce nettoyeur haute pression thermique sera id\u00e9al pour nettoyer facilement vos pav\u00e9s, terrasses et autres \u00e9quipements ext\u00e9rieures. Son chariot tubulaire mont\u00e9 sur roues de grand diam\u00e8tre vous garantira un d\u00e9placement ais\u00e9 et sans effort.<br \/>\nEquip\u00e9 d\u2019un flexible haute pression\u00a0de 8 m renforc\u00e9 d\u2019une tresse m\u00e9tallique et d\u2019un puissant moteur de 207cc\u00a0prot\u00e9g\u00e9 par une s\u00e9curit\u00e9 manque d\u2019huile, ce nettoyeur haute pression r\u00e9pondra parfaitement \u00e0 tous vos besoins du quotidien.<\/p>\n<p>Et pour b\u00e9n\u00e9ficier de plus d\u2019autonomie, sa pompe est dot\u00e9e d\u2019un syst\u00e8me auto-amor\u00e7ant qui vous permettra d\u2019aspirer l\u2019eau \u00e0 partir d\u2019une source naturelle ou d\u2019un r\u00e9servoir de stockage en cas d\u2019impossibilit\u00e9 de le raccorder au r\u00e9seau d\u2019eau domestique.<\/p>\n<p>Fiche technique<\/p>\n<ul>\n<li>Capacit\u00e9 du r\u00e9servoir (L) : 3,6 L<\/li>\n<li>Consommation (L\/h) : 1,9<\/li>\n<li>Cylindr\u00e9e moteur (cm\u00b3) : 207 cm\u00b3<\/li>\n<li>D\u00e9bit max (L\/min) : 10<\/li>\n<li>Longueur du flexible (m) : 8<\/li>\n<li>Pression de travail (bar) : 180<\/li>\n<li>Pression max (bar) : 250<\/li>\n<li>R\u00e9servoir \u00e0 d\u00e9tergent int\u00e9gr\u00e9 : Oui<\/li>\n<li>Soupape de s\u00e9curit\u00e9 thermique : Oui<\/li>\n<li>S\u00e9curit\u00e9 manque d&#8217;huile : Oui<\/li>\n<li>Type : Thermique<\/li>\n<li>Type de carburant : &#8211; Essence sans plomb pure SP95 ou SP98<br \/>\n&#8211; Important : Ne pas utiliser de SP95 E10 et de E85 \u00e0 base d\u2019Ethanol<\/li>\n<li>Type d&#8217;huile moteur : SAE 10W30 ou SAE 15W40<\/li>\n<li>Type de d\u00e9marrage : Par lanceur<\/li>\n<li>Type de pompe :\u00a0 Laiton \u00e0 plateau oscillant et plongeurs en acier inoxydable<\/li>\n<li>Type de roues : 30cm rigides<\/li>\n<li>Type moteur : 7HP 4T OHV \u00e0 refroidissement par air<\/li>\n<li>+ produit : Livr\u00e9 avec huile de pompe et sans huile moteur (pr\u00e9voir 0.6L d\u2019huile moteur SAE 15W40)<\/li>\n<li>+ produit : -Pompe auto-amor\u00e7ante max 3m<\/li>\n<li>Accessoires : 4 Buses (0\u00b0\/15\u00b0\/25\u00b0\/40\u00b0) + 1 buse pour d\u00e9tergent + 1 rotabuse + 1 kit d&#8217;aspiration de 2m incluant le tuyau et la cr\u00e9pine<\/li>\n<li>Garantie : 2 ans<\/li>\n<\/ul>","protected":false},"excerpt":{"rendered":"<p>Gr\u00e2ce \u00e0 ses diff\u00e9rentes buses\u00a0et rotabuse fournies, ce nettoyeur haute pression thermique sera id\u00e9al pour nettoyer facilement vos pav\u00e9s, terrasses<\/p>","protected":false},"featured_media":13584,"template":"","meta":[],"product_brand":[],"product_cat":[61],"product_tag":[1514],"product_country":[1503],"class_list":{"0":"post-13583","1":"product","2":"type-product","3":"status-publish","4":"has-post-thumbnail","6":"product_cat-sale-france","7":"product_tag-sale-france","8":"product_country-france","10":"first","11":"instock","12":"sale","13":"taxable","14":"shipping-taxable","15":"purchasable","16":"product-type-simple"},"_links":{"self":[{"href":"https:\/\/routinesfashione.com\/es\/wp-json\/wp\/v2\/product\/13583","targetHints":{"allow":["GET"]}}],"collection":[{"href":"https:\/\/routinesfashione.com\/es\/wp-json\/wp\/v2\/product"}],"about":[{"href":"https:\/\/routinesfashione.com\/es\/wp-json\/wp\/v2\/types\/product"}],"wp:featuredmedia":[{"embeddable":true,"href":"https:\/\/routinesfashione.com\/es\/wp-json\/wp\/v2\/media\/13584"}],"wp:attachment":[{"href":"https:\/\/routinesfashione.com\/es\/wp-json\/wp\/v2\/media?parent=13583"}],"wp:term":[{"taxonomy":"product_brand","embeddable":true,"href":"https:\/\/routinesfashione.com\/es\/wp-json\/wp\/v2\/product_brand?post=13583"},{"taxonomy":"product_cat","embeddable":true,"href":"https:\/\/routinesfashione.com\/es\/wp-json\/wp\/v2\/product_cat?post=13583"},{"taxonomy":"product_tag","embeddable":true,"href":"https:\/\/routinesfashione.com\/es\/wp-json\/wp\/v2\/product_tag?post=13583"},{"taxonomy":"product_country","embeddable":true,"href":"https:\/\/routinesfashione.com\/es\/wp-json\/wp\/v2\/product_country?post=13583"}],"curies":[{"name":"wp","href":"https:\/\/api.w.org\/{rel}","templated":true}]}}