{"id":13691,"date":"2025-09-30T20:36:54","date_gmt":"2025-09-30T20:36:54","guid":{"rendered":"https:\/\/lightgray-crow-170497.hostingersite.com\/?post_type=product&#038;p=13691"},"modified":"2025-09-30T20:36:54","modified_gmt":"2025-09-30T20:36:54","slug":"milwaukee-debroussailleuse-18v-m18-f2bcu-0-2-batteries-forge-18v-12-ah-1-chargeur-m18-dbsc-4933480860","status":"publish","type":"product","link":"https:\/\/routinesfashione.com\/es\/produit\/milwaukee-debroussailleuse-18v-m18-f2bcu-0-2-batteries-forge-18v-12-ah-1-chargeur-m18-dbsc-4933480860\/","title":{"rendered":"MILWAUKEE &#8211; D\u00e9broussailleuse 18V M18 F2BCU-0 + 2 batteries Forge 18V 12 Ah + 1 Chargeur M18 DBSC &#8211; 4933480860"},"content":{"rendered":"<p>La\u00a0<strong>d\u00e9broussailleuse 18V Milwaukee<\/strong>\u00a0est sp\u00e9cialement con\u00e7ue pour offrir une coupe efficace des herbes denses et des broussailles \u00e9paisses. Gr\u00e2ce \u00e0 la technologie M18 FUEL, elle maintient une vitesse constante m\u00eame dans les conditions les plus exigeantes. Son intelligence REDLINK PLUS assure une r\u00e9ponse instantan\u00e9e \u00e0 l\u2019acc\u00e9l\u00e9rateur, garantissant un contr\u00f4le optimal et une productivit\u00e9 accrue. Cet outil est fourni avec une t\u00eate de coupe de 38 \u00e0 42 cm, adapt\u00e9e aux applications les plus rigoureuses. Avec ses deux modes de vitesse, elle permet d\u2019ajuster la puissance selon les besoins de l\u2019utilisateur, assurant un parfait \u00e9quilibre entre performance et autonomie.<\/p>\n<h2>Ergonomie et endurance pour un confort maximal avec la M18 F2BCU :<\/h2>\n<p>\u00c9quip\u00e9e d\u2019un dispositif de serrage repliable, cette d\u00e9broussailleuse permet un ajustement rapide de la poign\u00e9e pour un confort de travail optimal. Son harnais \u00e0 clip r\u00e9glable offre un meilleur maintien, r\u00e9duisant la fatigue lors d\u2019une utilisation prolong\u00e9e. Elle b\u00e9n\u00e9ficie d\u2019une autonomie pouvant atteindre 75 minutes en utilisant 2\u00a0batteries 18V\u00a0Forge 12Ah, surpassant les mod\u00e8les thermiques de 40 cm\u00b3 en termes d\u2019endurance. Son carter de protection optimis\u00e9 limite les projections et assure un travail plus s\u00e9curis\u00e9. Avec son design robuste et ses mat\u00e9riaux de haute qualit\u00e9, la\u00a0<strong>M18 F2BCU-0<\/strong>\u00a0est l\u2019outil id\u00e9al pour les professionnels et les particuliers exigeants \u00e0 la recherche d\u2019une d\u00e9broussailleuse performante et durable.<\/p>","protected":false},"excerpt":{"rendered":"<p>La\u00a0d\u00e9broussailleuse 18V Milwaukee\u00a0est sp\u00e9cialement con\u00e7ue pour offrir une coupe efficace des herbes denses et des broussailles \u00e9paisses. Gr\u00e2ce \u00e0 la<\/p>","protected":false},"featured_media":28983,"template":"","meta":[],"product_brand":[],"product_cat":[61],"product_tag":[1514],"product_country":[1503],"class_list":{"0":"post-13691","1":"product","2":"type-product","3":"status-publish","4":"has-post-thumbnail","6":"product_cat-sale-france","7":"product_tag-sale-france","8":"product_country-france","10":"first","11":"instock","12":"sale","13":"taxable","14":"shipping-taxable","15":"purchasable","16":"product-type-simple"},"_links":{"self":[{"href":"https:\/\/routinesfashione.com\/es\/wp-json\/wp\/v2\/product\/13691","targetHints":{"allow":["GET"]}}],"collection":[{"href":"https:\/\/routinesfashione.com\/es\/wp-json\/wp\/v2\/product"}],"about":[{"href":"https:\/\/routinesfashione.com\/es\/wp-json\/wp\/v2\/types\/product"}],"wp:featuredmedia":[{"embeddable":true,"href":"https:\/\/routinesfashione.com\/es\/wp-json\/wp\/v2\/media\/28983"}],"wp:attachment":[{"href":"https:\/\/routinesfashione.com\/es\/wp-json\/wp\/v2\/media?parent=13691"}],"wp:term":[{"taxonomy":"product_brand","embeddable":true,"href":"https:\/\/routinesfashione.com\/es\/wp-json\/wp\/v2\/product_brand?post=13691"},{"taxonomy":"product_cat","embeddable":true,"href":"https:\/\/routinesfashione.com\/es\/wp-json\/wp\/v2\/product_cat?post=13691"},{"taxonomy":"product_tag","embeddable":true,"href":"https:\/\/routinesfashione.com\/es\/wp-json\/wp\/v2\/product_tag?post=13691"},{"taxonomy":"product_country","embeddable":true,"href":"https:\/\/routinesfashione.com\/es\/wp-json\/wp\/v2\/product_country?post=13691"}],"curies":[{"name":"wp","href":"https:\/\/api.w.org\/{rel}","templated":true}]}}