{"id":13772,"date":"2025-09-30T20:36:54","date_gmt":"2025-09-30T20:36:54","guid":{"rendered":"https:\/\/lightgray-crow-170497.hostingersite.com\/?post_type=product&#038;p=13772"},"modified":"2025-09-30T20:36:54","modified_gmt":"2025-09-30T20:36:54","slug":"machine-a-cafe-du-grain-a-la-tasse-buffalo-avec-grand-ecran-tactile-gm949","status":"publish","type":"product","link":"https:\/\/routinesfashione.com\/es\/produit\/machine-a-cafe-du-grain-a-la-tasse-buffalo-avec-grand-ecran-tactile-gm949\/","title":{"rendered":"Machine \u00e0 caf\u00e9 du grain \u00e0 la tasse Buffalo avec grand \u00e9cran tactile GM949"},"content":{"rendered":"<div id=\"CCC\" class=\"tabcontent\">\n<div>\n<table>\n<tbody>\n<tr>\n<td>Dimensions (LxPxH) (mm) :<\/td>\n<td>251x475x590<\/td>\n<\/tr>\n<tr class=\"pair\">\n<td>Habillage par couleur :<\/td>\n<td>Noir<\/td>\n<\/tr>\n<tr>\n<td>Type de carburant :<\/td>\n<td>Prise \u00e9lectrique<\/td>\n<\/tr>\n<tr class=\"pair\">\n<td>Couleur :<\/td>\n<td>Noir<\/td>\n<\/tr>\n<\/tbody>\n<\/table>\n<\/div>\n<\/div>\n<div id=\"DDD\" class=\"tabcontent\">\n<div>\n<p><strong>Vous \u00eates un professionnel de la restauration et vous cherchez \u00e0 optimiser votre espace de travail tout en offrant une exp\u00e9rience caf\u00e9 in\u00e9gal\u00e9e \u00e0 vos clients ?<\/strong>\u00a0La\u00a0<strong>pr\u00e9paration rapide et efficace<\/strong>\u00a0est souvent un d\u00e9fi incontournable pour les restaurants, h\u00f4tels, et caf\u00e9s qui accueillent un flux important de clients. Avec la demande croissante pour des boissons de qualit\u00e9, vous avez besoin d&#8217;une solution qui puisse non seulement r\u00e9pondre \u00e0 ces exigences, mais \u00e9galement s&#8217;int\u00e9grer parfaitement dans un environnement \u00e0 haut d\u00e9bit. Les\u00a0<strong>machines \u00e0 caf\u00e9 professionnelles<\/strong>\u00a0sont la cl\u00e9 pour transformer votre service de caf\u00e9ine en une exp\u00e9rience homog\u00e8ne et satisfaisante.<\/p>\n<p><strong>Machine \u00e0 caf\u00e9 du grain \u00e0 la tasse<\/strong>, notre r\u00e9ponse innovante, vous permet de proposer \u00e0 vos clients un caf\u00e9 en grains fra\u00eechement moulu \u00e0 chaque occasion, gr\u00e2ce \u00e0 son\u00a0<strong>broyeur de caf\u00e9 int\u00e9gr\u00e9<\/strong>. Sa\u00a0<strong>puissance de 1,3 kW<\/strong>\u00a0assure une pr\u00e9paration rapide, et ses\u00a0<strong>16 options de boissons<\/strong>\u00a0offrent la vari\u00e9t\u00e9 n\u00e9cessaire pour satisfaire tous les go\u00fbts. Avec son\u00a0<strong>grand \u00e9cran tactile de 254 mm<\/strong>, la personnalisation des boissons n&#8217;a jamais \u00e9t\u00e9 aussi simple, permettant une\u00a0<strong>navigation fluide et intuitive<\/strong>\u00a0qui r\u00e9pond aux besoins de chaque utilisateur.<\/p>\n<p><strong>Buffalo<\/strong>, la marque \u00e0 l\u2019origine de la\u00a0<strong>Machine \u00e0 caf\u00e9 du grain \u00e0 la tasse<\/strong>, est reconnue pour sa comp\u00e9tence dans le domaine de l\u2019\u00e9quipement de cuisson professionnelle. Forte d\u2019une\u00a0<strong>expertise sectorielle<\/strong>, elle con\u00e7oit des appareils robustes adapt\u00e9s \u00e0 une utilisation intensive quotidienne, r\u00e9pondant aux exigences des restaurants, snacks et autres \u00e9tablissements \u00e0 haute fr\u00e9quentation. Gr\u00e2ce \u00e0 son\u00a0<strong>engagement de satisfaction<\/strong>\u00a0et son service client d\u00e9di\u00e9,\u00a0<strong>Buffalo<\/strong>\u00a0propose des solutions qui allient performance et durabilit\u00e9.<\/p>\n<p>Les sp\u00e9cificit\u00e9s de la machine incluent un\u00a0<strong>puissant broyeur int\u00e9gr\u00e9<\/strong>\u00a0capable de g\u00e9rer un large \u00e9ventail de grains pour offrir un caf\u00e9 en grains fra\u00eechement moulu. La capacit\u00e9 du r\u00e9servoir de\u00a0<strong>3,5 litres<\/strong>\u00a0garantit une\u00a0<strong>utilisation prolong\u00e9e<\/strong>\u00a0sans intervention fr\u00e9quente. De plus, la fonction de\u00a0<strong>distributeur caf\u00e9 professionnel<\/strong>\u00a0permet d&#8217;acc\u00e9l\u00e9rer le service tout en maintenant une qualit\u00e9 constante.<\/p>\n<p><strong>Quels sont les avantages cl\u00e9s de cette machine unique ?<\/strong><\/p>\n<p>Avec notre\u00a0<strong>machine \u00e0 caf\u00e9 automatique<\/strong>, vous offrez rapidement une vari\u00e9t\u00e9 de boissons personnalis\u00e9es. Cela contribue \u00e0 un gain de temps significatif pour votre personnel, permettant une concentration sur d&#8217;autres t\u00e2ches essentielles.\u00a0<strong>Comment cette machine simplifie-t-elle votre service ?<\/strong><\/p>\n<p>Gr\u00e2ce \u00e0 son utilisation intuitive et sa capacit\u00e9 \u00e0 proposer une large gamme de boissons, elle rationalise le processus de commande, accentuant ainsi la satisfaction client.<\/p>\n<p>Pour utiliser cette machine \u00e0 son plein potentiel, commencez par remplir le r\u00e9servoir d\u2019eau et ajouter vos grains de caf\u00e9 pr\u00e9f\u00e9r\u00e9s dans le broyeur int\u00e9gr\u00e9. L\u2019<strong>\u00e9cran tactile caf\u00e9<\/strong>\u00a0vous permettra alors de choisir parmi les nombreuses options disponibles afin de pr\u00e9parer la boisson id\u00e9ale pour vos clients.<\/p>\n<\/div>\n<\/div>","protected":false},"excerpt":{"rendered":"<p>Dimensions (LxPxH) (mm) : 251x475x590 Habillage par couleur : Noir Type de carburant : Prise \u00e9lectrique Couleur : Noir Vous<\/p>","protected":false},"featured_media":29014,"template":"","meta":[],"product_brand":[],"product_cat":[61],"product_tag":[1514],"product_country":[1503],"class_list":{"0":"post-13772","1":"product","2":"type-product","3":"status-publish","4":"has-post-thumbnail","6":"product_cat-sale-france","7":"product_tag-sale-france","8":"product_country-france","10":"first","11":"instock","12":"sale","13":"taxable","14":"shipping-taxable","15":"purchasable","16":"product-type-simple"},"_links":{"self":[{"href":"https:\/\/routinesfashione.com\/es\/wp-json\/wp\/v2\/product\/13772","targetHints":{"allow":["GET"]}}],"collection":[{"href":"https:\/\/routinesfashione.com\/es\/wp-json\/wp\/v2\/product"}],"about":[{"href":"https:\/\/routinesfashione.com\/es\/wp-json\/wp\/v2\/types\/product"}],"wp:featuredmedia":[{"embeddable":true,"href":"https:\/\/routinesfashione.com\/es\/wp-json\/wp\/v2\/media\/29014"}],"wp:attachment":[{"href":"https:\/\/routinesfashione.com\/es\/wp-json\/wp\/v2\/media?parent=13772"}],"wp:term":[{"taxonomy":"product_brand","embeddable":true,"href":"https:\/\/routinesfashione.com\/es\/wp-json\/wp\/v2\/product_brand?post=13772"},{"taxonomy":"product_cat","embeddable":true,"href":"https:\/\/routinesfashione.com\/es\/wp-json\/wp\/v2\/product_cat?post=13772"},{"taxonomy":"product_tag","embeddable":true,"href":"https:\/\/routinesfashione.com\/es\/wp-json\/wp\/v2\/product_tag?post=13772"},{"taxonomy":"product_country","embeddable":true,"href":"https:\/\/routinesfashione.com\/es\/wp-json\/wp\/v2\/product_country?post=13772"}],"curies":[{"name":"wp","href":"https:\/\/api.w.org\/{rel}","templated":true}]}}