{"id":13816,"date":"2025-09-30T20:36:53","date_gmt":"2025-09-30T20:36:53","guid":{"rendered":"https:\/\/lightgray-crow-170497.hostingersite.com\/?post_type=product&#038;p=13816"},"modified":"2025-09-30T20:36:54","modified_gmt":"2025-09-30T20:36:54","slug":"philips-ep3246-70","status":"publish","type":"product","link":"https:\/\/routinesfashione.com\/es\/produit\/philips-ep3246-70\/","title":{"rendered":"Philips EP3246\/70"},"content":{"rendered":"<div class=\"relative flex flex-col gap-3 w-3\/4 xs-mdMinus:w-full\">\n<div class=\"text-blue-shade-60 leading-5\">\n<div class=\"!prose !text-primary-main !text-[14px] text-ellipsis\">Expresso avec broyeur Philips EP3349\/70 Machine expresso automatique noir Serie 3300 LatteGo Caracteristiques principales : Fonctionnalit\u00e9s machine expresso : Carafe \u00e0 lait, Arr\u00eat automatique. M\u00e9morisation des pr\u00e9f\u00e9rences : Oui. Type de caf\u00e9 : Caf\u00e9 cr\u00e8me, Caf\u00e9 en grain, Caf\u00e9 expresso, Caf\u00e9 moulu. Type de broyeur : C\u00e9ramique. Multi-boissons : Caf\u00e9. Connect\u00e9 : Non. Pression : 15 Bar(s). Puissance : 230 W. Caract\u00e9ristiques de l&#8217;\u00e9cran : Ecran tactile couleur. Finesse de la mouture r\u00e9glable : Oui. Nombre de tasses : 2. Syst\u00e8me de machine \u00e0 caf\u00e9 : A pompe. Accessoires fournis : Cuill\u00e8re-doseuse, Mesure de la duret\u00e9 de l&#8217;eau par bandelette, Filtre AquaClean, Tube de graisse, Couvercle de conservation LatteGo. Compatibilit\u00e9 : \u00e9lements compatibles lave vaisselle. Caract\u00e9ristiques compl\u00e9mentaires : Broyeur 100 % c\u00e9ramique. Couleur : Noir. Poids : 8 kg. Gamme caf\u00e9 : Autres Philips S\u00e9ries 3300. Origine de fabrication : Fabriqu\u00e9 hors Europe Roumanie. Disponibilit\u00e9 des pi\u00e8ces d\u00e9tach\u00e9es : Pi\u00e8ces non disponibles. Points forts : Machine \u00e0 espresso automatique. Carafe \u00e0 lait LatteGo &#8211; 6 boissons chaudes et rafra\u00eechissantes. Broyeur en c\u00e9ramique r\u00e9sistant. Capacit\u00e9 du r\u00e9servoir d&#8217;eau: 1,8 l. Caracteristiques principales : Veuillez noter que ce produit n&#8217;est pas destin\u00e9 \u00e0 un usage intensif et professionnel.<\/div>\n<\/div>\n<\/div>","protected":false},"excerpt":{"rendered":"<p>Expresso avec broyeur Philips EP3349\/70 Machine expresso automatique noir Serie 3300 LatteGo Caracteristiques principales : Fonctionnalit\u00e9s machine expresso : Carafe<\/p>","protected":false},"featured_media":28840,"template":"","meta":[],"product_brand":[],"product_cat":[61],"product_tag":[1514],"product_country":[1503],"class_list":{"0":"post-13816","1":"product","2":"type-product","3":"status-publish","4":"has-post-thumbnail","6":"product_cat-sale-france","7":"product_tag-sale-france","8":"product_country-france","10":"first","11":"instock","12":"sale","13":"taxable","14":"shipping-taxable","15":"purchasable","16":"product-type-simple"},"_links":{"self":[{"href":"https:\/\/routinesfashione.com\/es\/wp-json\/wp\/v2\/product\/13816","targetHints":{"allow":["GET"]}}],"collection":[{"href":"https:\/\/routinesfashione.com\/es\/wp-json\/wp\/v2\/product"}],"about":[{"href":"https:\/\/routinesfashione.com\/es\/wp-json\/wp\/v2\/types\/product"}],"wp:featuredmedia":[{"embeddable":true,"href":"https:\/\/routinesfashione.com\/es\/wp-json\/wp\/v2\/media\/28840"}],"wp:attachment":[{"href":"https:\/\/routinesfashione.com\/es\/wp-json\/wp\/v2\/media?parent=13816"}],"wp:term":[{"taxonomy":"product_brand","embeddable":true,"href":"https:\/\/routinesfashione.com\/es\/wp-json\/wp\/v2\/product_brand?post=13816"},{"taxonomy":"product_cat","embeddable":true,"href":"https:\/\/routinesfashione.com\/es\/wp-json\/wp\/v2\/product_cat?post=13816"},{"taxonomy":"product_tag","embeddable":true,"href":"https:\/\/routinesfashione.com\/es\/wp-json\/wp\/v2\/product_tag?post=13816"},{"taxonomy":"product_country","embeddable":true,"href":"https:\/\/routinesfashione.com\/es\/wp-json\/wp\/v2\/product_country?post=13816"}],"curies":[{"name":"wp","href":"https:\/\/api.w.org\/{rel}","templated":true}]}}