{"id":13861,"date":"2025-09-30T20:36:52","date_gmt":"2025-09-30T20:36:52","guid":{"rendered":"https:\/\/lightgray-crow-170497.hostingersite.com\/?post_type=product&#038;p=13861"},"modified":"2025-09-30T20:36:52","modified_gmt":"2025-09-30T20:36:52","slug":"machine-a-cafe-jura-e6-piano-black-ec-garantie-3ans","status":"publish","type":"product","link":"https:\/\/routinesfashione.com\/es\/produit\/machine-a-cafe-jura-e6-piano-black-ec-garantie-3ans\/","title":{"rendered":"Machine \u00e0 caf\u00e9 JURA E6 Piano Black EC &#8211; Garantie 3ANS"},"content":{"rendered":"<h3>Nouvelle E6 &#8211; Les sp\u00e9cialit\u00e9s de caf\u00e9 les plus pris\u00e9es par simple pression d\u2019une touche<\/h3>\n<p>Un cappuccino magistral : avec l\u2019E6, profitez chaque jour de grands moments de d\u00e9gustation. Outre les sp\u00e9cialit\u00e9s classiques de caf\u00e9 noir, elle pr\u00e9pare \u00e0 la perfection cette boisson tendance qu\u2019est le cappuccino, gr\u00e2ce \u00e0 la fonction Easy Cappuccino.<\/p>\n<p>Par sa mouture encore plus homog\u00e8ne, le broyeur Aroma professionnel d\u00e9voile un caf\u00e9 encore plus riche en ar\u00f4me. Quant \u00e0 l\u2019interface de commande, avec ses touches et son visuel couleur bien pens\u00e9s, elle permet de mieux ma\u00eetriser la pr\u00e9paration du caf\u00e9. Adieu les manipulations compliqu\u00e9es, une simple pression d\u2019une touche suffit. Avec son design \u00e9l\u00e9gant et intemporel, l\u2019E6 va devenir la star de toutes les cuisines.<\/p>\n<h3 class=\"elementor-image-box-title\">Encore plus d&#8217;ar\u00f4me pour encore plus de plaisir<\/h3>\n<p class=\"elementor-image-box-description\">Le broyeur Aroma professionnel vous garantit un caf\u00e9 d\u2019exception. Gr\u00e2ce \u00e0 sa g\u00e9om\u00e9trie perfectionn\u00e9e, le broyeur parvient \u00e0 am\u00e9liorer encore l\u2019homog\u00e9n\u00e9it\u00e9 de la mouture, et produit un r\u00e9sultat fiable et constant dans le temps, tout au long de sa dur\u00e9e de vie. L\u2019extraction des ar\u00f4mes est optimis\u00e9e de 12,2 % par rapport aux broyeurs conventionnels. D\u00e9couvrez votre sp\u00e9cialit\u00e9 de caf\u00e9 favorite sous un tout nouveau jour.<\/p>\n<h3 class=\"elementor-image-box-title\">Le Cappuccino \u00e0 la perfection<\/h3>\n<p class=\"elementor-image-box-description\">Avec la fonction Easy Cappuccino, test\u00e9e et approuv\u00e9e, savourez un d\u00e9licieux cappuccino par simple pression d\u2019une touche. La buse de lait sp\u00e9cialement con\u00e7ue pour la pr\u00e9paration du cappuccino vous garantit une mousse fine et incroyablement onctueuse qui se marie \u00e0 la perfection avec le caf\u00e9 \u2013 un vrai d\u00e9lice ! Le nec plus ultra pour les amateurs de cappuccino.<\/p>\n<h3 class=\"elementor-image-box-title\">Un plaisir maximal en toute simplicit\u00e9<\/h3>\n<p class=\"elementor-image-box-description\">Un visuel couleur de 2,8&#8243; pour une excellente lisibilit\u00e9, six touches id\u00e9alement positionn\u00e9es, une interface intuitive : l\u2019E6 est tr\u00e8s simple d\u2019utilisation. Avec elle, il est tout aussi facile de se pr\u00e9parer un caf\u00e9 que de param\u00e9trer ses pr\u00e9f\u00e9rences personnelles ou d\u2019utiliser les fonctions de nettoyage instinctives. Bien entendu, l\u2019E6 est aussi compatible avec J.O.E.\u00ae : pr\u00e9parez des sp\u00e9cialit\u00e9s de caf\u00e9 \u00e0 partir de votre smartphone, param\u00e9trez et enregistrez vos pr\u00e9f\u00e9rences personnelles ou transmettez d\u2019un geste les commandes de vos invit\u00e9s \u00e0 la machine \u00e0 caf\u00e9.<\/p>\n<h3 class=\"elementor-image-box-title\">Un design durable<\/h3>\n<p class=\"elementor-image-box-description\">Par son \u00e9l\u00e9gance discr\u00e8te, le design de l\u2019E6 refl\u00e8te la technologie d\u2019exception qui se cache derri\u00e8re sa fa\u00e7ade intemporelle. Ses formes franches aux touches chrom\u00e9es font forte impression : cette machine, qui met la qualit\u00e9 du caf\u00e9 avant tout, s\u2019int\u00e8gre harmonieusement dans n\u2019importe quel environnement. Que ce soit dans le choix des sp\u00e9cialit\u00e9s ou dans le design, l\u2019E6 renonce \u00e0 toutes les fioritures qui pourraient vous d\u00e9tourner de votre v\u00e9ritable but : la tasse de caf\u00e9 parfaite.<\/p>","protected":false},"excerpt":{"rendered":"<p>Nouvelle E6 &#8211; Les sp\u00e9cialit\u00e9s de caf\u00e9 les plus pris\u00e9es par simple pression d\u2019une touche Un cappuccino magistral : avec<\/p>","protected":false},"featured_media":28807,"template":"","meta":[],"product_brand":[],"product_cat":[61],"product_tag":[1514],"product_country":[1503],"class_list":{"0":"post-13861","1":"product","2":"type-product","3":"status-publish","4":"has-post-thumbnail","6":"product_cat-sale-france","7":"product_tag-sale-france","8":"product_country-france","10":"first","11":"instock","12":"sale","13":"taxable","14":"shipping-taxable","15":"purchasable","16":"product-type-simple"},"_links":{"self":[{"href":"https:\/\/routinesfashione.com\/es\/wp-json\/wp\/v2\/product\/13861","targetHints":{"allow":["GET"]}}],"collection":[{"href":"https:\/\/routinesfashione.com\/es\/wp-json\/wp\/v2\/product"}],"about":[{"href":"https:\/\/routinesfashione.com\/es\/wp-json\/wp\/v2\/types\/product"}],"wp:featuredmedia":[{"embeddable":true,"href":"https:\/\/routinesfashione.com\/es\/wp-json\/wp\/v2\/media\/28807"}],"wp:attachment":[{"href":"https:\/\/routinesfashione.com\/es\/wp-json\/wp\/v2\/media?parent=13861"}],"wp:term":[{"taxonomy":"product_brand","embeddable":true,"href":"https:\/\/routinesfashione.com\/es\/wp-json\/wp\/v2\/product_brand?post=13861"},{"taxonomy":"product_cat","embeddable":true,"href":"https:\/\/routinesfashione.com\/es\/wp-json\/wp\/v2\/product_cat?post=13861"},{"taxonomy":"product_tag","embeddable":true,"href":"https:\/\/routinesfashione.com\/es\/wp-json\/wp\/v2\/product_tag?post=13861"},{"taxonomy":"product_country","embeddable":true,"href":"https:\/\/routinesfashione.com\/es\/wp-json\/wp\/v2\/product_country?post=13861"}],"curies":[{"name":"wp","href":"https:\/\/api.w.org\/{rel}","templated":true}]}}