{"id":13920,"date":"2025-09-30T20:36:52","date_gmt":"2025-09-30T20:36:52","guid":{"rendered":"https:\/\/lightgray-crow-170497.hostingersite.com\/?post_type=product&#038;p=13920"},"modified":"2025-09-30T20:36:52","modified_gmt":"2025-09-30T20:36:52","slug":"delonghi-magnifica-evo-ecam292-81-b-ex2","status":"publish","type":"product","link":"https:\/\/routinesfashione.com\/es\/produit\/delonghi-magnifica-evo-ecam292-81-b-ex2\/","title":{"rendered":"De&#8217;Longhi Magnifica Evo ECAM292.81.B EX:2"},"content":{"rendered":"<table class=\"datasheet-list expanded\">\n<tbody>\n<tr class=\"datasheet-listItem datasheet-listItem--properties\">\n<td class=\"datasheet-listItemKey small-6 larger-4 columns\">Type de machine \u00e0 caf\u00e9<\/td>\n<td class=\"datasheet-listItemValue small-6 larger-8 columns\">Expresso broyeur<\/td>\n<\/tr>\n<tr class=\"datasheet-listItem datasheet-listItem--properties\">\n<td class=\"datasheet-listItemKey small-6 larger-4 columns\">S\u00e9rie<\/td>\n<td class=\"datasheet-listItemValue small-6 larger-8 columns\">De&#8217;Longhi Magnifica<\/td>\n<\/tr>\n<\/tbody>\n<tbody>\n<tr class=\"datasheet-listItem datasheet-listItem--group\">\n<th>Puissance &amp; Consommation \u00e9nerg\u00e9tique<\/th>\n<\/tr>\n<tr class=\"datasheet-listItem datasheet-listItem--properties\">\n<td class=\"datasheet-listItemKey small-6 larger-4 columns\">Puissance (W)<\/td>\n<td class=\"datasheet-listItemValue small-6 larger-8 columns\">1\u202f450\u00a0W<\/td>\n<\/tr>\n<tr class=\"datasheet-listItem datasheet-listItem--properties\">\n<td class=\"datasheet-listItemKey small-6 larger-4 columns\">Pression<\/td>\n<td class=\"datasheet-listItemValue small-6 larger-8 columns\">15\u00a0bars<\/td>\n<\/tr>\n<\/tbody>\n<tbody>\n<tr class=\"datasheet-listItem datasheet-listItem--group\">\n<th>Configuration et Fonctionnalit\u00e9<\/th>\n<\/tr>\n<tr class=\"datasheet-listItem datasheet-listItem--properties\">\n<td class=\"datasheet-listItemKey small-6 larger-4 columns\">Mes boissons<\/td>\n<td class=\"datasheet-listItemValue small-6 larger-8 columns\">Cappuccino, Expresso, Caf\u00e9 macchiato<\/td>\n<\/tr>\n<tr class=\"datasheet-listItem datasheet-listItem--properties\">\n<td class=\"datasheet-listItemKey small-6 larger-4 columns\">Adapt\u00e9 pour<\/td>\n<td class=\"datasheet-listItemValue small-6 larger-8 columns\">Caf\u00e9 en grain, Caf\u00e9 moulu<\/td>\n<\/tr>\n<tr class=\"datasheet-listItem datasheet-listItem--properties\">\n<td class=\"datasheet-listItemKey small-6 larger-4 columns\">Nombre de tasse(s)<\/td>\n<td class=\"datasheet-listItemValue small-6 larger-8 columns\">2<\/td>\n<\/tr>\n<tr class=\"datasheet-listItem datasheet-listItem--properties\">\n<td class=\"datasheet-listItemKey small-6 larger-4 columns\">Confort d&#8217;utilisation<\/td>\n<td class=\"datasheet-listItemValue small-6 larger-8 columns\">One Touch, Fonction eau chaude, Fonction 2 tasses<\/td>\n<\/tr>\n<\/tbody>\n<tbody>\n<tr class=\"datasheet-listItem datasheet-listItem--group\">\n<th>\u00c9quipement &amp; Capacit\u00e9<\/th>\n<\/tr>\n<tr class=\"datasheet-listItem datasheet-listItem--properties\">\n<td class=\"datasheet-listItemKey small-6 larger-4 columns\">Syst\u00e8mes \u00e0 lait<\/td>\n<td class=\"datasheet-listItemValue small-6 larger-8 columns\">Mousseur \u00e0 lait, R\u00e9servoir \u00e0 lait<\/td>\n<\/tr>\n<tr class=\"datasheet-listItem datasheet-listItem--properties\">\n<td class=\"datasheet-listItemKey small-6 larger-4 columns\">Capacit\u00e9 du r\u00e9servoir d&#8217;eau<\/td>\n<td class=\"datasheet-listItemValue small-6 larger-8 columns\">1,8\u00a0L<\/td>\n<\/tr>\n<tr class=\"datasheet-listItem datasheet-listItem--properties\">\n<td class=\"datasheet-listItemKey small-6 larger-4 columns\">Capacit\u00e9 du r\u00e9servoir \u00e0 grains<\/td>\n<td class=\"datasheet-listItemValue small-6 larger-8 columns\">250\u00a0g<\/td>\n<\/tr>\n<tr class=\"datasheet-listItem datasheet-listItem--properties\">\n<td class=\"datasheet-listItemKey small-6 larger-4 columns\">Finesse de mouture<\/td>\n<td class=\"datasheet-listItemValue small-6 larger-8 columns\">13\u00a0Niveaux<\/td>\n<\/tr>\n<tr class=\"datasheet-listItem datasheet-listItem--properties datasheet-listItem--collapsible\">\n<td class=\"datasheet-listItemKey small-6 larger-4 columns\">\u00c9quipement<\/td>\n<td class=\"datasheet-listItemValue small-6 larger-8 columns\">\u00c9quipement \u00e0 lait<\/td>\n<\/tr>\n<\/tbody>\n<tbody>\n<tr class=\"datasheet-listItem datasheet-listItem--group datasheet-listItem--collapsible\">\n<th>Entretien<\/th>\n<\/tr>\n<tr class=\"datasheet-listItem datasheet-listItem--properties datasheet-listItem--collapsible\">\n<td class=\"datasheet-listItemKey small-6 larger-4 columns\">Entretien<\/td>\n<td class=\"datasheet-listItemValue small-6 larger-8 columns\">D\u00e9tartrage automatique, Nettoyage automatique<\/td>\n<\/tr>\n<\/tbody>\n<tbody>\n<tr class=\"datasheet-listItem datasheet-listItem--group datasheet-listItem--collapsible\">\n<th>Caract\u00e9ristiques techniques<\/th>\n<\/tr>\n<tr class=\"datasheet-listItem datasheet-listItem--properties datasheet-listItem--collapsible\">\n<td class=\"datasheet-listItemKey small-6 larger-4 columns\">Couleur<\/td>\n<td class=\"datasheet-listItemValue small-6 larger-8 columns\">Noir<\/td>\n<\/tr>\n<\/tbody>\n<\/table>","protected":false},"excerpt":{"rendered":"<p>Type de machine \u00e0 caf\u00e9 Expresso broyeur S\u00e9rie De&#8217;Longhi Magnifica Puissance &amp; Consommation \u00e9nerg\u00e9tique Puissance (W) 1\u202f450\u00a0W Pression 15\u00a0bars Configuration<\/p>","protected":false},"featured_media":13921,"template":"","meta":[],"product_brand":[],"product_cat":[61],"product_tag":[1514],"product_country":[1503],"class_list":{"0":"post-13920","1":"product","2":"type-product","3":"status-publish","4":"has-post-thumbnail","6":"product_cat-sale-france","7":"product_tag-sale-france","8":"product_country-france","10":"first","11":"instock","12":"sale","13":"taxable","14":"shipping-taxable","15":"purchasable","16":"product-type-simple"},"_links":{"self":[{"href":"https:\/\/routinesfashione.com\/es\/wp-json\/wp\/v2\/product\/13920","targetHints":{"allow":["GET"]}}],"collection":[{"href":"https:\/\/routinesfashione.com\/es\/wp-json\/wp\/v2\/product"}],"about":[{"href":"https:\/\/routinesfashione.com\/es\/wp-json\/wp\/v2\/types\/product"}],"wp:featuredmedia":[{"embeddable":true,"href":"https:\/\/routinesfashione.com\/es\/wp-json\/wp\/v2\/media\/13921"}],"wp:attachment":[{"href":"https:\/\/routinesfashione.com\/es\/wp-json\/wp\/v2\/media?parent=13920"}],"wp:term":[{"taxonomy":"product_brand","embeddable":true,"href":"https:\/\/routinesfashione.com\/es\/wp-json\/wp\/v2\/product_brand?post=13920"},{"taxonomy":"product_cat","embeddable":true,"href":"https:\/\/routinesfashione.com\/es\/wp-json\/wp\/v2\/product_cat?post=13920"},{"taxonomy":"product_tag","embeddable":true,"href":"https:\/\/routinesfashione.com\/es\/wp-json\/wp\/v2\/product_tag?post=13920"},{"taxonomy":"product_country","embeddable":true,"href":"https:\/\/routinesfashione.com\/es\/wp-json\/wp\/v2\/product_country?post=13920"}],"curies":[{"name":"wp","href":"https:\/\/api.w.org\/{rel}","templated":true}]}}