{"id":13945,"date":"2025-09-30T20:36:51","date_gmt":"2025-09-30T20:36:51","guid":{"rendered":"https:\/\/lightgray-crow-170497.hostingersite.com\/?post_type=product&#038;p=13945"},"modified":"2025-09-30T20:36:51","modified_gmt":"2025-09-30T20:36:51","slug":"delonghi-expresso-broyeur-magnifica-plus-feb3270-tb","status":"publish","type":"product","link":"https:\/\/routinesfashione.com\/es\/produit\/delonghi-expresso-broyeur-magnifica-plus-feb3270-tb\/","title":{"rendered":"DELONGHI Expresso Broyeur Magnifica Plus FEB3270.TB"},"content":{"rendered":"<div class=\"o-product-detail-informations__description\">\n<table>\n<tbody>\n<tr>\n<td>\u00e9cran couleur tactile :<\/td>\n<td>Oui<\/td>\n<\/tr>\n<tr>\n<td>Indicateur de d\u00e9tartrage : :<\/td>\n<td>Oui<\/td>\n<\/tr>\n<tr>\n<td>Largeur produit :<\/td>\n<td>24 cm<\/td>\n<\/tr>\n<tr>\n<td>Nettoyage :<\/td>\n<td>programme de nettoyage int\u00e9gr\u00e9<\/td>\n<\/tr>\n<\/tbody>\n<\/table>\n<p>&nbsp;<\/p>\n<\/div>\n<p class=\"a-text-warranty\">Tous les produits vendus par Leroy Merlin et par les vendeurs b\u00e9n\u00e9ficient de la garantie l\u00e9gale de conformit\u00e9 de 2 ans \u00e0 compter de leur d\u00e9livrance.<br \/>\nRetrouvez les conditions et modalit\u00e9s de mise en \u0153uvre des garanties (l\u00e9gales et commerciales) dans les fiches produits, les conditions g\u00e9n\u00e9rales de vente, en magasin ou sur la page de chaque vendeur pour les articles signal\u00e9s &#8222;Vendu par &#8222;.<\/p>","protected":false},"excerpt":{"rendered":"<p>\u00e9cran couleur tactile : Oui Indicateur de d\u00e9tartrage : : Oui Largeur produit : 24 cm Nettoyage : programme de<\/p>","protected":false},"featured_media":13946,"template":"","meta":[],"product_brand":[],"product_cat":[61],"product_tag":[1514],"product_country":[1503],"class_list":{"0":"post-13945","1":"product","2":"type-product","3":"status-publish","4":"has-post-thumbnail","6":"product_cat-sale-france","7":"product_tag-sale-france","8":"product_country-france","10":"first","11":"instock","12":"sale","13":"taxable","14":"shipping-taxable","15":"purchasable","16":"product-type-simple"},"_links":{"self":[{"href":"https:\/\/routinesfashione.com\/es\/wp-json\/wp\/v2\/product\/13945","targetHints":{"allow":["GET"]}}],"collection":[{"href":"https:\/\/routinesfashione.com\/es\/wp-json\/wp\/v2\/product"}],"about":[{"href":"https:\/\/routinesfashione.com\/es\/wp-json\/wp\/v2\/types\/product"}],"wp:featuredmedia":[{"embeddable":true,"href":"https:\/\/routinesfashione.com\/es\/wp-json\/wp\/v2\/media\/13946"}],"wp:attachment":[{"href":"https:\/\/routinesfashione.com\/es\/wp-json\/wp\/v2\/media?parent=13945"}],"wp:term":[{"taxonomy":"product_brand","embeddable":true,"href":"https:\/\/routinesfashione.com\/es\/wp-json\/wp\/v2\/product_brand?post=13945"},{"taxonomy":"product_cat","embeddable":true,"href":"https:\/\/routinesfashione.com\/es\/wp-json\/wp\/v2\/product_cat?post=13945"},{"taxonomy":"product_tag","embeddable":true,"href":"https:\/\/routinesfashione.com\/es\/wp-json\/wp\/v2\/product_tag?post=13945"},{"taxonomy":"product_country","embeddable":true,"href":"https:\/\/routinesfashione.com\/es\/wp-json\/wp\/v2\/product_country?post=13945"}],"curies":[{"name":"wp","href":"https:\/\/api.w.org\/{rel}","templated":true}]}}