{"id":13963,"date":"2025-09-30T20:36:51","date_gmt":"2025-09-30T20:36:51","guid":{"rendered":"https:\/\/lightgray-crow-170497.hostingersite.com\/?post_type=product&#038;p=13963"},"modified":"2025-09-30T20:36:51","modified_gmt":"2025-09-30T20:36:51","slug":"delonghi-expresso-broyeur-magnifica-evo-next-ecam310-80-sb","status":"publish","type":"product","link":"https:\/\/routinesfashione.com\/es\/produit\/delonghi-expresso-broyeur-magnifica-evo-next-ecam310-80-sb\/","title":{"rendered":"Delonghi Expresso Broyeur Magnifica Evo next ECAM310.80.SB"},"content":{"rendered":"<p>Avec la Magnifica Evo Next, vous faites l&#8217;exp\u00e9rience de la combinaison parfaite entre la longue expertise de De&#8217;Longhi, l&#8217;innovation et la technologie de pointe pour un plaisir du caf\u00e9 exceptionnel. Avec un choix de 10 recettes, elle satisfait tous les go\u00fbts en mati\u00e8re de caf\u00e9 et permet une utilisation facile gr\u00e2ce \u00e0 son interface conviviale avec des ic\u00f4nes en couleur et un \u00e9cran TFT. Personnalisez vos boissons avec 5 tailles, 4 niveaux d&#8217;intensit\u00e9 et 3 options de temp\u00e9rature et profitez d&#8217;une mousse fine et g\u00e9n\u00e9reuse gr\u00e2ce \u00e0 la technologie LatteCrema Hot pour toutes vos boissons lact\u00e9es.<\/p>\n<div>\n<ul>\n<li>Savourez un caf\u00e9 riche en ar\u00f4me et en saveurs, \u00e0 base de grains fra\u00eechement moulus<\/li>\n<li>La technologie LatteCrema Hot couvre vos boissons d\u2019une mousse de lait d\u00e9licate et riche<\/li>\n<li>\u00c9cran couleur TFT de 2,4\u00a0pouces convivial dot\u00e9 de 8\u00a0boutons soft touch couleurs<\/li>\n<li>Choisissez parmi 13\u00a0boissons avec un niveau \u00e9lev\u00e9 de personnalisation<\/li>\n<li>Facile \u00e0 nettoyer gr\u00e2ce \u00e0 ses composants compatibles lave-vaisselle<\/li>\n<li class=\"css-mkag2e\">\n<div class=\"css-5p4q41\">\n<p class=\"chakra-text css-1kdd5jo\">Pression de la pompe (bar)<\/p>\n<p class=\"chakra-text css-1kdd5jo\">15<\/p>\n<\/div>\n<\/li>\n<li class=\"css-mkag2e\">\n<div class=\"css-5p4q41\">\n<p class=\"chakra-text css-1kdd5jo\">Contenance du r\u00e9servoir \u00e0 eau (l)<\/p>\n<p class=\"chakra-text css-1kdd5jo\">1.8<\/p>\n<\/div>\n<\/li>\n<li class=\"css-mkag2e\">\n<div class=\"css-5p4q41\">\n<p class=\"chakra-text css-1kdd5jo\">Capacit\u00e9 du bac \u00e0 marc (n)<\/p>\n<p class=\"chakra-text css-1kdd5jo\">14<\/p>\n<\/div>\n<\/li>\n<li class=\"css-mkag2e\">\n<div class=\"css-5p4q41\">\n<p class=\"chakra-text css-1kdd5jo\">Puissance d\u2019entr\u00e9e (W)<\/p>\n<p class=\"chakra-text css-1kdd5jo\">1450<\/p>\n<\/div>\n<\/li>\n<li class=\"css-mkag2e\">\n<div class=\"css-5p4q41\">\n<p class=\"chakra-text css-1kdd5jo\">Tension\/fr\u00e9quence nominale (V~Hz)<\/p>\n<p class=\"chakra-text css-1kdd5jo\">220-240 V \/ 50-60 Hz<\/p>\n<\/div>\n<\/li>\n<li class=\"css-mkag2e\">\n<div class=\"css-5p4q41\">\n<p class=\"chakra-text css-1kdd5jo\">Capacit\u00e9 utiles<\/p>\n<p class=\"chakra-text css-1kdd5jo\">250G<\/p>\n<\/div>\n<\/li>\n<li class=\"css-mkag2e\">\n<div class=\"css-5p4q41\">\n<p class=\"chakra-text css-1kdd5jo\">Poids du produit (kg)<\/p>\n<p class=\"chakra-text css-1kdd5jo\">11.92<\/p>\n<\/div>\n<\/li>\n<li class=\"css-mkag2e\">\n<div class=\"css-5p4q41\">\n<p class=\"chakra-text css-1kdd5jo\">Sku<\/p>\n<p class=\"chakra-text css-1kdd5jo\">0132250084<\/p>\n<\/div>\n<\/li>\n<li class=\"css-mkag2e\">\n<div class=\"css-5p4q41\">\n<p class=\"chakra-text css-1kdd5jo\">Dimensions du produit<\/p>\n<p class=\"chakra-text css-1kdd5jo\">240x440x360<\/p>\n<\/div>\n<\/li>\n<\/ul>\n<\/div>","protected":false},"excerpt":{"rendered":"<p>Avec la Magnifica Evo Next, vous faites l&#8217;exp\u00e9rience de la combinaison parfaite entre la longue expertise de De&#8217;Longhi, l&#8217;innovation et<\/p>","protected":false},"featured_media":13964,"template":"","meta":[],"product_brand":[],"product_cat":[61],"product_tag":[1514],"product_country":[1503],"class_list":{"0":"post-13963","1":"product","2":"type-product","3":"status-publish","4":"has-post-thumbnail","6":"product_cat-sale-france","7":"product_tag-sale-france","8":"product_country-france","10":"first","11":"instock","12":"sale","13":"taxable","14":"shipping-taxable","15":"purchasable","16":"product-type-simple"},"_links":{"self":[{"href":"https:\/\/routinesfashione.com\/es\/wp-json\/wp\/v2\/product\/13963","targetHints":{"allow":["GET"]}}],"collection":[{"href":"https:\/\/routinesfashione.com\/es\/wp-json\/wp\/v2\/product"}],"about":[{"href":"https:\/\/routinesfashione.com\/es\/wp-json\/wp\/v2\/types\/product"}],"wp:featuredmedia":[{"embeddable":true,"href":"https:\/\/routinesfashione.com\/es\/wp-json\/wp\/v2\/media\/13964"}],"wp:attachment":[{"href":"https:\/\/routinesfashione.com\/es\/wp-json\/wp\/v2\/media?parent=13963"}],"wp:term":[{"taxonomy":"product_brand","embeddable":true,"href":"https:\/\/routinesfashione.com\/es\/wp-json\/wp\/v2\/product_brand?post=13963"},{"taxonomy":"product_cat","embeddable":true,"href":"https:\/\/routinesfashione.com\/es\/wp-json\/wp\/v2\/product_cat?post=13963"},{"taxonomy":"product_tag","embeddable":true,"href":"https:\/\/routinesfashione.com\/es\/wp-json\/wp\/v2\/product_tag?post=13963"},{"taxonomy":"product_country","embeddable":true,"href":"https:\/\/routinesfashione.com\/es\/wp-json\/wp\/v2\/product_country?post=13963"}],"curies":[{"name":"wp","href":"https:\/\/api.w.org\/{rel}","templated":true}]}}